{"id":26905,"date":"2020-04-02T20:03:58","date_gmt":"2020-04-03T00:03:58","guid":{"rendered":"https:\/\/complx.ca\/?page_id=26905"},"modified":"2020-04-03T14:44:04","modified_gmt":"2020-04-03T18:44:04","slug":"termes-et-conditions","status":"publish","type":"page","link":"https:\/\/complx.ca\/en\/termes-et-conditions\/","title":{"rendered":"Terms and conditions"},"content":{"rendered":"<div data-elementor-type=\"wp-page\" data-elementor-id=\"26905\" class=\"elementor elementor-26905\" data-elementor-post-type=\"page\">\n\t\t\t\t\t\t<section class=\"elementor-section elementor-top-section elementor-element elementor-element-29a23283 elementor-section-boxed elementor-section-height-default elementor-section-height-default\" data-id=\"29a23283\" data-element_type=\"section\">\n\t\t\t\t\t\t<div class=\"elementor-container elementor-column-gap-default\">\n\t\t\t\t\t<div class=\"elementor-column elementor-col-100 elementor-top-column elementor-element elementor-element-70b8f663\" data-id=\"70b8f663\" data-element_type=\"column\">\n\t\t\t<div class=\"elementor-widget-wrap elementor-element-populated\">\n\t\t\t\t\t\t<div class=\"elementor-element elementor-element-251e645 elementor-widget elementor-widget-text-editor\" data-id=\"251e645\" data-element_type=\"widget\" data-widget_type=\"text-editor.default\">\n\t\t\t\t<div class=\"elementor-widget-container\">\n\t\t\t\t\t\t\t\t\t<div>\n<h3 class=\"cci-header-1\">Clause 1: Purpose<\/h3>\nThe general conditions of sale described below detail the rights and obligations of Complexe X and its customer in the context of the sale of the following services: online training. Any service provided by Complexe X therefore implies the buyer's unreserved acceptance of these general conditions of sale.<\/div>\n<h3 class=\"cci-header-1\">Clause 2: Price<\/h3>\n<div>The prices of the courses sold are those in force on the day the order is placed. They are denominated in Canadian dollars and calculated exclusive of tax. Consequently, they will be increased by the GST\/QST rate and transport costs if applicable on the day the order is placed.<br \/>Complexe X reserves the right to modify its prices at any time. However, it undertakes to invoice the training courses ordered at the prices indicated when the order is placed.<\/div>\n<div>\n<h3 class=\"cci-header-1\">Clause 3: Discounts\u00a0<\/h3>\nThe prices quoted include any discounts and rebates that Complexe X may grant on the basis of its results or the fact that the purchaser is responsible for certain services.<\/div>\n<div>\n<h3 class=\"cci-header-1\">Clause 4: Discount<\/h3>\nNo discount will be granted for early payment.\n<h3 class=\"cci-header-1\">Clause 5: Terms of payment<\/h3>\n<p class=\"cci-header-1\">Orders can be paid for either by Visa or Mastercard. <span style=\"font-size: 16px;\">When the order is registered, the buyer pays the total amount of the invoice to gain access to the course.<\/span><\/p>\n<\/div>\n<div>\n<h3 class=\"cci-header-1\">Clause 6: Default of payment<\/h3>\nIn the event of non-payment, the transaction will be automatically rejected by the system.<\/div>\n<div>\n<h3 class=\"cci-header-1\">Clause 7: Intellectual property reserve clause<\/h3>\nComplexe X retains the intellectual property rights to the training courses sold.\u00a0<\/div>\n<div>\n<h3 class=\"cci-header-1\">Clause 8: Delivery<\/h3>\n<p>The training course is delivered by sending a user code by email. <span style=\"font-size: 16px;\">Access to training is immediate. <\/span><span style=\"font-size: 16px;\">Consequently, any reasonable delay in the delivery of the training will not entitle the purchaser to <\/span><span style=\"font-size: 16px;\">the award of damages.<\/span><\/p>\n<\/div>\n<div>\n<h3 class=\"cci-header-1\">Clause 9: Force majeure<\/h3>\nComplexe X cannot be held responsible if the non-execution or delay in the execution of one of its obligations described in these general terms and conditions of sale results from a case of force majeure. In this respect, force majeure is defined as any external, unforeseeable and irresistible event within the meaning of the law.<\/div>\t\t\t\t\t\t\t\t<\/div>\n\t\t\t\t<\/div>\n\t\t\t\t\t<\/div>\n\t\t<\/div>\n\t\t\t\t\t<\/div>\n\t\t<\/section>\n\t\t\t\t<\/div>","protected":false},"excerpt":{"rendered":"<p>Clause n\u00b0 1 : Objet Les conditions g\u00e9n\u00e9rales de vente d\u00e9crites ci-apr\u00e8s d\u00e9taillent les droits et obligations de Complexe X et de son client dans le cadre de la vente des services suivants: formation en ligne. Toute prestation accomplie par Complexe X implique donc l&#8217;adh\u00e9sion sans r\u00e9serve de l&#8217;acheteur aux pr\u00e9sentes conditions g\u00e9n\u00e9rales de vente. [&hellip;]<\/p>","protected":false},"author":3,"featured_media":0,"parent":0,"menu_order":0,"comment_status":"closed","ping_status":"closed","template":"","meta":{"_acf_changed":false,"content-type":"","site-sidebar-layout":"default","site-content-layout":"default","ast-site-content-layout":"default","site-content-style":"default","site-sidebar-style":"default","ast-global-header-display":"","ast-banner-title-visibility":"","ast-main-header-display":"","ast-hfb-above-header-display":"","ast-hfb-below-header-display":"","ast-hfb-mobile-header-display":"","site-post-title":"","ast-breadcrumbs-content":"","ast-featured-img":"","footer-sml-layout":"","ast-disable-related-posts":"","theme-transparent-header-meta":"default","adv-header-id-meta":"","stick-header-meta":"","header-above-stick-meta":"","header-main-stick-meta":"","header-below-stick-meta":"","astra-migrate-meta-layouts":"default","ast-page-background-enabled":"default","ast-page-background-meta":{"desktop":{"background-color":"","background-image":"","background-repeat":"repeat","background-position":"center center","background-size":"auto","background-attachment":"scroll","background-type":"","background-media":"","overlay-type":"","overlay-color":"","overlay-opacity":"","overlay-gradient":""},"tablet":{"background-color":"","background-image":"","background-repeat":"repeat","background-position":"center center","background-size":"auto","background-attachment":"scroll","background-type":"","background-media":"","overlay-type":"","overlay-color":"","overlay-opacity":"","overlay-gradient":""},"mobile":{"background-color":"","background-image":"","background-repeat":"repeat","background-position":"center center","background-size":"auto","background-attachment":"scroll","background-type":"","background-media":"","overlay-type":"","overlay-color":"","overlay-opacity":"","overlay-gradient":""}},"ast-content-background-meta":{"desktop":{"background-color":"var(--ast-global-color-5)","background-image":"","background-repeat":"repeat","background-position":"center center","background-size":"auto","background-attachment":"scroll","background-type":"","background-media":"","overlay-type":"","overlay-color":"","overlay-opacity":"","overlay-gradient":""},"tablet":{"background-color":"var(--ast-global-color-5)","background-image":"","background-repeat":"repeat","background-position":"center center","background-size":"auto","background-attachment":"scroll","background-type":"","background-media":"","overlay-type":"","overlay-color":"","overlay-opacity":"","overlay-gradient":""},"mobile":{"background-color":"var(--ast-global-color-5)","background-image":"","background-repeat":"repeat","background-position":"center center","background-size":"auto","background-attachment":"scroll","background-type":"","background-media":"","overlay-type":"","overlay-color":"","overlay-opacity":"","overlay-gradient":""}},"footnotes":""},"class_list":["post-26905","page","type-page","status-publish","hentry"],"acf":[],"_links":{"self":[{"href":"https:\/\/complx.ca\/en\/wp-json\/wp\/v2\/pages\/26905","targetHints":{"allow":["GET"]}}],"collection":[{"href":"https:\/\/complx.ca\/en\/wp-json\/wp\/v2\/pages"}],"about":[{"href":"https:\/\/complx.ca\/en\/wp-json\/wp\/v2\/types\/page"}],"author":[{"embeddable":true,"href":"https:\/\/complx.ca\/en\/wp-json\/wp\/v2\/users\/3"}],"replies":[{"embeddable":true,"href":"https:\/\/complx.ca\/en\/wp-json\/wp\/v2\/comments?post=26905"}],"version-history":[{"count":8,"href":"https:\/\/complx.ca\/en\/wp-json\/wp\/v2\/pages\/26905\/revisions"}],"predecessor-version":[{"id":26956,"href":"https:\/\/complx.ca\/en\/wp-json\/wp\/v2\/pages\/26905\/revisions\/26956"}],"wp:attachment":[{"href":"https:\/\/complx.ca\/en\/wp-json\/wp\/v2\/media?parent=26905"}],"curies":[{"name":"wp","href":"https:\/\/api.w.org\/{rel}","templated":true}]}}