{"id":66401,"date":"2024-07-11T13:44:49","date_gmt":"2024-07-11T17:44:49","guid":{"rendered":"https:\/\/complx.ca\/?page_id=66401"},"modified":"2026-02-24T14:39:59","modified_gmt":"2026-02-24T19:39:59","slug":"formation-leadership-au-feminin-2","status":"publish","type":"page","link":"https:\/\/complx.ca\/en\/formation-leadership-au-feminin-2\/","title":{"rendered":"Leadership training for women"},"content":{"rendered":"<div data-elementor-type=\"wp-page\" data-elementor-id=\"66401\" class=\"elementor elementor-66401\" data-elementor-post-type=\"page\">\n\t\t\t\t<div class=\"elementor-element elementor-element-1abf2059 e-flex e-con-boxed e-con e-parent\" data-id=\"1abf2059\" data-element_type=\"container\" data-settings=\"{&quot;background_background&quot;:&quot;classic&quot;}\">\n\t\t\t\t\t<div class=\"e-con-inner\">\n\t\t<div class=\"elementor-element elementor-element-15245765 e-con-full e-flex e-con e-child\" data-id=\"15245765\" data-element_type=\"container\">\n\t\t\t\t<div class=\"elementor-element elementor-element-aeebea9 elementor-widget elementor-widget-image\" data-id=\"aeebea9\" data-element_type=\"widget\" data-widget_type=\"image.default\">\n\t\t\t\t<div class=\"elementor-widget-container\">\n\t\t\t\t\t\t\t\t\t\t\t\t\t\t\t\t<a href=\"https:\/\/complx.ca\/en\/\">\n\t\t\t\t\t\t\t<img decoding=\"async\" width=\"150\" height=\"150\" src=\"https:\/\/complx.ca\/wp-content\/uploads\/2024\/07\/ComplexeX_logos_secondaire-150x150.png\" class=\"attachment-thumbnail size-thumbnail wp-image-66167\" alt=\"TCFQ\" srcset=\"https:\/\/complx.ca\/wp-content\/uploads\/2024\/07\/ComplexeX_logos_secondaire-150x150.png 150w, https:\/\/complx.ca\/wp-content\/uploads\/2024\/07\/ComplexeX_logos_secondaire-300x300.png 300w, https:\/\/complx.ca\/wp-content\/uploads\/2024\/07\/ComplexeX_logos_secondaire-100x100.png 100w\" sizes=\"(max-width: 150px) 100vw, 150px\" \/>\t\t\t\t\t\t\t\t<\/a>\n\t\t\t\t\t\t\t\t\t\t\t\t\t\t\t<\/div>\n\t\t\t\t<\/div>\n\t\t\t\t<div class=\"elementor-element elementor-element-6a7ec149 elementor-widget elementor-widget-heading\" data-id=\"6a7ec149\" data-element_type=\"widget\" data-widget_type=\"heading.default\">\n\t\t\t\t<div class=\"elementor-widget-container\">\n\t\t\t\t\t<h6 class=\"elementor-heading-title elementor-size-default\">Complex X Present<\/h6>\t\t\t\t<\/div>\n\t\t\t\t<\/div>\n\t\t\t\t<div class=\"elementor-element elementor-element-451e6e36 elementor-widget elementor-widget-heading\" data-id=\"451e6e36\" data-element_type=\"widget\" data-widget_type=\"heading.default\">\n\t\t\t\t<div class=\"elementor-widget-container\">\n\t\t\t\t\t<h1 class=\"elementor-heading-title elementor-size-default\">Leadership for women<\/h1>\t\t\t\t<\/div>\n\t\t\t\t<\/div>\n\t\t\t\t<div class=\"elementor-element elementor-element-bad4437 elementor-widget elementor-widget-heading\" data-id=\"bad4437\" data-element_type=\"widget\" data-widget_type=\"heading.default\">\n\t\t\t\t<div class=\"elementor-widget-container\">\n\t\t\t\t\t<h3 class=\"elementor-heading-title elementor-size-default\">Bring out your full potential with a great gang of girls!<br><\/h3>\t\t\t\t<\/div>\n\t\t\t\t<\/div>\n\t\t<div class=\"elementor-element elementor-element-9befe29 e-flex e-con-boxed e-con e-child\" data-id=\"9befe29\" data-element_type=\"container\">\n\t\t\t\t\t<div class=\"e-con-inner\">\n\t\t\t\t<div class=\"elementor-element elementor-element-5cfeeafb elementor-widget__width-auto elementor-widget-mobile__width-inherit elementor-mobile-align-justify elementor-widget elementor-widget-button\" data-id=\"5cfeeafb\" data-element_type=\"widget\" data-widget_type=\"button.default\">\n\t\t\t\t<div class=\"elementor-widget-container\">\n\t\t\t\t\t\t\t\t\t<div class=\"elementor-button-wrapper\">\n\t\t\t\t\t<a class=\"elementor-button elementor-button-link elementor-size-sm\" href=\"https:\/\/complx.ca\/en\/boutique\/aut25-leadership-au-feminin-2-0\/\">\n\t\t\t\t\t\t<span class=\"elementor-button-content-wrapper\">\n\t\t\t\t\t\t\t\t\t<span class=\"elementor-button-text\">Commander<\/span>\n\t\t\t\t\t<\/span>\n\t\t\t\t\t<\/a>\n\t\t\t\t<\/div>\n\t\t\t\t\t\t\t\t<\/div>\n\t\t\t\t<\/div>\n\t\t\t\t<div class=\"elementor-element elementor-element-5ec2ecb9 elementor-widget__width-auto elementor-widget-mobile__width-inherit elementor-mobile-align-center elementor-widget elementor-widget-button\" data-id=\"5ec2ecb9\" data-element_type=\"widget\" data-widget_type=\"button.default\">\n\t\t\t\t<div class=\"elementor-widget-container\">\n\t\t\t\t\t\t\t\t\t<div class=\"elementor-button-wrapper\">\n\t\t\t\t\t<a class=\"elementor-button elementor-button-link elementor-size-sm\" href=\"https:\/\/leadershipaufeminin.ca\/\" target=\"_blank\" rel=\"noopener\">\n\t\t\t\t\t\t<span class=\"elementor-button-content-wrapper\">\n\t\t\t\t\t\t<span class=\"elementor-button-icon\">\n\t\t\t\t<i aria-hidden=\"true\" class=\"fas fa-angle-right\"><\/i>\t\t\t<\/span>\n\t\t\t\t\t\t\t\t\t<span class=\"elementor-button-text\">Find out more<\/span>\n\t\t\t\t\t<\/span>\n\t\t\t\t\t<\/a>\n\t\t\t\t<\/div>\n\t\t\t\t\t\t\t\t<\/div>\n\t\t\t\t<\/div>\n\t\t\t\t\t<\/div>\n\t\t\t\t<\/div>\n\t\t\t\t<div class=\"elementor-element elementor-element-5b72a49 elementor-widget elementor-widget-spacer\" data-id=\"5b72a49\" data-element_type=\"widget\" data-widget_type=\"spacer.default\">\n\t\t\t\t<div class=\"elementor-widget-container\">\n\t\t\t\t\t\t\t<div class=\"elementor-spacer\">\n\t\t\t<div class=\"elementor-spacer-inner\"><\/div>\n\t\t<\/div>\n\t\t\t\t\t\t<\/div>\n\t\t\t\t<\/div>\n\t\t\t\t<\/div>\n\t\t\t\t<div class=\"elementor-element elementor-element-a28c35d elementor-widget elementor-widget-image\" data-id=\"a28c35d\" data-element_type=\"widget\" data-widget_type=\"image.default\">\n\t\t\t\t<div class=\"elementor-widget-container\">\n\t\t\t\t\t\t\t\t\t\t\t\t\t\t\t<img fetchpriority=\"high\" decoding=\"async\" width=\"800\" height=\"800\" src=\"https:\/\/complx.ca\/wp-content\/uploads\/2025\/07\/1POUR1-LAF-GENERIQUE-1.jpg\" class=\"attachment-large size-large wp-image-73181\" alt=\"\" srcset=\"https:\/\/complx.ca\/wp-content\/uploads\/2025\/07\/1POUR1-LAF-GENERIQUE-1.jpg 800w, https:\/\/complx.ca\/wp-content\/uploads\/2025\/07\/1POUR1-LAF-GENERIQUE-1-300x300.jpg 300w, https:\/\/complx.ca\/wp-content\/uploads\/2025\/07\/1POUR1-LAF-GENERIQUE-1-150x150.jpg 150w, https:\/\/complx.ca\/wp-content\/uploads\/2025\/07\/1POUR1-LAF-GENERIQUE-1-768x768.jpg 768w, https:\/\/complx.ca\/wp-content\/uploads\/2025\/07\/1POUR1-LAF-GENERIQUE-1-12x12.jpg 12w, https:\/\/complx.ca\/wp-content\/uploads\/2025\/07\/1POUR1-LAF-GENERIQUE-1-600x600.jpg 600w, https:\/\/complx.ca\/wp-content\/uploads\/2025\/07\/1POUR1-LAF-GENERIQUE-1-100x100.jpg 100w\" sizes=\"(max-width: 800px) 100vw, 800px\" \/>\t\t\t\t\t\t\t\t\t\t\t\t\t\t\t<\/div>\n\t\t\t\t<\/div>\n\t\t\t\t\t<\/div>\n\t\t\t\t<\/div>\n\t\t<div class=\"elementor-element elementor-element-e19027b e-flex e-con-boxed e-con e-parent\" data-id=\"e19027b\" data-element_type=\"container\">\n\t\t\t\t\t<div class=\"e-con-inner\">\n\t\t\t\t<div class=\"elementor-element elementor-element-6fb7c1a elementor-widget-divider--view-line elementor-widget elementor-widget-divider\" data-id=\"6fb7c1a\" data-element_type=\"widget\" data-widget_type=\"divider.default\">\n\t\t\t\t<div class=\"elementor-widget-container\">\n\t\t\t\t\t\t\t<div class=\"elementor-divider\">\n\t\t\t<span class=\"elementor-divider-separator\">\n\t\t\t\t\t\t<\/span>\n\t\t<\/div>\n\t\t\t\t\t\t<\/div>\n\t\t\t\t<\/div>\n\t\t\t\t<div class=\"elementor-element elementor-element-6976e23 elementor-align-center elementor-widget elementor-widget-button\" data-id=\"6976e23\" data-element_type=\"widget\" data-widget_type=\"button.default\">\n\t\t\t\t<div class=\"elementor-widget-container\">\n\t\t\t\t\t\t\t\t\t<div class=\"elementor-button-wrapper\">\n\t\t\t\t\t<a class=\"elementor-button elementor-button-link elementor-size-sm\" href=\"https:\/\/complx.ca\/en\/boutique\/aut25-leadership-au-feminin-2-0\/\">\n\t\t\t\t\t\t<span class=\"elementor-button-content-wrapper\">\n\t\t\t\t\t\t\t\t\t<span class=\"elementor-button-text\">I would like to register<\/span>\n\t\t\t\t\t<\/span>\n\t\t\t\t\t<\/a>\n\t\t\t\t<\/div>\n\t\t\t\t\t\t\t\t<\/div>\n\t\t\t\t<\/div>\n\t\t\t\t<div class=\"elementor-element elementor-element-cb884f1 elementor-widget elementor-widget-image-gallery\" data-id=\"cb884f1\" data-element_type=\"widget\" data-widget_type=\"image-gallery.default\">\n\t\t\t\t<div class=\"elementor-widget-container\">\n\t\t\t\t\t\t\t<div class=\"elementor-image-gallery\">\n\t\t\t<div id='gallery-1' class='gallery galleryid-66401 gallery-columns-4 gallery-size-woocommerce_thumbnail'><figure class='gallery-item'>\n\t\t\t<div class='gallery-icon portrait'>\n\t\t\t\t<a data-elementor-open-lightbox=\"yes\" data-elementor-lightbox-slideshow=\"cb884f1\" data-elementor-lightbox-title=\"20241218_100003\" data-e-action-hash=\"#elementor-action%3Aaction%3Dlightbox%26settings%3DeyJpZCI6NzMxMzMsInVybCI6Imh0dHBzOlwvXC9jb21wbHguY2FcL3dwLWNvbnRlbnRcL3VwbG9hZHNcLzIwMjVcLzA3XC8yMDI0MTIxOF8xMDAwMDMtc2NhbGVkLmpwZyIsInNsaWRlc2hvdyI6ImNiODg0ZjEifQ%3D%3D\" href=\"https:\/\/complx.ca\/wp-content\/uploads\/2025\/07\/20241218_100003-scaled.jpg\"><img decoding=\"async\" width=\"300\" height=\"300\" src=\"https:\/\/complx.ca\/wp-content\/uploads\/2025\/07\/20241218_100003-300x300.jpg\" class=\"attachment-woocommerce_thumbnail size-woocommerce_thumbnail\" alt=\"\" aria-describedby=\"gallery-1-73133\" srcset=\"https:\/\/complx.ca\/wp-content\/uploads\/2025\/07\/20241218_100003-300x300.jpg 300w, https:\/\/complx.ca\/wp-content\/uploads\/2025\/07\/20241218_100003-150x150.jpg 150w, https:\/\/complx.ca\/wp-content\/uploads\/2025\/07\/20241218_100003-100x100.jpg 100w\" sizes=\"(max-width: 300px) 100vw, 300px\" \/><\/a>\n\t\t\t<\/div>\n\t\t\t\t<figcaption class='wp-caption-text gallery-caption' id='gallery-1-73133'>\n\t\t\t\tReady for the stage!\n\t\t\t\t<\/figcaption><\/figure><figure class='gallery-item'>\n\t\t\t<div class='gallery-icon portrait'>\n\t\t\t\t<a data-elementor-open-lightbox=\"yes\" data-elementor-lightbox-slideshow=\"cb884f1\" data-elementor-lightbox-title=\"20250410_084324\" data-e-action-hash=\"#elementor-action%3Aaction%3Dlightbox%26settings%3DeyJpZCI6NzMxNDQsInVybCI6Imh0dHBzOlwvXC9jb21wbHguY2FcL3dwLWNvbnRlbnRcL3VwbG9hZHNcLzIwMjVcLzA3XC8yMDI1MDQxMF8wODQzMjQtc2NhbGVkLmpwZyIsInNsaWRlc2hvdyI6ImNiODg0ZjEifQ%3D%3D\" href=\"https:\/\/complx.ca\/wp-content\/uploads\/2025\/07\/20250410_084324-scaled.jpg\"><img loading=\"lazy\" decoding=\"async\" width=\"300\" height=\"300\" src=\"https:\/\/complx.ca\/wp-content\/uploads\/2025\/07\/20250410_084324-300x300.jpg\" class=\"attachment-woocommerce_thumbnail size-woocommerce_thumbnail\" alt=\"\" aria-describedby=\"gallery-1-73144\" srcset=\"https:\/\/complx.ca\/wp-content\/uploads\/2025\/07\/20250410_084324-300x300.jpg 300w, https:\/\/complx.ca\/wp-content\/uploads\/2025\/07\/20250410_084324-150x150.jpg 150w, https:\/\/complx.ca\/wp-content\/uploads\/2025\/07\/20250410_084324-100x100.jpg 100w\" sizes=\"(max-width: 300px) 100vw, 300px\" \/><\/a>\n\t\t\t<\/div>\n\t\t\t\t<figcaption class='wp-caption-text gallery-caption' id='gallery-1-73144'>\n\t\t\t\tOn fire for training\n\t\t\t\t<\/figcaption><\/figure><figure class='gallery-item'>\n\t\t\t<div class='gallery-icon portrait'>\n\t\t\t\t<a data-elementor-open-lightbox=\"yes\" data-elementor-lightbox-slideshow=\"cb884f1\" data-elementor-lightbox-title=\"20240918_085205\" data-e-action-hash=\"#elementor-action%3Aaction%3Dlightbox%26settings%3DeyJpZCI6NzMxMjUsInVybCI6Imh0dHBzOlwvXC9jb21wbHguY2FcL3dwLWNvbnRlbnRcL3VwbG9hZHNcLzIwMjVcLzA3XC8yMDI0MDkxOF8wODUyMDUtc2NhbGVkLmpwZyIsInNsaWRlc2hvdyI6ImNiODg0ZjEifQ%3D%3D\" href=\"https:\/\/complx.ca\/wp-content\/uploads\/2025\/07\/20240918_085205-scaled.jpg\"><img loading=\"lazy\" decoding=\"async\" width=\"300\" height=\"300\" src=\"https:\/\/complx.ca\/wp-content\/uploads\/2025\/07\/20240918_085205-300x300.jpg\" class=\"attachment-woocommerce_thumbnail size-woocommerce_thumbnail\" alt=\"\" aria-describedby=\"gallery-1-73125\" srcset=\"https:\/\/complx.ca\/wp-content\/uploads\/2025\/07\/20240918_085205-300x300.jpg 300w, https:\/\/complx.ca\/wp-content\/uploads\/2025\/07\/20240918_085205-150x150.jpg 150w, https:\/\/complx.ca\/wp-content\/uploads\/2025\/07\/20240918_085205-100x100.jpg 100w\" sizes=\"(max-width: 300px) 100vw, 300px\" \/><\/a>\n\t\t\t<\/div>\n\t\t\t\t<figcaption class='wp-caption-text gallery-caption' id='gallery-1-73125'>\n\t\t\t\tBehind the stage\n\t\t\t\t<\/figcaption><\/figure><figure class='gallery-item'>\n\t\t\t<div class='gallery-icon portrait'>\n\t\t\t\t<a data-elementor-open-lightbox=\"yes\" data-elementor-lightbox-slideshow=\"cb884f1\" data-elementor-lightbox-title=\"20250410_084335\" data-e-action-hash=\"#elementor-action%3Aaction%3Dlightbox%26settings%3DeyJpZCI6NzMxNDMsInVybCI6Imh0dHBzOlwvXC9jb21wbHguY2FcL3dwLWNvbnRlbnRcL3VwbG9hZHNcLzIwMjVcLzA3XC8yMDI1MDQxMF8wODQzMzUtc2NhbGVkLmpwZyIsInNsaWRlc2hvdyI6ImNiODg0ZjEifQ%3D%3D\" href=\"https:\/\/complx.ca\/wp-content\/uploads\/2025\/07\/20250410_084335-scaled.jpg\"><img loading=\"lazy\" decoding=\"async\" width=\"300\" height=\"300\" src=\"https:\/\/complx.ca\/wp-content\/uploads\/2025\/07\/20250410_084335-300x300.jpg\" class=\"attachment-woocommerce_thumbnail size-woocommerce_thumbnail\" alt=\"\" aria-describedby=\"gallery-1-73143\" srcset=\"https:\/\/complx.ca\/wp-content\/uploads\/2025\/07\/20250410_084335-300x300.jpg 300w, https:\/\/complx.ca\/wp-content\/uploads\/2025\/07\/20250410_084335-150x150.jpg 150w, https:\/\/complx.ca\/wp-content\/uploads\/2025\/07\/20250410_084335-100x100.jpg 100w\" sizes=\"(max-width: 300px) 100vw, 300px\" \/><\/a>\n\t\t\t<\/div>\n\t\t\t\t<figcaption class='wp-caption-text gallery-caption' id='gallery-1-73143'>\n\t\t\t\tIn the studio with us!\n\t\t\t\t<\/figcaption><\/figure>\n\t\t<\/div>\n\t\t<\/div>\n\t\t\t\t\t\t<\/div>\n\t\t\t\t<\/div>\n\t\t\t\t<div class=\"elementor-element elementor-element-826e156 elementor-widget elementor-widget-heading\" data-id=\"826e156\" data-element_type=\"widget\" data-widget_type=\"heading.default\">\n\t\t\t\t<div class=\"elementor-widget-container\">\n\t\t\t\t\t<h2 class=\"elementor-heading-title elementor-size-default\">Women's leadership 2.0<\/h2>\t\t\t\t<\/div>\n\t\t\t\t<\/div>\n\t\t\t\t<div class=\"elementor-element elementor-element-252212d elementor-widget elementor-widget-text-editor\" data-id=\"252212d\" data-element_type=\"widget\" data-widget_type=\"text-editor.default\">\n\t\t\t\t<div class=\"elementor-widget-container\">\n\t\t\t\t\t\t\t\t\t<h5>The programme:<\/h5><ul><li><h5>Developing cognitive efficiency<\/h5><\/li><li><h5>Discipline and the habits of success<\/h5><\/li><li><h5>Developing transformational leadership<\/h5><\/li><li><h5>Negotiating value and opportunities for advancement<\/h5><\/li><li><h5>Speaking in public with confidence<\/h5><\/li><li><h5>Managing stress and making time for your well-being<\/h5><\/li><li><h5>Managing your professional reputation and visibility<\/h5><\/li><li><h5>Find your personal mission and raison d'\u00eatre to stay on course and overcome obstacles<\/h5><\/li><\/ul>\t\t\t\t\t\t\t\t<\/div>\n\t\t\t\t<\/div>\n\t\t\t\t\t<\/div>\n\t\t\t\t<\/div>\n\t\t<div class=\"elementor-element elementor-element-29f0436 e-grid e-con-boxed e-con e-parent\" data-id=\"29f0436\" data-element_type=\"container\">\n\t\t\t\t\t<div class=\"e-con-inner\">\n\t\t\t\t<div class=\"elementor-element elementor-element-712257d elementor-widget elementor-widget-text-editor\" data-id=\"712257d\" data-element_type=\"widget\" data-widget_type=\"text-editor.default\">\n\t\t\t\t<div class=\"elementor-widget-container\">\n\t\t\t\t\t\t\t\t\t<h3>Sue Muraca, an experienced restorer, talks to us about\u00a0<br \/>what the training has done for him...<\/h3>\t\t\t\t\t\t\t\t<\/div>\n\t\t\t\t<\/div>\n\t\t\t\t<div class=\"elementor-element elementor-element-c5e3a51 elementor-widget elementor-widget-video\" data-id=\"c5e3a51\" data-element_type=\"widget\" data-settings=\"{&quot;video_type&quot;:&quot;hosted&quot;,&quot;controls&quot;:&quot;yes&quot;}\" data-widget_type=\"video.default\">\n\t\t\t\t<div class=\"elementor-widget-container\">\n\t\t\t\t\t\t\t<div class=\"e-hosted-video elementor-wrapper elementor-open-inline\">\n\t\t\t\t\t<video class=\"elementor-video\" src=\"https:\/\/complx.ca\/wp-content\/uploads\/2024\/12\/TEMOIGNAGE-SUR-FINALL-MS.mp4\" controls=\"\" preload=\"metadata\" controlslist=\"nodownload\"><\/video>\n\t\t\t\t<\/div>\n\t\t\t\t\t\t<\/div>\n\t\t\t\t<\/div>\n\t\t\t\t\t<\/div>\n\t\t\t\t<\/div>\n\t\t<div class=\"elementor-element elementor-element-64879000 e-flex e-con-boxed e-con e-parent\" data-id=\"64879000\" data-element_type=\"container\" id=\"learn\" data-settings=\"{&quot;background_background&quot;:&quot;classic&quot;}\">\n\t\t\t\t\t<div class=\"e-con-inner\">\n\t\t<div class=\"elementor-element elementor-element-5f9674ea e-con-full e-flex e-con e-child\" data-id=\"5f9674ea\" data-element_type=\"container\">\n\t\t<div class=\"elementor-element elementor-element-30ccf459 e-con-full e-flex e-con e-child\" data-id=\"30ccf459\" data-element_type=\"container\">\n\t\t<div class=\"elementor-element elementor-element-6fb5ef64 e-con-full e-flex e-con e-child\" data-id=\"6fb5ef64\" data-element_type=\"container\">\n\t\t\t\t<div class=\"elementor-element elementor-element-81f793b elementor-widget elementor-widget-video\" data-id=\"81f793b\" data-element_type=\"widget\" data-settings=\"{&quot;youtube_url&quot;:&quot;https:\\\/\\\/youtu.be\\\/VQNI6R6ng0Y?si=0NaPr13EWHYd96Yw&quot;,&quot;video_type&quot;:&quot;youtube&quot;,&quot;controls&quot;:&quot;yes&quot;}\" data-widget_type=\"video.default\">\n\t\t\t\t<div class=\"elementor-widget-container\">\n\t\t\t\t\t\t\t<div class=\"elementor-wrapper elementor-open-inline\">\n\t\t\t<div class=\"elementor-video\"><\/div>\t\t<\/div>\n\t\t\t\t\t\t<\/div>\n\t\t\t\t<\/div>\n\t\t\t\t<\/div>\n\t\t\t\t<div class=\"elementor-element elementor-element-42da58e8 elementor-widget__width-initial elementor-widget elementor-widget-heading\" data-id=\"42da58e8\" data-element_type=\"widget\" data-widget_type=\"heading.default\">\n\t\t\t\t<div class=\"elementor-widget-container\">\n\t\t\t\t\t<h2 class=\"elementor-heading-title elementor-size-default\">What you'll experience on this course...<\/h2>\t\t\t\t<\/div>\n\t\t\t\t<\/div>\n\t\t\t\t<\/div>\n\t\t\t\t<div class=\"elementor-element elementor-element-010f26e elementor-widget elementor-widget-spacer\" data-id=\"010f26e\" data-element_type=\"widget\" data-widget_type=\"spacer.default\">\n\t\t\t\t<div class=\"elementor-widget-container\">\n\t\t\t\t\t\t\t<div class=\"elementor-spacer\">\n\t\t\t<div class=\"elementor-spacer-inner\"><\/div>\n\t\t<\/div>\n\t\t\t\t\t\t<\/div>\n\t\t\t\t<\/div>\n\t\t\t\t<div class=\"elementor-element elementor-element-76b325a elementor-widget elementor-widget-text-editor\" data-id=\"76b325a\" data-element_type=\"widget\" data-widget_type=\"text-editor.default\">\n\t\t\t\t<div class=\"elementor-widget-container\">\n\t\t\t\t\t\t\t\t\t<h5>Join us on a rewarding and transformational journey that will enable you to shine in your professional and personal life!<\/h5>\t\t\t\t\t\t\t\t<\/div>\n\t\t\t\t<\/div>\n\t\t<div class=\"elementor-element elementor-element-6831f9bc e-con-full e-flex e-con e-child\" data-id=\"6831f9bc\" data-element_type=\"container\">\n\t\t<div class=\"elementor-element elementor-element-91cf881 e-con-full e-flex e-con e-child\" data-id=\"91cf881\" data-element_type=\"container\">\n\t\t\t\t<div class=\"elementor-element elementor-element-2f881419 elementor-widget elementor-widget-heading\" data-id=\"2f881419\" data-element_type=\"widget\" data-widget_type=\"heading.default\">\n\t\t\t\t<div class=\"elementor-widget-container\">\n\t\t\t\t\t<h2 class=\"elementor-heading-title elementor-size-default\">Yes! I want to develop my leadership!<\/h2>\t\t\t\t<\/div>\n\t\t\t\t<\/div>\n\t\t\t\t<div class=\"elementor-element elementor-element-b806338 elementor-widget elementor-widget-video\" data-id=\"b806338\" data-element_type=\"widget\" data-settings=\"{&quot;youtube_url&quot;:&quot;https:\\\/\\\/youtu.be\\\/_NolgOIx-UM?si=25YeSxk9JKNcT1T1&quot;,&quot;video_type&quot;:&quot;youtube&quot;,&quot;controls&quot;:&quot;yes&quot;}\" data-widget_type=\"video.default\">\n\t\t\t\t<div class=\"elementor-widget-container\">\n\t\t\t\t\t\t\t<div class=\"elementor-wrapper elementor-open-inline\">\n\t\t\t<div class=\"elementor-video\"><\/div>\t\t<\/div>\n\t\t\t\t\t\t<\/div>\n\t\t\t\t<\/div>\n\t\t\t\t<\/div>\n\t\t\t\t<\/div>\n\t\t\t\t<\/div>\n\t\t\t\t\t<\/div>\n\t\t\t\t<\/div>\n\t\t<div class=\"elementor-element elementor-element-2db1274f e-flex e-con-boxed e-con e-parent\" data-id=\"2db1274f\" data-element_type=\"container\">\n\t\t\t\t\t<div class=\"e-con-inner\">\n\t\t<div class=\"elementor-element elementor-element-23b83c1 e-con-full e-flex e-con e-child\" data-id=\"23b83c1\" data-element_type=\"container\" data-settings=\"{&quot;background_background&quot;:&quot;classic&quot;}\">\n\t\t\t\t<div class=\"elementor-element elementor-element-3d0cc11b elementor-widget elementor-widget-heading\" data-id=\"3d0cc11b\" data-element_type=\"widget\" data-widget_type=\"heading.default\">\n\t\t\t\t<div class=\"elementor-widget-container\">\n\t\t\t\t\t<h2 class=\"elementor-heading-title elementor-size-default\">Don't miss any of our activities!<\/h2>\t\t\t\t<\/div>\n\t\t\t\t<\/div>\n\t\t\t\t<div class=\"elementor-element elementor-element-47b361ac elementor-widget elementor-widget-text-editor\" data-id=\"47b361ac\" data-element_type=\"widget\" data-widget_type=\"text-editor.default\">\n\t\t\t\t<div class=\"elementor-widget-container\">\n\t\t\t\t\t\t\t\t\t<p>Sign up for our newsletter to receive all the latest news from Team X!<\/p>\t\t\t\t\t\t\t\t<\/div>\n\t\t\t\t<\/div>\n\t\t\t\t<div class=\"elementor-element elementor-element-f554dec elementor-align-center elementor-widget elementor-widget-button\" data-id=\"f554dec\" data-element_type=\"widget\" data-widget_type=\"button.default\">\n\t\t\t\t<div class=\"elementor-widget-container\">\n\t\t\t\t\t\t\t\t\t<div class=\"elementor-button-wrapper\">\n\t\t\t\t\t<a class=\"elementor-button elementor-button-link elementor-size-sm\" href=\"https:\/\/share.hsforms.com\/1YnsVbV7VS2K7dbxaj5NF0Qd3hqz\" target=\"_blank\" rel=\"noopener\">\n\t\t\t\t\t\t<span class=\"elementor-button-content-wrapper\">\n\t\t\t\t\t\t\t\t\t<span class=\"elementor-button-text\">NEWSLETTER<\/span>\n\t\t\t\t\t<\/span>\n\t\t\t\t\t<\/a>\n\t\t\t\t<\/div>\n\t\t\t\t\t\t\t\t<\/div>\n\t\t\t\t<\/div>\n\t\t\t\t<\/div>\n\t\t\t\t\t<\/div>\n\t\t\t\t<\/div>\n\t\t\t\t<\/div>","protected":false},"excerpt":{"rendered":"<p>Complexe X Pr\u00e9sente Le leadership au f\u00e9minin Pour faire briller votre plein potentiel avec une belle gang de filles! Commander En savoir plus Je m&#8217;inscris Pr\u00eate pour la sc\u00e8ne! En feu pour la formation Derri\u00e8re la sc\u00e8ne En studio chez nous! Leadership au f\u00e9minin 2.0 Au programme: D\u00e9velopper son efficience cognitive La discipline et les [&hellip;]<\/p>","protected":false},"author":3,"featured_media":73181,"parent":0,"menu_order":0,"comment_status":"closed","ping_status":"closed","template":"","meta":{"_acf_changed":false,"content-type":"","site-sidebar-layout":"no-sidebar","site-content-layout":"page-builder","ast-site-content-layout":"full-width-container","site-content-style":"default","site-sidebar-style":"default","ast-global-header-display":"","ast-banner-title-visibility":"","ast-main-header-display":"","ast-hfb-above-header-display":"","ast-hfb-below-header-display":"","ast-hfb-mobile-header-display":"","site-post-title":"disabled","ast-breadcrumbs-content":"","ast-featured-img":"disabled","footer-sml-layout":"","ast-disable-related-posts":"","theme-transparent-header-meta":"","adv-header-id-meta":"","stick-header-meta":"","header-above-stick-meta":"","header-main-stick-meta":"","header-below-stick-meta":"","astra-migrate-meta-layouts":"set","ast-page-background-enabled":"default","ast-page-background-meta":{"desktop":{"background-color":"","background-image":"","background-repeat":"repeat","background-position":"center center","background-size":"auto","background-attachment":"scroll","background-type":"","background-media":"","overlay-type":"","overlay-color":"","overlay-opacity":"","overlay-gradient":""},"tablet":{"background-color":"","background-image":"","background-repeat":"repeat","background-position":"center center","background-size":"auto","background-attachment":"scroll","background-type":"","background-media":"","overlay-type":"","overlay-color":"","overlay-opacity":"","overlay-gradient":""},"mobile":{"background-color":"","background-image":"","background-repeat":"repeat","background-position":"center center","background-size":"auto","background-attachment":"scroll","background-type":"","background-media":"","overlay-type":"","overlay-color":"","overlay-opacity":"","overlay-gradient":""}},"ast-content-background-meta":{"desktop":{"background-color":"var(--ast-global-color-5)","background-image":"","background-repeat":"repeat","background-position":"center center","background-size":"auto","background-attachment":"scroll","background-type":"","background-media":"","overlay-type":"","overlay-color":"","overlay-opacity":"","overlay-gradient":""},"tablet":{"background-color":"var(--ast-global-color-5)","background-image":"","background-repeat":"repeat","background-position":"center center","background-size":"auto","background-attachment":"scroll","background-type":"","background-media":"","overlay-type":"","overlay-color":"","overlay-opacity":"","overlay-gradient":""},"mobile":{"background-color":"var(--ast-global-color-5)","background-image":"","background-repeat":"repeat","background-position":"center center","background-size":"auto","background-attachment":"scroll","background-type":"","background-media":"","overlay-type":"","overlay-color":"","overlay-opacity":"","overlay-gradient":""}},"footnotes":""},"class_list":["post-66401","page","type-page","status-publish","has-post-thumbnail","hentry"],"acf":[],"_links":{"self":[{"href":"https:\/\/complx.ca\/en\/wp-json\/wp\/v2\/pages\/66401","targetHints":{"allow":["GET"]}}],"collection":[{"href":"https:\/\/complx.ca\/en\/wp-json\/wp\/v2\/pages"}],"about":[{"href":"https:\/\/complx.ca\/en\/wp-json\/wp\/v2\/types\/page"}],"author":[{"embeddable":true,"href":"https:\/\/complx.ca\/en\/wp-json\/wp\/v2\/users\/3"}],"replies":[{"embeddable":true,"href":"https:\/\/complx.ca\/en\/wp-json\/wp\/v2\/comments?post=66401"}],"version-history":[{"count":3,"href":"https:\/\/complx.ca\/en\/wp-json\/wp\/v2\/pages\/66401\/revisions"}],"predecessor-version":[{"id":79310,"href":"https:\/\/complx.ca\/en\/wp-json\/wp\/v2\/pages\/66401\/revisions\/79310"}],"wp:featuredmedia":[{"embeddable":true,"href":"https:\/\/complx.ca\/en\/wp-json\/wp\/v2\/media\/73181"}],"wp:attachment":[{"href":"https:\/\/complx.ca\/en\/wp-json\/wp\/v2\/media?parent=66401"}],"curies":[{"name":"wp","href":"https:\/\/api.w.org\/{rel}","templated":true}]}}