{"id":66697,"date":"2024-07-24T10:28:31","date_gmt":"2024-07-24T14:28:31","guid":{"rendered":"https:\/\/complx.ca\/?page_id=66697"},"modified":"2025-07-22T09:01:03","modified_gmt":"2025-07-22T13:01:03","slug":"bien-etre-et-ressourcement","status":"publish","type":"page","link":"https:\/\/complx.ca\/en\/bien-etre-et-ressourcement\/","title":{"rendered":"Wellness and rejuvenation"},"content":{"rendered":"<div data-elementor-type=\"wp-page\" data-elementor-id=\"66697\" class=\"elementor elementor-66697\" data-elementor-post-type=\"page\">\n\t\t\t\t<div class=\"elementor-element elementor-element-1abf2059 e-flex e-con-boxed e-con e-parent\" data-id=\"1abf2059\" data-element_type=\"container\" data-settings=\"{&quot;background_background&quot;:&quot;classic&quot;}\">\n\t\t\t\t\t<div class=\"e-con-inner\">\n\t\t<div class=\"elementor-element elementor-element-15245765 e-con-full e-flex e-con e-child\" data-id=\"15245765\" data-element_type=\"container\">\n\t\t\t\t<div class=\"elementor-element elementor-element-aeebea9 elementor-widget elementor-widget-image\" data-id=\"aeebea9\" data-element_type=\"widget\" data-widget_type=\"image.default\">\n\t\t\t\t<div class=\"elementor-widget-container\">\n\t\t\t\t\t\t\t\t\t\t\t\t\t\t\t\t<a href=\"https:\/\/complx.ca\/en\/\">\n\t\t\t\t\t\t\t<img decoding=\"async\" width=\"150\" height=\"150\" src=\"https:\/\/complx.ca\/wp-content\/uploads\/2024\/07\/ComplexeX_logos_secondaire-150x150.png\" class=\"attachment-thumbnail size-thumbnail wp-image-66167\" alt=\"TCFQ\" srcset=\"https:\/\/complx.ca\/wp-content\/uploads\/2024\/07\/ComplexeX_logos_secondaire-150x150.png 150w, https:\/\/complx.ca\/wp-content\/uploads\/2024\/07\/ComplexeX_logos_secondaire-300x300.png 300w, https:\/\/complx.ca\/wp-content\/uploads\/2024\/07\/ComplexeX_logos_secondaire-100x100.png 100w\" sizes=\"(max-width: 150px) 100vw, 150px\" \/>\t\t\t\t\t\t\t\t<\/a>\n\t\t\t\t\t\t\t\t\t\t\t\t\t\t\t<\/div>\n\t\t\t\t<\/div>\n\t\t\t\t<div class=\"elementor-element elementor-element-6a7ec149 elementor-widget elementor-widget-heading\" data-id=\"6a7ec149\" data-element_type=\"widget\" data-widget_type=\"heading.default\">\n\t\t\t\t<div class=\"elementor-widget-container\">\n\t\t\t\t\t<h6 class=\"elementor-heading-title elementor-size-default\">Complex X Present<\/h6>\t\t\t\t<\/div>\n\t\t\t\t<\/div>\n\t\t<div class=\"elementor-element elementor-element-9befe29 e-flex e-con-boxed e-con e-child\" data-id=\"9befe29\" data-element_type=\"container\">\n\t\t\t\t\t<div class=\"e-con-inner\">\n\t\t\t\t<div class=\"elementor-element elementor-element-451e6e36 elementor-widget elementor-widget-heading\" data-id=\"451e6e36\" data-element_type=\"widget\" data-widget_type=\"heading.default\">\n\t\t\t\t<div class=\"elementor-widget-container\">\n\t\t\t\t\t<h1 class=\"elementor-heading-title elementor-size-default\">Stay tuned for our next event!<\/h1>\t\t\t\t<\/div>\n\t\t\t\t<\/div>\n\t\t\t\t\t<\/div>\n\t\t\t\t<\/div>\n\t\t\t\t<div class=\"elementor-element elementor-element-e5999db elementor-widget elementor-widget-heading\" data-id=\"e5999db\" data-element_type=\"widget\" data-widget_type=\"heading.default\">\n\t\t\t\t<div class=\"elementor-widget-container\">\n\t\t\t\t\t<h4 class=\"elementor-heading-title elementor-size-default\">Dates to come...<\/h4>\t\t\t\t<\/div>\n\t\t\t\t<\/div>\n\t\t\t\t<div class=\"elementor-element elementor-element-5b72a49 elementor-widget elementor-widget-spacer\" data-id=\"5b72a49\" data-element_type=\"widget\" data-widget_type=\"spacer.default\">\n\t\t\t\t<div class=\"elementor-widget-container\">\n\t\t\t\t\t\t\t<div class=\"elementor-spacer\">\n\t\t\t<div class=\"elementor-spacer-inner\"><\/div>\n\t\t<\/div>\n\t\t\t\t\t\t<\/div>\n\t\t\t\t<\/div>\n\t\t\t\t<\/div>\n\t\t\t\t<div class=\"elementor-element elementor-element-a28c35d elementor-widget elementor-widget-image\" data-id=\"a28c35d\" data-element_type=\"widget\" data-widget_type=\"image.default\">\n\t\t\t\t<div class=\"elementor-widget-container\">\n\t\t\t\t\t\t\t\t\t\t\t\t\t\t\t<img fetchpriority=\"high\" decoding=\"async\" width=\"978\" height=\"683\" src=\"https:\/\/complx.ca\/wp-content\/uploads\/2024\/07\/photo-1.jpeg\" class=\"attachment-large size-large wp-image-66699\" alt=\"\" srcset=\"https:\/\/complx.ca\/wp-content\/uploads\/2024\/07\/photo-1.jpeg 978w, https:\/\/complx.ca\/wp-content\/uploads\/2024\/07\/photo-1-300x210.jpeg 300w, https:\/\/complx.ca\/wp-content\/uploads\/2024\/07\/photo-1-768x536.jpeg 768w, https:\/\/complx.ca\/wp-content\/uploads\/2024\/07\/photo-1-600x419.jpeg 600w\" sizes=\"(max-width: 978px) 100vw, 978px\" \/>\t\t\t\t\t\t\t\t\t\t\t\t\t\t\t<\/div>\n\t\t\t\t<\/div>\n\t\t\t\t\t<\/div>\n\t\t\t\t<\/div>\n\t\t<div class=\"elementor-element elementor-element-e19027b e-flex e-con-boxed e-con e-parent\" data-id=\"e19027b\" data-element_type=\"container\">\n\t\t\t\t\t<div class=\"e-con-inner\">\n\t\t\t\t<div class=\"elementor-element elementor-element-6fb7c1a elementor-widget-divider--view-line elementor-widget elementor-widget-divider\" data-id=\"6fb7c1a\" data-element_type=\"widget\" data-widget_type=\"divider.default\">\n\t\t\t\t<div class=\"elementor-widget-container\">\n\t\t\t\t\t\t\t<div class=\"elementor-divider\">\n\t\t\t<span class=\"elementor-divider-separator\">\n\t\t\t\t\t\t<\/span>\n\t\t<\/div>\n\t\t\t\t\t\t<\/div>\n\t\t\t\t<\/div>\n\t\t\t\t<div class=\"elementor-element elementor-element-826e156 elementor-widget elementor-widget-heading\" data-id=\"826e156\" data-element_type=\"widget\" data-widget_type=\"heading.default\">\n\t\t\t\t<div class=\"elementor-widget-container\">\n\t\t\t\t\t<h2 class=\"elementor-heading-title elementor-size-default\">A weekend to recharge your batteries and get moving!<\/h2>\t\t\t\t<\/div>\n\t\t\t\t<\/div>\n\t\t\t\t<div class=\"elementor-element elementor-element-252212d elementor-widget elementor-widget-text-editor\" data-id=\"252212d\" data-element_type=\"widget\" data-widget_type=\"text-editor.default\">\n\t\t\t\t<div class=\"elementor-widget-container\">\n\t\t\t\t\t\t\t\t\t<h5>Take the opportunity to experience a weekend where you can get back on track with your physical and mental health, surrounded by a team of experts and enthusiasts for overall health, training and personal development.<\/h5><h3>\u00a0<\/h3><h3><strong>The programme:<\/strong><\/h3><h5>- Daily training sessions<br \/>- Guided meditation activities<br \/>- Personal development workshops<br \/>- Plan to integrate sustainable change<br \/>- Group coaching to improve relationships<br \/>- Outdoor walking and spa<br \/>- Healthy meals and snacks\u00a0<\/h5><h5>\u00a0<\/h5><h3><strong>A 100% weekend to get you back on track<\/strong><\/h3><p>Available \u00e0 la carte: Private naturopathic assessment, individual training plan. Insurance receipt available for private consultations. 4 places available in naturopathy and 4 places available in training plan.<\/p><p>The weekend can be booked in your company's name and charged as a training fee. Please indicate this on the booking form.<\/p>\t\t\t\t\t\t\t\t<\/div>\n\t\t\t\t<\/div>\n\t\t\t\t\t<\/div>\n\t\t\t\t<\/div>\n\t\t<div class=\"elementor-element elementor-element-ba8ca7d e-flex e-con-boxed e-con e-parent\" data-id=\"ba8ca7d\" data-element_type=\"container\">\n\t\t\t\t\t<div class=\"e-con-inner\">\n\t\t<div class=\"elementor-element elementor-element-c106a42 e-con-full e-flex e-con e-child\" data-id=\"c106a42\" data-element_type=\"container\">\n\t\t\t\t<div class=\"elementor-element elementor-element-2dc6ce2 elementor-widget elementor-widget-image\" data-id=\"2dc6ce2\" data-element_type=\"widget\" data-widget_type=\"image.default\">\n\t\t\t\t<div class=\"elementor-widget-container\">\n\t\t\t\t\t\t\t\t\t\t\t\t\t\t\t<img decoding=\"async\" width=\"1024\" height=\"576\" src=\"https:\/\/complx.ca\/wp-content\/uploads\/2024\/07\/Design-sans-titre-41-1024x576.png\" class=\"attachment-large size-large wp-image-66704\" alt=\"\" srcset=\"https:\/\/complx.ca\/wp-content\/uploads\/2024\/07\/Design-sans-titre-41-1024x576.png 1024w, https:\/\/complx.ca\/wp-content\/uploads\/2024\/07\/Design-sans-titre-41-300x169.png 300w, https:\/\/complx.ca\/wp-content\/uploads\/2024\/07\/Design-sans-titre-41-768x432.png 768w, https:\/\/complx.ca\/wp-content\/uploads\/2024\/07\/Design-sans-titre-41-1536x864.png 1536w, https:\/\/complx.ca\/wp-content\/uploads\/2024\/07\/Design-sans-titre-41-600x338.png 600w, https:\/\/complx.ca\/wp-content\/uploads\/2024\/07\/Design-sans-titre-41.png 1920w\" sizes=\"(max-width: 1024px) 100vw, 1024px\" \/>\t\t\t\t\t\t\t\t\t\t\t\t\t\t\t<\/div>\n\t\t\t\t<\/div>\n\t\t\t\t<\/div>\n\t\t<div class=\"elementor-element elementor-element-ff656d0 e-con-full e-flex e-con e-child\" data-id=\"ff656d0\" data-element_type=\"container\">\n\t\t\t\t<div class=\"elementor-element elementor-element-04de9f5 elementor-widget elementor-widget-heading\" data-id=\"04de9f5\" data-element_type=\"widget\" data-widget_type=\"heading.default\">\n\t\t\t\t<div class=\"elementor-widget-container\">\n\t\t\t\t\t<h2 class=\"elementor-heading-title elementor-size-default\">Julie Dupuis and Sylvain Par\u00e9<\/h2>\t\t\t\t<\/div>\n\t\t\t\t<\/div>\n\t\t\t\t<div class=\"elementor-element elementor-element-98b840e elementor-widget elementor-widget-text-editor\" data-id=\"98b840e\" data-element_type=\"widget\" data-widget_type=\"text-editor.default\">\n\t\t\t\t<div class=\"elementor-widget-container\">\n\t\t\t\t\t\t\t\t\t<h5>Julie and Sylvain are both passionate about health, training and personal development. With their backgrounds and various certifications, Julie and Sylvain complement each other perfectly when it comes to organising activities that contribute to a person's overall development.<\/h5><div>\u00a0<\/div><h5>Julie and Sylvain are two dynamic, authentic coaches who love to have fun in everything they do.\u00a0<\/h5><div>\u00a0<\/div><h5>In addition to their expertise in management skills, both have complementary backgrounds in health and well-being. Julie is a naturopath specialising in micro- and macro-nutrition, and Sylvain in sports training.<\/h5><p>\u00a0<\/p><h5>Together, they invite you to experience a motivating and energising weekend!<\/h5>\t\t\t\t\t\t\t\t<\/div>\n\t\t\t\t<\/div>\n\t\t\t\t<\/div>\n\t\t\t\t\t<\/div>\n\t\t\t\t<\/div>\n\t\t<div class=\"elementor-element elementor-element-bd61cc9 e-flex e-con-boxed e-con e-parent\" data-id=\"bd61cc9\" data-element_type=\"container\">\n\t\t\t\t\t<div class=\"e-con-inner\">\n\t\t<div class=\"elementor-element elementor-element-5a142aa e-con-full e-flex e-con e-child\" data-id=\"5a142aa\" data-element_type=\"container\">\n\t\t\t\t<div class=\"elementor-element elementor-element-d9d02e2 elementor-widget elementor-widget-heading\" data-id=\"d9d02e2\" data-element_type=\"widget\" data-widget_type=\"heading.default\">\n\t\t\t\t<div class=\"elementor-widget-container\">\n\t\t\t\t\t<h2 class=\"elementor-heading-title elementor-size-default\">Healthy meals and snacks<\/h2>\t\t\t\t<\/div>\n\t\t\t\t<\/div>\n\t\t\t\t<div class=\"elementor-element elementor-element-c9fea53 elementor-widget elementor-widget-image\" data-id=\"c9fea53\" data-element_type=\"widget\" data-widget_type=\"image.default\">\n\t\t\t\t<div class=\"elementor-widget-container\">\n\t\t\t\t\t\t\t\t\t\t\t\t\t\t\t<img loading=\"lazy\" decoding=\"async\" width=\"1024\" height=\"1024\" src=\"https:\/\/complx.ca\/wp-content\/uploads\/2024\/07\/Design-sans-titre-42.png\" class=\"attachment-large size-large wp-image-66728\" alt=\"\" srcset=\"https:\/\/complx.ca\/wp-content\/uploads\/2024\/07\/Design-sans-titre-42.png 1024w, https:\/\/complx.ca\/wp-content\/uploads\/2024\/07\/Design-sans-titre-42-300x300.png 300w, https:\/\/complx.ca\/wp-content\/uploads\/2024\/07\/Design-sans-titre-42-150x150.png 150w, https:\/\/complx.ca\/wp-content\/uploads\/2024\/07\/Design-sans-titre-42-768x768.png 768w, https:\/\/complx.ca\/wp-content\/uploads\/2024\/07\/Design-sans-titre-42-600x600.png 600w, https:\/\/complx.ca\/wp-content\/uploads\/2024\/07\/Design-sans-titre-42-100x100.png 100w\" sizes=\"(max-width: 1024px) 100vw, 1024px\" \/>\t\t\t\t\t\t\t\t\t\t\t\t\t\t\t<\/div>\n\t\t\t\t<\/div>\n\t\t\t\t<\/div>\n\t\t<div class=\"elementor-element elementor-element-bdfa695 e-con-full e-flex e-con e-child\" data-id=\"bdfa695\" data-element_type=\"container\">\n\t\t\t\t<div class=\"elementor-element elementor-element-3604b7c elementor-widget elementor-widget-heading\" data-id=\"3604b7c\" data-element_type=\"widget\" data-widget_type=\"heading.default\">\n\t\t\t\t<div class=\"elementor-widget-container\">\n\t\t\t\t\t<h2 class=\"elementor-heading-title elementor-size-default\">Outdoor training<\/h2>\t\t\t\t<\/div>\n\t\t\t\t<\/div>\n\t\t\t\t<div class=\"elementor-element elementor-element-d97581a elementor-widget elementor-widget-image\" data-id=\"d97581a\" data-element_type=\"widget\" data-widget_type=\"image.default\">\n\t\t\t\t<div class=\"elementor-widget-container\">\n\t\t\t\t\t\t\t\t\t\t\t\t\t\t\t<img loading=\"lazy\" decoding=\"async\" width=\"1024\" height=\"1024\" src=\"https:\/\/complx.ca\/wp-content\/uploads\/2024\/07\/Design-sans-titre-43.png\" class=\"attachment-large size-large wp-image-66729\" alt=\"\" srcset=\"https:\/\/complx.ca\/wp-content\/uploads\/2024\/07\/Design-sans-titre-43.png 1024w, https:\/\/complx.ca\/wp-content\/uploads\/2024\/07\/Design-sans-titre-43-300x300.png 300w, https:\/\/complx.ca\/wp-content\/uploads\/2024\/07\/Design-sans-titre-43-150x150.png 150w, https:\/\/complx.ca\/wp-content\/uploads\/2024\/07\/Design-sans-titre-43-768x768.png 768w, https:\/\/complx.ca\/wp-content\/uploads\/2024\/07\/Design-sans-titre-43-600x600.png 600w, https:\/\/complx.ca\/wp-content\/uploads\/2024\/07\/Design-sans-titre-43-100x100.png 100w\" sizes=\"(max-width: 1024px) 100vw, 1024px\" \/>\t\t\t\t\t\t\t\t\t\t\t\t\t\t\t<\/div>\n\t\t\t\t<\/div>\n\t\t\t\t<\/div>\n\t\t\t\t\t<\/div>\n\t\t\t\t<\/div>\n\t\t<div class=\"elementor-element elementor-element-2db1274f e-flex e-con-boxed e-con e-parent\" data-id=\"2db1274f\" data-element_type=\"container\">\n\t\t\t\t\t<div class=\"e-con-inner\">\n\t\t<div class=\"elementor-element elementor-element-23b83c1 e-con-full e-flex e-con e-child\" data-id=\"23b83c1\" data-element_type=\"container\" data-settings=\"{&quot;background_background&quot;:&quot;classic&quot;}\">\n\t\t\t\t<div class=\"elementor-element elementor-element-3d0cc11b elementor-widget elementor-widget-heading\" data-id=\"3d0cc11b\" data-element_type=\"widget\" data-widget_type=\"heading.default\">\n\t\t\t\t<div class=\"elementor-widget-container\">\n\t\t\t\t\t<h2 class=\"elementor-heading-title elementor-size-default\">Don't miss any of our activities!<\/h2>\t\t\t\t<\/div>\n\t\t\t\t<\/div>\n\t\t\t\t<div class=\"elementor-element elementor-element-47b361ac elementor-widget elementor-widget-text-editor\" data-id=\"47b361ac\" data-element_type=\"widget\" data-widget_type=\"text-editor.default\">\n\t\t\t\t<div class=\"elementor-widget-container\">\n\t\t\t\t\t\t\t\t\t<p>Sign up for our newsletter to receive all the latest news from Team X!<\/p>\t\t\t\t\t\t\t\t<\/div>\n\t\t\t\t<\/div>\n\t\t\t\t<div class=\"elementor-element elementor-element-f554dec elementor-align-center elementor-widget elementor-widget-button\" data-id=\"f554dec\" data-element_type=\"widget\" data-widget_type=\"button.default\">\n\t\t\t\t<div class=\"elementor-widget-container\">\n\t\t\t\t\t\t\t\t\t<div class=\"elementor-button-wrapper\">\n\t\t\t\t\t<a class=\"elementor-button elementor-button-link elementor-size-sm\" href=\"https:\/\/share.hsforms.com\/1YnsVbV7VS2K7dbxaj5NF0Qd3hqz\" target=\"_blank\" rel=\"noopener\">\n\t\t\t\t\t\t<span class=\"elementor-button-content-wrapper\">\n\t\t\t\t\t\t\t\t\t<span class=\"elementor-button-text\">NEWSLETTER<\/span>\n\t\t\t\t\t<\/span>\n\t\t\t\t\t<\/a>\n\t\t\t\t<\/div>\n\t\t\t\t\t\t\t\t<\/div>\n\t\t\t\t<\/div>\n\t\t\t\t<\/div>\n\t\t\t\t\t<\/div>\n\t\t\t\t<\/div>\n\t\t\t\t<\/div>","protected":false},"excerpt":{"rendered":"<p>Complexe X Pr\u00e9sente Restez \u00e0 l&#8217;affut de notre prochaine activit\u00e9! Dates \u00e0 venir&#8230; Une fin de semaine pour se ressourcer et bouger! Permettez-vous de vivre cette exp\u00e9rience d&#8217;un week-end pour remettre le cap sur votre sant\u00e9 physique, mentale entour\u00e9.e d&#8217;une \u00e9quipe d&#8217;expert.es et de passionn\u00e9.es de la sant\u00e9 globale, de l&#8217;entrainement et du d\u00e9veloppement personnel. [&hellip;]<\/p>","protected":false},"author":3,"featured_media":66711,"parent":0,"menu_order":0,"comment_status":"closed","ping_status":"closed","template":"","meta":{"_acf_changed":false,"content-type":"","site-sidebar-layout":"no-sidebar","site-content-layout":"page-builder","ast-site-content-layout":"full-width-container","site-content-style":"default","site-sidebar-style":"default","ast-global-header-display":"","ast-banner-title-visibility":"","ast-main-header-display":"","ast-hfb-above-header-display":"","ast-hfb-below-header-display":"","ast-hfb-mobile-header-display":"","site-post-title":"disabled","ast-breadcrumbs-content":"","ast-featured-img":"disabled","footer-sml-layout":"","ast-disable-related-posts":"","theme-transparent-header-meta":"","adv-header-id-meta":"","stick-header-meta":"","header-above-stick-meta":"","header-main-stick-meta":"","header-below-stick-meta":"","astra-migrate-meta-layouts":"set","ast-page-background-enabled":"default","ast-page-background-meta":{"desktop":{"background-color":"","background-image":"","background-repeat":"repeat","background-position":"center center","background-size":"auto","background-attachment":"scroll","background-type":"","background-media":"","overlay-type":"","overlay-color":"","overlay-opacity":"","overlay-gradient":""},"tablet":{"background-color":"","background-image":"","background-repeat":"repeat","background-position":"center center","background-size":"auto","background-attachment":"scroll","background-type":"","background-media":"","overlay-type":"","overlay-color":"","overlay-opacity":"","overlay-gradient":""},"mobile":{"background-color":"","background-image":"","background-repeat":"repeat","background-position":"center center","background-size":"auto","background-attachment":"scroll","background-type":"","background-media":"","overlay-type":"","overlay-color":"","overlay-opacity":"","overlay-gradient":""}},"ast-content-background-meta":{"desktop":{"background-color":"var(--ast-global-color-5)","background-image":"","background-repeat":"repeat","background-position":"center center","background-size":"auto","background-attachment":"scroll","background-type":"","background-media":"","overlay-type":"","overlay-color":"","overlay-opacity":"","overlay-gradient":""},"tablet":{"background-color":"var(--ast-global-color-5)","background-image":"","background-repeat":"repeat","background-position":"center center","background-size":"auto","background-attachment":"scroll","background-type":"","background-media":"","overlay-type":"","overlay-color":"","overlay-opacity":"","overlay-gradient":""},"mobile":{"background-color":"var(--ast-global-color-5)","background-image":"","background-repeat":"repeat","background-position":"center center","background-size":"auto","background-attachment":"scroll","background-type":"","background-media":"","overlay-type":"","overlay-color":"","overlay-opacity":"","overlay-gradient":""}},"footnotes":""},"class_list":["post-66697","page","type-page","status-publish","has-post-thumbnail","hentry"],"acf":[],"_links":{"self":[{"href":"https:\/\/complx.ca\/en\/wp-json\/wp\/v2\/pages\/66697","targetHints":{"allow":["GET"]}}],"collection":[{"href":"https:\/\/complx.ca\/en\/wp-json\/wp\/v2\/pages"}],"about":[{"href":"https:\/\/complx.ca\/en\/wp-json\/wp\/v2\/types\/page"}],"author":[{"embeddable":true,"href":"https:\/\/complx.ca\/en\/wp-json\/wp\/v2\/users\/3"}],"replies":[{"embeddable":true,"href":"https:\/\/complx.ca\/en\/wp-json\/wp\/v2\/comments?post=66697"}],"version-history":[{"count":3,"href":"https:\/\/complx.ca\/en\/wp-json\/wp\/v2\/pages\/66697\/revisions"}],"predecessor-version":[{"id":74353,"href":"https:\/\/complx.ca\/en\/wp-json\/wp\/v2\/pages\/66697\/revisions\/74353"}],"wp:featuredmedia":[{"embeddable":true,"href":"https:\/\/complx.ca\/en\/wp-json\/wp\/v2\/media\/66711"}],"wp:attachment":[{"href":"https:\/\/complx.ca\/en\/wp-json\/wp\/v2\/media?parent=66697"}],"curies":[{"name":"wp","href":"https:\/\/api.w.org\/{rel}","templated":true}]}}