{"id":71341,"date":"2025-03-20T11:33:40","date_gmt":"2025-03-20T15:33:40","guid":{"rendered":"https:\/\/complx.ca\/?page_id=71341"},"modified":"2025-07-08T10:31:07","modified_gmt":"2025-07-08T14:31:07","slug":"nos-outils","status":"publish","type":"page","link":"https:\/\/complx.ca\/en\/nos-outils\/","title":{"rendered":"Our tools"},"content":{"rendered":"<div data-elementor-type=\"wp-page\" data-elementor-id=\"71341\" class=\"elementor elementor-71341\" data-elementor-post-type=\"page\">\n\t\t\t\t<div class=\"elementor-element elementor-element-1abf2059 e-flex e-con-boxed e-con e-parent\" data-id=\"1abf2059\" data-element_type=\"container\" data-settings=\"{&quot;background_background&quot;:&quot;classic&quot;}\">\n\t\t\t\t\t<div class=\"e-con-inner\">\n\t\t<div class=\"elementor-element elementor-element-15245765 e-con-full e-flex e-con e-child\" data-id=\"15245765\" data-element_type=\"container\">\n\t\t\t\t<div class=\"elementor-element elementor-element-aeebea9 elementor-widget elementor-widget-image\" data-id=\"aeebea9\" data-element_type=\"widget\" data-widget_type=\"image.default\">\n\t\t\t\t<div class=\"elementor-widget-container\">\n\t\t\t\t\t\t\t\t\t\t\t\t\t\t\t<img decoding=\"async\" width=\"150\" height=\"150\" src=\"https:\/\/complx.ca\/wp-content\/uploads\/2024\/07\/ComplexeX_logos_secondaire-150x150.png\" class=\"attachment-thumbnail size-thumbnail wp-image-66167\" alt=\"TCFQ\" srcset=\"https:\/\/complx.ca\/wp-content\/uploads\/2024\/07\/ComplexeX_logos_secondaire-150x150.png 150w, https:\/\/complx.ca\/wp-content\/uploads\/2024\/07\/ComplexeX_logos_secondaire-300x300.png 300w, https:\/\/complx.ca\/wp-content\/uploads\/2024\/07\/ComplexeX_logos_secondaire-100x100.png 100w\" sizes=\"(max-width: 150px) 100vw, 150px\" \/>\t\t\t\t\t\t\t\t\t\t\t\t\t\t\t<\/div>\n\t\t\t\t<\/div>\n\t\t\t\t<div class=\"elementor-element elementor-element-6a7ec149 elementor-widget elementor-widget-heading\" data-id=\"6a7ec149\" data-element_type=\"widget\" data-widget_type=\"heading.default\">\n\t\t\t\t<div class=\"elementor-widget-container\">\n\t\t\t\t\t<h6 class=\"elementor-heading-title elementor-size-default\">OUR TOOLS<\/h6>\t\t\t\t<\/div>\n\t\t\t\t<\/div>\n\t\t\t\t<div class=\"elementor-element elementor-element-451e6e36 elementor-widget elementor-widget-heading\" data-id=\"451e6e36\" data-element_type=\"widget\" data-widget_type=\"heading.default\">\n\t\t\t\t<div class=\"elementor-widget-container\">\n\t\t\t\t\t<h1 class=\"elementor-heading-title elementor-size-default\">Our white papers<\/h1>\t\t\t\t<\/div>\n\t\t\t\t<\/div>\n\t\t<div class=\"elementor-element elementor-element-b4a8e42 e-grid e-con-full e-con e-child\" data-id=\"b4a8e42\" data-element_type=\"container\">\n\t\t\t\t<div class=\"elementor-element elementor-element-b3778a7 elementor-widget elementor-widget-image\" data-id=\"b3778a7\" data-element_type=\"widget\" data-widget_type=\"image.default\">\n\t\t\t\t<div class=\"elementor-widget-container\">\n\t\t\t\t\t\t\t\t\t\t\t\t\t\t\t\t<a href=\"https:\/\/complx.ca\/wp-content\/uploads\/2025\/05\/2022-Transformation-des-pratique-RH-15-juin_REVISE2.pdf\">\n\t\t\t\t\t\t\t<img fetchpriority=\"high\" decoding=\"async\" width=\"657\" height=\"876\" src=\"https:\/\/complx.ca\/wp-content\/uploads\/2025\/04\/2022-Transformation-des-pratique-RH-15-juin_REVISE2_Page_01.png\" class=\"attachment-medium_large size-medium_large wp-image-71667\" alt=\"\" srcset=\"https:\/\/complx.ca\/wp-content\/uploads\/2025\/04\/2022-Transformation-des-pratique-RH-15-juin_REVISE2_Page_01.png 657w, https:\/\/complx.ca\/wp-content\/uploads\/2025\/04\/2022-Transformation-des-pratique-RH-15-juin_REVISE2_Page_01-225x300.png 225w, https:\/\/complx.ca\/wp-content\/uploads\/2025\/04\/2022-Transformation-des-pratique-RH-15-juin_REVISE2_Page_01-9x12.png 9w, https:\/\/complx.ca\/wp-content\/uploads\/2025\/04\/2022-Transformation-des-pratique-RH-15-juin_REVISE2_Page_01-600x800.png 600w\" sizes=\"(max-width: 657px) 100vw, 657px\" \/>\t\t\t\t\t\t\t\t<\/a>\n\t\t\t\t\t\t\t\t\t\t\t\t\t\t\t<\/div>\n\t\t\t\t<\/div>\n\t\t\t\t<div class=\"elementor-element elementor-element-163c8b3 elementor-widget elementor-widget-image\" data-id=\"163c8b3\" data-element_type=\"widget\" data-widget_type=\"image.default\">\n\t\t\t\t<div class=\"elementor-widget-container\">\n\t\t\t\t\t\t\t\t\t\t\t\t\t\t\t\t<a href=\"https:\/\/complx.ca\/wp-content\/uploads\/2025\/05\/Complex_livreblanc_2eEdition_Final_v4-latest.pdf\">\n\t\t\t\t\t\t\t<img decoding=\"async\" width=\"770\" height=\"1024\" src=\"https:\/\/complx.ca\/wp-content\/uploads\/2025\/05\/Complex_livreblanc_2eEdition_Final_v4-latest_Page_01-770x1024.png\" class=\"attachment-large size-large wp-image-71801\" alt=\"\" srcset=\"https:\/\/complx.ca\/wp-content\/uploads\/2025\/05\/Complex_livreblanc_2eEdition_Final_v4-latest_Page_01-770x1024.png 770w, https:\/\/complx.ca\/wp-content\/uploads\/2025\/05\/Complex_livreblanc_2eEdition_Final_v4-latest_Page_01-226x300.png 226w, https:\/\/complx.ca\/wp-content\/uploads\/2025\/05\/Complex_livreblanc_2eEdition_Final_v4-latest_Page_01-768x1021.png 768w, https:\/\/complx.ca\/wp-content\/uploads\/2025\/05\/Complex_livreblanc_2eEdition_Final_v4-latest_Page_01-1156x1536.png 1156w, https:\/\/complx.ca\/wp-content\/uploads\/2025\/05\/Complex_livreblanc_2eEdition_Final_v4-latest_Page_01-1541x2048.png 1541w, https:\/\/complx.ca\/wp-content\/uploads\/2025\/05\/Complex_livreblanc_2eEdition_Final_v4-latest_Page_01-9x12.png 9w, https:\/\/complx.ca\/wp-content\/uploads\/2025\/05\/Complex_livreblanc_2eEdition_Final_v4-latest_Page_01-600x797.png 600w, https:\/\/complx.ca\/wp-content\/uploads\/2025\/05\/Complex_livreblanc_2eEdition_Final_v4-latest_Page_01-scaled.png 1926w\" sizes=\"(max-width: 770px) 100vw, 770px\" \/>\t\t\t\t\t\t\t\t<\/a>\n\t\t\t\t\t\t\t\t\t\t\t\t\t\t\t<\/div>\n\t\t\t\t<\/div>\n\t\t\t\t<\/div>\n\t\t\t\t<\/div>\n\t\t\t\t\t<\/div>\n\t\t\t\t<\/div>\n\t\t<div class=\"elementor-element elementor-element-8a9a025 e-flex e-con-boxed e-con e-parent\" data-id=\"8a9a025\" data-element_type=\"container\">\n\t\t\t\t\t<div class=\"e-con-inner\">\n\t\t\t\t<div class=\"elementor-element elementor-element-4f48332 elementor-align-center elementor-widget elementor-widget-button\" data-id=\"4f48332\" data-element_type=\"widget\" data-widget_type=\"button.default\">\n\t\t\t\t<div class=\"elementor-widget-container\">\n\t\t\t\t\t\t\t\t\t<div class=\"elementor-button-wrapper\">\n\t\t\t\t\t<a class=\"elementor-button elementor-button-link elementor-size-sm\" href=\"#\">\n\t\t\t\t\t\t<span class=\"elementor-button-content-wrapper\">\n\t\t\t\t\t\t\t\t\t<span class=\"elementor-button-text\">Click image to download<\/span>\n\t\t\t\t\t<\/span>\n\t\t\t\t\t<\/a>\n\t\t\t\t<\/div>\n\t\t\t\t\t\t\t\t<\/div>\n\t\t\t\t<\/div>\n\t\t\t\t<div class=\"elementor-element elementor-element-7e6cd50 elementor-widget elementor-widget-heading\" data-id=\"7e6cd50\" data-element_type=\"widget\" data-widget_type=\"heading.default\">\n\t\t\t\t<div class=\"elementor-widget-container\">\n\t\t\t\t\t<h2 class=\"elementor-heading-title elementor-size-default\">Our past advent calendars<\/h2>\t\t\t\t<\/div>\n\t\t\t\t<\/div>\n\t\t<div class=\"elementor-element elementor-element-69f7738 e-grid e-con-full e-con e-child\" data-id=\"69f7738\" data-element_type=\"container\">\n\t\t\t\t<div class=\"elementor-element elementor-element-a486adb elementor-widget elementor-widget-image\" data-id=\"a486adb\" data-element_type=\"widget\" data-widget_type=\"image.default\">\n\t\t\t\t<div class=\"elementor-widget-container\">\n\t\t\t\t\t\t\t\t\t\t\t\t\t\t\t\t<a href=\"https:\/\/complx.ca\/wp-content\/uploads\/2025\/03\/Calendrier-de-lavent-2023-PDF.pdf\">\n\t\t\t\t\t\t\t<img loading=\"lazy\" decoding=\"async\" width=\"768\" height=\"1365\" src=\"https:\/\/complx.ca\/wp-content\/uploads\/2025\/05\/AVENT2023-THUMB-CPLX-768x1365.png\" class=\"attachment-medium_large size-medium_large wp-image-71810\" alt=\"\" srcset=\"https:\/\/complx.ca\/wp-content\/uploads\/2025\/05\/AVENT2023-THUMB-CPLX-768x1365.png 768w, https:\/\/complx.ca\/wp-content\/uploads\/2025\/05\/AVENT2023-THUMB-CPLX-169x300.png 169w, https:\/\/complx.ca\/wp-content\/uploads\/2025\/05\/AVENT2023-THUMB-CPLX-576x1024.png 576w, https:\/\/complx.ca\/wp-content\/uploads\/2025\/05\/AVENT2023-THUMB-CPLX-864x1536.png 864w, https:\/\/complx.ca\/wp-content\/uploads\/2025\/05\/AVENT2023-THUMB-CPLX-7x12.png 7w, https:\/\/complx.ca\/wp-content\/uploads\/2025\/05\/AVENT2023-THUMB-CPLX-600x1067.png 600w, https:\/\/complx.ca\/wp-content\/uploads\/2025\/05\/AVENT2023-THUMB-CPLX.png 1080w\" sizes=\"(max-width: 768px) 100vw, 768px\" \/>\t\t\t\t\t\t\t\t<\/a>\n\t\t\t\t\t\t\t\t\t\t\t\t\t\t\t<\/div>\n\t\t\t\t<\/div>\n\t\t\t\t<div class=\"elementor-element elementor-element-70b589a elementor-widget elementor-widget-image\" data-id=\"70b589a\" data-element_type=\"widget\" data-widget_type=\"image.default\">\n\t\t\t\t<div class=\"elementor-widget-container\">\n\t\t\t\t\t\t\t\t\t\t\t\t\t\t\t\t<a href=\"https:\/\/complx.ca\/wp-content\/uploads\/2025\/01\/AVENT-2024-FULL.pdf\">\n\t\t\t\t\t\t\t<img loading=\"lazy\" decoding=\"async\" width=\"768\" height=\"1365\" src=\"https:\/\/complx.ca\/wp-content\/uploads\/2025\/05\/AVANT2024-THUMB-CPLX-768x1365.png\" class=\"attachment-medium_large size-medium_large wp-image-71806\" alt=\"\" srcset=\"https:\/\/complx.ca\/wp-content\/uploads\/2025\/05\/AVANT2024-THUMB-CPLX-768x1365.png 768w, https:\/\/complx.ca\/wp-content\/uploads\/2025\/05\/AVANT2024-THUMB-CPLX-169x300.png 169w, https:\/\/complx.ca\/wp-content\/uploads\/2025\/05\/AVANT2024-THUMB-CPLX-576x1024.png 576w, https:\/\/complx.ca\/wp-content\/uploads\/2025\/05\/AVANT2024-THUMB-CPLX-864x1536.png 864w, https:\/\/complx.ca\/wp-content\/uploads\/2025\/05\/AVANT2024-THUMB-CPLX-7x12.png 7w, https:\/\/complx.ca\/wp-content\/uploads\/2025\/05\/AVANT2024-THUMB-CPLX-600x1067.png 600w, https:\/\/complx.ca\/wp-content\/uploads\/2025\/05\/AVANT2024-THUMB-CPLX.png 1080w\" sizes=\"(max-width: 768px) 100vw, 768px\" \/>\t\t\t\t\t\t\t\t<\/a>\n\t\t\t\t\t\t\t\t\t\t\t\t\t\t\t<\/div>\n\t\t\t\t<\/div>\n\t\t\t\t<\/div>\n\t\t\t\t<div class=\"elementor-element elementor-element-97e2f69 elementor-align-center elementor-widget elementor-widget-button\" data-id=\"97e2f69\" data-element_type=\"widget\" data-widget_type=\"button.default\">\n\t\t\t\t<div class=\"elementor-widget-container\">\n\t\t\t\t\t\t\t\t\t<div class=\"elementor-button-wrapper\">\n\t\t\t\t\t<a class=\"elementor-button elementor-button-link elementor-size-sm\" href=\"#\">\n\t\t\t\t\t\t<span class=\"elementor-button-content-wrapper\">\n\t\t\t\t\t\t\t\t\t<span class=\"elementor-button-text\">Click image to download<\/span>\n\t\t\t\t\t<\/span>\n\t\t\t\t\t<\/a>\n\t\t\t\t<\/div>\n\t\t\t\t\t\t\t\t<\/div>\n\t\t\t\t<\/div>\n\t\t\t\t\t<\/div>\n\t\t\t\t<\/div>\n\t\t<div class=\"elementor-element elementor-element-dcac6d8 e-flex e-con-boxed e-con e-parent\" data-id=\"dcac6d8\" data-element_type=\"container\">\n\t\t\t\t\t<div class=\"e-con-inner\">\n\t\t\t\t<div class=\"elementor-element elementor-element-eaea957 elementor-widget elementor-widget-heading\" data-id=\"eaea957\" data-element_type=\"widget\" data-widget_type=\"heading.default\">\n\t\t\t\t<div class=\"elementor-widget-container\">\n\t\t\t\t\t<h2 class=\"elementor-heading-title elementor-size-default\">Team Building<\/h2>\t\t\t\t<\/div>\n\t\t\t\t<\/div>\n\t\t<div class=\"elementor-element elementor-element-be24e70 e-grid e-con-full e-con e-child\" data-id=\"be24e70\" data-element_type=\"container\">\n\t\t\t\t<div class=\"elementor-element elementor-element-ee8475e elementor-widget elementor-widget-image\" data-id=\"ee8475e\" data-element_type=\"widget\" data-widget_type=\"image.default\">\n\t\t\t\t<div class=\"elementor-widget-container\">\n\t\t\t\t\t\t\t\t\t\t\t\t\t\t\t\t<a href=\"https:\/\/complx.ca\/wp-content\/uploads\/2025\/05\/Team-building-en-boite-zoo-dequipe.pdf\">\n\t\t\t\t\t\t\t<img loading=\"lazy\" decoding=\"async\" width=\"791\" height=\"1024\" src=\"https:\/\/complx.ca\/wp-content\/uploads\/2025\/05\/1-791x1024.png\" class=\"attachment-large size-large wp-image-71820\" alt=\"\" srcset=\"https:\/\/complx.ca\/wp-content\/uploads\/2025\/05\/1-791x1024.png 791w, https:\/\/complx.ca\/wp-content\/uploads\/2025\/05\/1-232x300.png 232w, https:\/\/complx.ca\/wp-content\/uploads\/2025\/05\/1-768x994.png 768w, https:\/\/complx.ca\/wp-content\/uploads\/2025\/05\/1-1187x1536.png 1187w, https:\/\/complx.ca\/wp-content\/uploads\/2025\/05\/1-9x12.png 9w, https:\/\/complx.ca\/wp-content\/uploads\/2025\/05\/1-600x777.png 600w, https:\/\/complx.ca\/wp-content\/uploads\/2025\/05\/1.png 1545w\" sizes=\"(max-width: 791px) 100vw, 791px\" \/>\t\t\t\t\t\t\t\t<\/a>\n\t\t\t\t\t\t\t\t\t\t\t\t\t\t\t<\/div>\n\t\t\t\t<\/div>\n\t\t\t\t<div class=\"elementor-element elementor-element-d19e6cd elementor-widget elementor-widget-image\" data-id=\"d19e6cd\" data-element_type=\"widget\" data-widget_type=\"image.default\">\n\t\t\t\t<div class=\"elementor-widget-container\">\n\t\t\t\t\t\t\t\t\t\t\t\t\t\t\t\t<a href=\"https:\/\/complx.ca\/wp-content\/uploads\/2025\/05\/Team-building-en-boite-Defi-du-pont-en-papier-journal.pdf\">\n\t\t\t\t\t\t\t<img loading=\"lazy\" decoding=\"async\" width=\"791\" height=\"1024\" src=\"https:\/\/complx.ca\/wp-content\/uploads\/2025\/05\/Team-building-en-boite-Defi-du-pont-en-papier-journal-1-791x1024.png\" class=\"attachment-large size-large wp-image-71821\" alt=\"\" srcset=\"https:\/\/complx.ca\/wp-content\/uploads\/2025\/05\/Team-building-en-boite-Defi-du-pont-en-papier-journal-1-791x1024.png 791w, https:\/\/complx.ca\/wp-content\/uploads\/2025\/05\/Team-building-en-boite-Defi-du-pont-en-papier-journal-1-232x300.png 232w, https:\/\/complx.ca\/wp-content\/uploads\/2025\/05\/Team-building-en-boite-Defi-du-pont-en-papier-journal-1-768x994.png 768w, https:\/\/complx.ca\/wp-content\/uploads\/2025\/05\/Team-building-en-boite-Defi-du-pont-en-papier-journal-1-1187x1536.png 1187w, https:\/\/complx.ca\/wp-content\/uploads\/2025\/05\/Team-building-en-boite-Defi-du-pont-en-papier-journal-1-9x12.png 9w, https:\/\/complx.ca\/wp-content\/uploads\/2025\/05\/Team-building-en-boite-Defi-du-pont-en-papier-journal-1-600x777.png 600w, https:\/\/complx.ca\/wp-content\/uploads\/2025\/05\/Team-building-en-boite-Defi-du-pont-en-papier-journal-1.png 1545w\" sizes=\"(max-width: 791px) 100vw, 791px\" \/>\t\t\t\t\t\t\t\t<\/a>\n\t\t\t\t\t\t\t\t\t\t\t\t\t\t\t<\/div>\n\t\t\t\t<\/div>\n\t\t\t\t<\/div>\n\t\t\t\t<div class=\"elementor-element elementor-element-fe6768e elementor-align-center elementor-widget elementor-widget-button\" data-id=\"fe6768e\" data-element_type=\"widget\" data-widget_type=\"button.default\">\n\t\t\t\t<div class=\"elementor-widget-container\">\n\t\t\t\t\t\t\t\t\t<div class=\"elementor-button-wrapper\">\n\t\t\t\t\t<a class=\"elementor-button elementor-button-link elementor-size-sm\" href=\"#\">\n\t\t\t\t\t\t<span class=\"elementor-button-content-wrapper\">\n\t\t\t\t\t\t\t\t\t<span class=\"elementor-button-text\">Click image to download<\/span>\n\t\t\t\t\t<\/span>\n\t\t\t\t\t<\/a>\n\t\t\t\t<\/div>\n\t\t\t\t\t\t\t\t<\/div>\n\t\t\t\t<\/div>\n\t\t\t\t<div class=\"elementor-element elementor-element-0f6ddb5 elementor-widget-divider--view-line elementor-widget elementor-widget-divider\" data-id=\"0f6ddb5\" data-element_type=\"widget\" data-widget_type=\"divider.default\">\n\t\t\t\t<div class=\"elementor-widget-container\">\n\t\t\t\t\t\t\t<div class=\"elementor-divider\">\n\t\t\t<span class=\"elementor-divider-separator\">\n\t\t\t\t\t\t<\/span>\n\t\t<\/div>\n\t\t\t\t\t\t<\/div>\n\t\t\t\t<\/div>\n\t\t\t\t\t<\/div>\n\t\t\t\t<\/div>\n\t\t\t\t<\/div>","protected":false},"excerpt":{"rendered":"<p>NOS OUTILS Nos livres blancs Cliquez l&#8217;image pour t\u00e9l\u00e9charger Nos calendriers de l&#8217;avent pass\u00e9s Cliquez l&#8217;image pour t\u00e9l\u00e9charger Team Building Cliquez l&#8217;image pour t\u00e9l\u00e9charger<\/p>","protected":false},"author":3,"featured_media":0,"parent":0,"menu_order":0,"comment_status":"closed","ping_status":"closed","template":"","meta":{"_acf_changed":false,"content-type":"","site-sidebar-layout":"no-sidebar","site-content-layout":"page-builder","ast-site-content-layout":"full-width-container","site-content-style":"default","site-sidebar-style":"default","ast-global-header-display":"","ast-banner-title-visibility":"","ast-main-header-display":"","ast-hfb-above-header-display":"","ast-hfb-below-header-display":"","ast-hfb-mobile-header-display":"","site-post-title":"disabled","ast-breadcrumbs-content":"","ast-featured-img":"disabled","footer-sml-layout":"","ast-disable-related-posts":"","theme-transparent-header-meta":"","adv-header-id-meta":"","stick-header-meta":"","header-above-stick-meta":"","header-main-stick-meta":"","header-below-stick-meta":"","astra-migrate-meta-layouts":"set","ast-page-background-enabled":"default","ast-page-background-meta":{"desktop":{"background-color":"","background-image":"","background-repeat":"repeat","background-position":"center center","background-size":"auto","background-attachment":"scroll","background-type":"","background-media":"","overlay-type":"","overlay-color":"","overlay-opacity":"","overlay-gradient":""},"tablet":{"background-color":"","background-image":"","background-repeat":"repeat","background-position":"center center","background-size":"auto","background-attachment":"scroll","background-type":"","background-media":"","overlay-type":"","overlay-color":"","overlay-opacity":"","overlay-gradient":""},"mobile":{"background-color":"","background-image":"","background-repeat":"repeat","background-position":"center center","background-size":"auto","background-attachment":"scroll","background-type":"","background-media":"","overlay-type":"","overlay-color":"","overlay-opacity":"","overlay-gradient":""}},"ast-content-background-meta":{"desktop":{"background-color":"var(--ast-global-color-5)","background-image":"","background-repeat":"repeat","background-position":"center center","background-size":"auto","background-attachment":"scroll","background-type":"","background-media":"","overlay-type":"","overlay-color":"","overlay-opacity":"","overlay-gradient":""},"tablet":{"background-color":"var(--ast-global-color-5)","background-image":"","background-repeat":"repeat","background-position":"center center","background-size":"auto","background-attachment":"scroll","background-type":"","background-media":"","overlay-type":"","overlay-color":"","overlay-opacity":"","overlay-gradient":""},"mobile":{"background-color":"var(--ast-global-color-5)","background-image":"","background-repeat":"repeat","background-position":"center center","background-size":"auto","background-attachment":"scroll","background-type":"","background-media":"","overlay-type":"","overlay-color":"","overlay-opacity":"","overlay-gradient":""}},"footnotes":""},"class_list":["post-71341","page","type-page","status-publish","hentry"],"acf":[],"_links":{"self":[{"href":"https:\/\/complx.ca\/en\/wp-json\/wp\/v2\/pages\/71341","targetHints":{"allow":["GET"]}}],"collection":[{"href":"https:\/\/complx.ca\/en\/wp-json\/wp\/v2\/pages"}],"about":[{"href":"https:\/\/complx.ca\/en\/wp-json\/wp\/v2\/types\/page"}],"author":[{"embeddable":true,"href":"https:\/\/complx.ca\/en\/wp-json\/wp\/v2\/users\/3"}],"replies":[{"embeddable":true,"href":"https:\/\/complx.ca\/en\/wp-json\/wp\/v2\/comments?post=71341"}],"version-history":[{"count":3,"href":"https:\/\/complx.ca\/en\/wp-json\/wp\/v2\/pages\/71341\/revisions"}],"predecessor-version":[{"id":73459,"href":"https:\/\/complx.ca\/en\/wp-json\/wp\/v2\/pages\/71341\/revisions\/73459"}],"wp:attachment":[{"href":"https:\/\/complx.ca\/en\/wp-json\/wp\/v2\/media?parent=71341"}],"curies":[{"name":"wp","href":"https:\/\/api.w.org\/{rel}","templated":true}]}}