{"id":75198,"date":"2025-08-20T13:58:45","date_gmt":"2025-08-20T17:58:45","guid":{"rendered":"https:\/\/complx.ca\/?page_id=75198"},"modified":"2026-03-19T13:15:39","modified_gmt":"2026-03-19T17:15:39","slug":"trek-rose-trip-maroc-2026","status":"publish","type":"page","link":"https:\/\/complx.ca\/en\/trek-rose-trip-maroc-2026\/","title":{"rendered":"Trek Rose Trip Morocco 2026"},"content":{"rendered":"<div data-elementor-type=\"wp-page\" data-elementor-id=\"75198\" class=\"elementor elementor-75198\" data-elementor-post-type=\"page\">\n\t\t\t\t<div class=\"elementor-element elementor-element-1abf2059 e-flex e-con-boxed e-con e-parent\" data-id=\"1abf2059\" data-element_type=\"container\" data-settings=\"{&quot;background_background&quot;:&quot;classic&quot;}\">\n\t\t\t\t\t<div class=\"e-con-inner\">\n\t\t<div class=\"elementor-element elementor-element-15245765 e-con-full e-flex e-con e-child\" data-id=\"15245765\" data-element_type=\"container\">\n\t\t\t\t<div class=\"elementor-element elementor-element-aeebea9 elementor-widget elementor-widget-image\" data-id=\"aeebea9\" data-element_type=\"widget\" data-widget_type=\"image.default\">\n\t\t\t\t<div class=\"elementor-widget-container\">\n\t\t\t\t\t\t\t\t\t\t\t\t\t\t\t\t<a href=\"https:\/\/complx.ca\/en\/\">\n\t\t\t\t\t\t\t<img decoding=\"async\" width=\"150\" height=\"150\" src=\"https:\/\/complx.ca\/wp-content\/uploads\/2024\/07\/ComplexeX_logos_secondaire-150x150.png\" class=\"attachment-thumbnail size-thumbnail wp-image-66167\" alt=\"TCFQ\" srcset=\"https:\/\/complx.ca\/wp-content\/uploads\/2024\/07\/ComplexeX_logos_secondaire-150x150.png 150w, https:\/\/complx.ca\/wp-content\/uploads\/2024\/07\/ComplexeX_logos_secondaire-300x300.png 300w, https:\/\/complx.ca\/wp-content\/uploads\/2024\/07\/ComplexeX_logos_secondaire-100x100.png 100w\" sizes=\"(max-width: 150px) 100vw, 150px\" \/>\t\t\t\t\t\t\t\t<\/a>\n\t\t\t\t\t\t\t\t\t\t\t\t\t\t\t<\/div>\n\t\t\t\t<\/div>\n\t\t\t\t<div class=\"elementor-element elementor-element-6a7ec149 elementor-widget elementor-widget-heading\" data-id=\"6a7ec149\" data-element_type=\"widget\" data-widget_type=\"heading.default\">\n\t\t\t\t<div class=\"elementor-widget-container\">\n\t\t\t\t\t<h6 class=\"elementor-heading-title elementor-size-default\">Complex X Present<\/h6>\t\t\t\t<\/div>\n\t\t\t\t<\/div>\n\t\t<div class=\"elementor-element elementor-element-9befe29 e-flex e-con-boxed e-con e-child\" data-id=\"9befe29\" data-element_type=\"container\">\n\t\t\t\t\t<div class=\"e-con-inner\">\n\t\t\t\t<div class=\"elementor-element elementor-element-451e6e36 elementor-widget elementor-widget-heading\" data-id=\"451e6e36\" data-element_type=\"widget\" data-widget_type=\"heading.default\">\n\t\t\t\t<div class=\"elementor-widget-container\">\n\t\t\t\t\t<h1 class=\"elementor-heading-title elementor-size-default\">We're proud to be ambassadors for a 100% activity for women!<\/h1>\t\t\t\t<\/div>\n\t\t\t\t<\/div>\n\t\t\t\t\t<\/div>\n\t\t\t\t<\/div>\n\t\t\t\t<div class=\"elementor-element elementor-element-e5999db elementor-widget elementor-widget-heading\" data-id=\"e5999db\" data-element_type=\"widget\" data-widget_type=\"heading.default\">\n\t\t\t\t<div class=\"elementor-widget-container\">\n\t\t\t\t\t<h4 class=\"elementor-heading-title elementor-size-default\">In 2026, Roxanne and Julie will be walking the Moroccan desert to raise funds for the Fillactive charity.<\/h4>\t\t\t\t<\/div>\n\t\t\t\t<\/div>\n\t\t\t\t<div class=\"elementor-element elementor-element-5b72a49 elementor-widget elementor-widget-spacer\" data-id=\"5b72a49\" data-element_type=\"widget\" data-widget_type=\"spacer.default\">\n\t\t\t\t<div class=\"elementor-widget-container\">\n\t\t\t\t\t\t\t<div class=\"elementor-spacer\">\n\t\t\t<div class=\"elementor-spacer-inner\"><\/div>\n\t\t<\/div>\n\t\t\t\t\t\t<\/div>\n\t\t\t\t<\/div>\n\t\t\t\t<\/div>\n\t\t\t\t<div class=\"elementor-element elementor-element-a28c35d elementor-widget elementor-widget-image\" data-id=\"a28c35d\" data-element_type=\"widget\" data-widget_type=\"image.default\">\n\t\t\t\t<div class=\"elementor-widget-container\">\n\t\t\t\t\t\t\t\t\t\t\t\t\t\t\t<img fetchpriority=\"high\" decoding=\"async\" width=\"768\" height=\"734\" src=\"https:\/\/complx.ca\/wp-content\/uploads\/2026\/01\/Maroc-logo-final-rose-scaled-POURWEB-1-768x734.avif\" class=\"attachment-medium_large size-medium_large wp-image-78487\" alt=\"\" srcset=\"https:\/\/complx.ca\/wp-content\/uploads\/2026\/01\/Maroc-logo-final-rose-scaled-POURWEB-1-768x734.avif 768w, https:\/\/complx.ca\/wp-content\/uploads\/2026\/01\/Maroc-logo-final-rose-scaled-POURWEB-1-300x287.avif 300w, https:\/\/complx.ca\/wp-content\/uploads\/2026\/01\/Maroc-logo-final-rose-scaled-POURWEB-1-1024x979.avif 1024w, https:\/\/complx.ca\/wp-content\/uploads\/2026\/01\/Maroc-logo-final-rose-scaled-POURWEB-1-1536x1468.avif 1536w, https:\/\/complx.ca\/wp-content\/uploads\/2026\/01\/Maroc-logo-final-rose-scaled-POURWEB-1-2048x1958.avif 2048w, https:\/\/complx.ca\/wp-content\/uploads\/2026\/01\/Maroc-logo-final-rose-scaled-POURWEB-1-13x12.avif 13w, https:\/\/complx.ca\/wp-content\/uploads\/2026\/01\/Maroc-logo-final-rose-scaled-POURWEB-1-600x574.avif 600w\" sizes=\"(max-width: 768px) 100vw, 768px\" \/>\t\t\t\t\t\t\t\t\t\t\t\t\t\t\t<\/div>\n\t\t\t\t<\/div>\n\t\t\t\t\t<\/div>\n\t\t\t\t<\/div>\n\t\t<div class=\"elementor-element elementor-element-e19027b e-flex e-con-boxed e-con e-parent\" data-id=\"e19027b\" data-element_type=\"container\">\n\t\t\t\t\t<div class=\"e-con-inner\">\n\t\t<div class=\"elementor-element elementor-element-f4cec34 e-grid e-con-full e-con e-child\" data-id=\"f4cec34\" data-element_type=\"container\">\n\t\t\t\t<div class=\"elementor-element elementor-element-93684bb elementor-widget elementor-widget-image\" data-id=\"93684bb\" data-element_type=\"widget\" data-widget_type=\"image.default\">\n\t\t\t\t<div class=\"elementor-widget-container\">\n\t\t\t\t\t\t\t\t\t\t\t\t\t\t\t\t<a href=\"https:\/\/www.lavieenrose.com\/fr\" target=\"_blank\" rel=\"noopener\">\n\t\t\t\t\t\t\t<img decoding=\"async\" width=\"300\" height=\"300\" src=\"https:\/\/complx.ca\/wp-content\/uploads\/2026\/01\/LOGO-PARTNER-LAVIEENROSE-300x300.avif\" class=\"attachment-medium size-medium wp-image-78489\" alt=\"\" srcset=\"https:\/\/complx.ca\/wp-content\/uploads\/2026\/01\/LOGO-PARTNER-LAVIEENROSE-300x300.avif 300w, https:\/\/complx.ca\/wp-content\/uploads\/2026\/01\/LOGO-PARTNER-LAVIEENROSE-150x150.avif 150w, https:\/\/complx.ca\/wp-content\/uploads\/2026\/01\/LOGO-PARTNER-LAVIEENROSE-768x768.avif 768w, https:\/\/complx.ca\/wp-content\/uploads\/2026\/01\/LOGO-PARTNER-LAVIEENROSE-12x12.avif 12w, https:\/\/complx.ca\/wp-content\/uploads\/2026\/01\/LOGO-PARTNER-LAVIEENROSE-600x600.avif 600w, https:\/\/complx.ca\/wp-content\/uploads\/2026\/01\/LOGO-PARTNER-LAVIEENROSE-100x100.avif 100w, https:\/\/complx.ca\/wp-content\/uploads\/2026\/01\/LOGO-PARTNER-LAVIEENROSE.avif 1000w\" sizes=\"(max-width: 300px) 100vw, 300px\" \/>\t\t\t\t\t\t\t\t<\/a>\n\t\t\t\t\t\t\t\t\t\t\t\t\t\t\t<\/div>\n\t\t\t\t<\/div>\n\t\t\t\t<div class=\"elementor-element elementor-element-e4e02df elementor-widget elementor-widget-image\" data-id=\"e4e02df\" data-element_type=\"widget\" data-widget_type=\"image.default\">\n\t\t\t\t<div class=\"elementor-widget-container\">\n\t\t\t\t\t\t\t\t\t\t\t\t\t\t\t\t<a href=\"https:\/\/www.rafaleselection.com\/fr\/\" target=\"_blank\" rel=\"noopener\">\n\t\t\t\t\t\t\t<img loading=\"lazy\" decoding=\"async\" width=\"300\" height=\"300\" src=\"https:\/\/complx.ca\/wp-content\/uploads\/2026\/01\/LOGO-PARTNER-RAFALE-300x300.avif\" class=\"attachment-medium size-medium wp-image-78490\" alt=\"\" srcset=\"https:\/\/complx.ca\/wp-content\/uploads\/2026\/01\/LOGO-PARTNER-RAFALE-300x300.avif 300w, https:\/\/complx.ca\/wp-content\/uploads\/2026\/01\/LOGO-PARTNER-RAFALE-150x150.avif 150w, https:\/\/complx.ca\/wp-content\/uploads\/2026\/01\/LOGO-PARTNER-RAFALE-768x768.avif 768w, https:\/\/complx.ca\/wp-content\/uploads\/2026\/01\/LOGO-PARTNER-RAFALE-12x12.avif 12w, https:\/\/complx.ca\/wp-content\/uploads\/2026\/01\/LOGO-PARTNER-RAFALE-600x600.avif 600w, https:\/\/complx.ca\/wp-content\/uploads\/2026\/01\/LOGO-PARTNER-RAFALE-100x100.avif 100w, https:\/\/complx.ca\/wp-content\/uploads\/2026\/01\/LOGO-PARTNER-RAFALE.avif 1000w\" sizes=\"(max-width: 300px) 100vw, 300px\" \/>\t\t\t\t\t\t\t\t<\/a>\n\t\t\t\t\t\t\t\t\t\t\t\t\t\t\t<\/div>\n\t\t\t\t<\/div>\n\t\t\t\t<div class=\"elementor-element elementor-element-4ab35fb elementor-widget elementor-widget-image\" data-id=\"4ab35fb\" data-element_type=\"widget\" data-widget_type=\"image.default\">\n\t\t\t\t<div class=\"elementor-widget-container\">\n\t\t\t\t\t\t\t\t\t\t\t\t\t\t\t\t<a href=\"https:\/\/compagnom.org\/\" target=\"_blank\" rel=\"noopener\">\n\t\t\t\t\t\t\t<img loading=\"lazy\" decoding=\"async\" width=\"300\" height=\"300\" src=\"https:\/\/complx.ca\/wp-content\/uploads\/2026\/01\/LOGO-PARTNER-COMPAGNOM-300x300.avif\" class=\"attachment-medium size-medium wp-image-78488\" alt=\"\" srcset=\"https:\/\/complx.ca\/wp-content\/uploads\/2026\/01\/LOGO-PARTNER-COMPAGNOM-300x300.avif 300w, https:\/\/complx.ca\/wp-content\/uploads\/2026\/01\/LOGO-PARTNER-COMPAGNOM-150x150.avif 150w, https:\/\/complx.ca\/wp-content\/uploads\/2026\/01\/LOGO-PARTNER-COMPAGNOM-768x768.avif 768w, https:\/\/complx.ca\/wp-content\/uploads\/2026\/01\/LOGO-PARTNER-COMPAGNOM-12x12.avif 12w, https:\/\/complx.ca\/wp-content\/uploads\/2026\/01\/LOGO-PARTNER-COMPAGNOM-600x600.avif 600w, https:\/\/complx.ca\/wp-content\/uploads\/2026\/01\/LOGO-PARTNER-COMPAGNOM-100x100.avif 100w, https:\/\/complx.ca\/wp-content\/uploads\/2026\/01\/LOGO-PARTNER-COMPAGNOM.avif 1000w\" sizes=\"(max-width: 300px) 100vw, 300px\" \/>\t\t\t\t\t\t\t\t<\/a>\n\t\t\t\t\t\t\t\t\t\t\t\t\t\t\t<\/div>\n\t\t\t\t<\/div>\n\t\t\t\t<\/div>\n\t\t<div class=\"elementor-element elementor-element-a51a79b e-grid e-con-full e-con e-child\" data-id=\"a51a79b\" data-element_type=\"container\">\n\t\t\t\t<div class=\"elementor-element elementor-element-dfffe26 elementor-widget elementor-widget-image\" data-id=\"dfffe26\" data-element_type=\"widget\" data-widget_type=\"image.default\">\n\t\t\t\t<div class=\"elementor-widget-container\">\n\t\t\t\t\t\t\t\t\t\t\t\t\t\t\t\t<a href=\"https:\/\/magasins.videotron.com\/qc\/monteregie\/saint-constant\/400-rte-132\" target=\"_blank\" rel=\"noopener\">\n\t\t\t\t\t\t\t<img loading=\"lazy\" decoding=\"async\" width=\"768\" height=\"295\" src=\"https:\/\/complx.ca\/wp-content\/uploads\/2026\/03\/VIDEOTRON-FRANCHISE-MAGASIN-Saint-Constant-NOIR-JAUNE-FR-RGB-768x295.png\" class=\"attachment-medium_large size-medium_large wp-image-79848\" alt=\"\" srcset=\"https:\/\/complx.ca\/wp-content\/uploads\/2026\/03\/VIDEOTRON-FRANCHISE-MAGASIN-Saint-Constant-NOIR-JAUNE-FR-RGB-768x295.png 768w, https:\/\/complx.ca\/wp-content\/uploads\/2026\/03\/VIDEOTRON-FRANCHISE-MAGASIN-Saint-Constant-NOIR-JAUNE-FR-RGB-300x115.png 300w, https:\/\/complx.ca\/wp-content\/uploads\/2026\/03\/VIDEOTRON-FRANCHISE-MAGASIN-Saint-Constant-NOIR-JAUNE-FR-RGB-1024x393.png 1024w, https:\/\/complx.ca\/wp-content\/uploads\/2026\/03\/VIDEOTRON-FRANCHISE-MAGASIN-Saint-Constant-NOIR-JAUNE-FR-RGB-18x7.png 18w, https:\/\/complx.ca\/wp-content\/uploads\/2026\/03\/VIDEOTRON-FRANCHISE-MAGASIN-Saint-Constant-NOIR-JAUNE-FR-RGB-600x231.png 600w, https:\/\/complx.ca\/wp-content\/uploads\/2026\/03\/VIDEOTRON-FRANCHISE-MAGASIN-Saint-Constant-NOIR-JAUNE-FR-RGB.png 1533w\" sizes=\"(max-width: 768px) 100vw, 768px\" \/>\t\t\t\t\t\t\t\t<\/a>\n\t\t\t\t\t\t\t\t\t\t\t\t\t\t\t<\/div>\n\t\t\t\t<\/div>\n\t\t\t\t<\/div>\n\t\t\t\t<div class=\"elementor-element elementor-element-826e156 elementor-widget elementor-widget-heading\" data-id=\"826e156\" data-element_type=\"widget\" data-widget_type=\"heading.default\">\n\t\t\t\t<div class=\"elementor-widget-container\">\n\t\t\t\t\t<h2 class=\"elementor-heading-title elementor-size-default\">A fundraiser to encourage young girls to be active for life!<\/h2>\t\t\t\t<\/div>\n\t\t\t\t<\/div>\n\t\t\t\t<div class=\"elementor-element elementor-element-a3df1c1 elementor-widget elementor-widget-image\" data-id=\"a3df1c1\" data-element_type=\"widget\" data-widget_type=\"image.default\">\n\t\t\t\t<div class=\"elementor-widget-container\">\n\t\t\t\t\t\t\t\t\t\t\t\t\t\t\t\t<a href=\"https:\/\/fillactive.ca\/\" target=\"_blank\" rel=\"noopener\">\n\t\t\t\t\t\t\t<img loading=\"lazy\" decoding=\"async\" width=\"599\" height=\"144\" src=\"https:\/\/complx.ca\/wp-content\/uploads\/2025\/08\/fillactive_logo2017_sans-fond-1-e1689612896870.webp\" class=\"attachment-large size-large wp-image-75201\" alt=\"\" srcset=\"https:\/\/complx.ca\/wp-content\/uploads\/2025\/08\/fillactive_logo2017_sans-fond-1-e1689612896870.webp 599w, https:\/\/complx.ca\/wp-content\/uploads\/2025\/08\/fillactive_logo2017_sans-fond-1-e1689612896870-300x72.webp 300w, https:\/\/complx.ca\/wp-content\/uploads\/2025\/08\/fillactive_logo2017_sans-fond-1-e1689612896870-18x4.webp 18w\" sizes=\"(max-width: 599px) 100vw, 599px\" \/>\t\t\t\t\t\t\t\t<\/a>\n\t\t\t\t\t\t\t\t\t\t\t\t\t\t\t<\/div>\n\t\t\t\t<\/div>\n\t\t\t\t\t<\/div>\n\t\t\t\t<\/div>\n\t\t<div class=\"elementor-element elementor-element-ba8ca7d e-flex e-con-boxed e-con e-parent\" data-id=\"ba8ca7d\" data-element_type=\"container\">\n\t\t\t\t\t<div class=\"e-con-inner\">\n\t\t<div class=\"elementor-element elementor-element-c106a42 e-con-full e-flex e-con e-child\" data-id=\"c106a42\" data-element_type=\"container\">\n\t\t\t\t<div class=\"elementor-element elementor-element-2dc6ce2 elementor-widget elementor-widget-image\" data-id=\"2dc6ce2\" data-element_type=\"widget\" data-widget_type=\"image.default\">\n\t\t\t\t<div class=\"elementor-widget-container\">\n\t\t\t\t\t\t\t\t\t\t\t\t\t\t\t<img loading=\"lazy\" decoding=\"async\" width=\"1024\" height=\"576\" src=\"https:\/\/complx.ca\/wp-content\/uploads\/2025\/08\/2026-1024x576.webp\" class=\"attachment-large size-large wp-image-75199\" alt=\"\" srcset=\"https:\/\/complx.ca\/wp-content\/uploads\/2025\/08\/2026-1024x576.webp 1024w, https:\/\/complx.ca\/wp-content\/uploads\/2025\/08\/2026-300x169.webp 300w, https:\/\/complx.ca\/wp-content\/uploads\/2025\/08\/2026-768x432.webp 768w, https:\/\/complx.ca\/wp-content\/uploads\/2025\/08\/2026-1536x864.webp 1536w, https:\/\/complx.ca\/wp-content\/uploads\/2025\/08\/2026-18x10.webp 18w, https:\/\/complx.ca\/wp-content\/uploads\/2025\/08\/2026-600x338.webp 600w, https:\/\/complx.ca\/wp-content\/uploads\/2025\/08\/2026.webp 1920w\" sizes=\"(max-width: 1024px) 100vw, 1024px\" \/>\t\t\t\t\t\t\t\t\t\t\t\t\t\t\t<\/div>\n\t\t\t\t<\/div>\n\t\t\t\t<div class=\"elementor-element elementor-element-2c52d64 elementor-widget elementor-widget-heading\" data-id=\"2c52d64\" data-element_type=\"widget\" data-widget_type=\"heading.default\">\n\t\t\t\t<div class=\"elementor-widget-container\">\n\t\t\t\t\t<h2 class=\"elementor-heading-title elementor-size-default\">Would you like to make a donation and support our event? <\/h2>\t\t\t\t<\/div>\n\t\t\t\t<\/div>\n\t\t\t\t<div class=\"elementor-element elementor-element-0fe7924 elementor-align-center elementor-widget elementor-widget-button\" data-id=\"0fe7924\" data-element_type=\"widget\" data-widget_type=\"button.default\">\n\t\t\t\t<div class=\"elementor-widget-container\">\n\t\t\t\t\t\t\t\t\t<div class=\"elementor-button-wrapper\">\n\t\t\t\t\t<a class=\"elementor-button elementor-button-link elementor-size-sm\" href=\"https:\/\/www.gofundme.com\/f\/rose-trek-maroc-2026-pour-filleactive\" target=\"_blank\" rel=\"noopener\">\n\t\t\t\t\t\t<span class=\"elementor-button-content-wrapper\">\n\t\t\t\t\t\t\t\t\t<span class=\"elementor-button-text\">Go Fund ME<\/span>\n\t\t\t\t\t<\/span>\n\t\t\t\t\t<\/a>\n\t\t\t\t<\/div>\n\t\t\t\t\t\t\t\t<\/div>\n\t\t\t\t<\/div>\n\t\t\t\t<\/div>\n\t\t<div class=\"elementor-element elementor-element-ff656d0 e-con-full e-flex e-con e-child\" data-id=\"ff656d0\" data-element_type=\"container\">\n\t\t\t\t<div class=\"elementor-element elementor-element-04de9f5 elementor-widget elementor-widget-heading\" data-id=\"04de9f5\" data-element_type=\"widget\" data-widget_type=\"heading.default\">\n\t\t\t\t<div class=\"elementor-widget-container\">\n\t\t\t\t\t<h2 class=\"elementor-heading-title elementor-size-default\">Roxanne and Julie<\/h2>\t\t\t\t<\/div>\n\t\t\t\t<\/div>\n\t\t\t\t<div class=\"elementor-element elementor-element-98b840e elementor-widget elementor-widget-text-editor\" data-id=\"98b840e\" data-element_type=\"widget\" data-widget_type=\"text-editor.default\">\n\t\t\t\t<div class=\"elementor-widget-container\">\n\t\t\t\t\t\t\t\t\t<div class=\"campaign-description_campaignDescription__6P_RU\"><div class=\"campaign-description_content__C1C_5 hrt-mt-3 campaign-description_isOpen__4cQeG\" data-testid=\"campaign-description\"><div><strong>Why are we doing the Rose Trek Maroc 2026?<\/strong><\/div><div>\u00a0<\/div><div>We are Roxanne and Julie, two passionate, committed women ready to take on an extraordinary challenge: crossing the Moroccan desert on foot as part of the Trek Rose Trip Maroc 2026.<\/div><div>\u00a0<\/div><div>But this journey is not just a personal adventure. It's a mission of the heart. We chose to embark on this expedition to raise funds for Fillactive, an organisation to which we are committed as leaders and which works to help young girls develop through sport and physical activity.<\/div><div>\u00a0<\/div><div>Through this march, we want to inspire, raise awareness and mobilise.\u00a0<strong>Every step we take in the sand will be a step towards greater fairness, greater confidence and more opportunities for girls here.<\/strong><\/div><div>\u00a0<\/div><div>We believe that surpassing oneself can be a powerful force for change and transformation. And we need your help to make this adventure a collective success!<\/div><div>\u00a0<\/div><div>Thank you for believing in us, for believing in this cause, and for walking with us... even from a distance.<\/div><div>\u00a0<\/div><div>Roxanne and Julie<\/div><\/div><\/div><div class=\"hrt-position-relative hrt-pt-4\"><div class=\"hrt-disp-flex hrt-align-center\">\u00a0<\/div><\/div>\t\t\t\t\t\t\t\t<\/div>\n\t\t\t\t<\/div>\n\t\t\t\t<\/div>\n\t\t\t\t\t<\/div>\n\t\t\t\t<\/div>\n\t\t<div class=\"elementor-element elementor-element-8f1760f e-flex e-con-boxed e-con e-parent\" data-id=\"8f1760f\" data-element_type=\"container\">\n\t\t\t\t\t<div class=\"e-con-inner\">\n\t\t\t\t<div class=\"elementor-element elementor-element-3029de1 elementor-widget elementor-widget-heading\" data-id=\"3029de1\" data-element_type=\"widget\" data-widget_type=\"heading.default\">\n\t\t\t\t<div class=\"elementor-widget-container\">\n\t\t\t\t\t<h2 class=\"elementor-heading-title elementor-size-default\">Would you like to sponsor our event?<\/h2>\t\t\t\t<\/div>\n\t\t\t\t<\/div>\n\t\t\t\t<div class=\"elementor-element elementor-element-136b8e4 elementor-align-center elementor-widget elementor-widget-button\" data-id=\"136b8e4\" data-element_type=\"widget\" data-widget_type=\"button.default\">\n\t\t\t\t<div class=\"elementor-widget-container\">\n\t\t\t\t\t\t\t\t\t<div class=\"elementor-button-wrapper\">\n\t\t\t\t\t<a class=\"elementor-button elementor-button-link elementor-size-sm\" href=\"https:\/\/complx.ca\/wp-content\/uploads\/2025\/08\/Plan-de-commandite-Trek-Rose-Trip.pdf\">\n\t\t\t\t\t\t<span class=\"elementor-button-content-wrapper\">\n\t\t\t\t\t\t\t\t\t<span class=\"elementor-button-text\">Download our sponsorship programme here<\/span>\n\t\t\t\t\t<\/span>\n\t\t\t\t\t<\/a>\n\t\t\t\t<\/div>\n\t\t\t\t\t\t\t\t<\/div>\n\t\t\t\t<\/div>\n\t\t\t\t\t<\/div>\n\t\t\t\t<\/div>\n\t\t<div class=\"elementor-element elementor-element-2db1274f e-flex e-con-boxed e-con e-parent\" data-id=\"2db1274f\" data-element_type=\"container\">\n\t\t\t\t\t<div class=\"e-con-inner\">\n\t\t<div class=\"elementor-element elementor-element-23b83c1 e-con-full e-flex e-con e-child\" data-id=\"23b83c1\" data-element_type=\"container\" data-settings=\"{&quot;background_background&quot;:&quot;classic&quot;}\">\n\t\t\t\t<div class=\"elementor-element elementor-element-3d0cc11b elementor-widget elementor-widget-heading\" data-id=\"3d0cc11b\" data-element_type=\"widget\" data-widget_type=\"heading.default\">\n\t\t\t\t<div class=\"elementor-widget-container\">\n\t\t\t\t\t<h2 class=\"elementor-heading-title elementor-size-default\">Don't miss any of our activities!<\/h2>\t\t\t\t<\/div>\n\t\t\t\t<\/div>\n\t\t\t\t<div class=\"elementor-element elementor-element-47b361ac elementor-widget elementor-widget-text-editor\" data-id=\"47b361ac\" data-element_type=\"widget\" data-widget_type=\"text-editor.default\">\n\t\t\t\t<div class=\"elementor-widget-container\">\n\t\t\t\t\t\t\t\t\t<p>Sign up for our newsletter to receive all the latest news from Team X!<\/p>\t\t\t\t\t\t\t\t<\/div>\n\t\t\t\t<\/div>\n\t\t\t\t<div class=\"elementor-element elementor-element-f554dec elementor-align-center elementor-widget elementor-widget-button\" data-id=\"f554dec\" data-element_type=\"widget\" data-widget_type=\"button.default\">\n\t\t\t\t<div class=\"elementor-widget-container\">\n\t\t\t\t\t\t\t\t\t<div class=\"elementor-button-wrapper\">\n\t\t\t\t\t<a class=\"elementor-button elementor-button-link elementor-size-sm\" href=\"https:\/\/share.hsforms.com\/1YnsVbV7VS2K7dbxaj5NF0Qd3hqz\" target=\"_blank\" rel=\"noopener\">\n\t\t\t\t\t\t<span class=\"elementor-button-content-wrapper\">\n\t\t\t\t\t\t\t\t\t<span class=\"elementor-button-text\">NEWSLETTER<\/span>\n\t\t\t\t\t<\/span>\n\t\t\t\t\t<\/a>\n\t\t\t\t<\/div>\n\t\t\t\t\t\t\t\t<\/div>\n\t\t\t\t<\/div>\n\t\t\t\t<\/div>\n\t\t\t\t\t<\/div>\n\t\t\t\t<\/div>\n\t\t\t\t<\/div>","protected":false},"excerpt":{"rendered":"<p>Complexe X Pr\u00e9sente Nous sommes fi\u00e8res d&#8217;\u00eatre ambassadrices pour une activit\u00e9 100% f\u00e9minine! En 2026, Roxanne et Julie marcheront le d\u00e9sert marocain pour amasser des fonds pour l&#8217;organisme Fillactive. Une lev\u00e9e de fonds pour encourager les jeunes filles \u00e0 \u00eatre actives pour la vie! Vous d\u00e9sirez faire un don et contribuer \u00e0 notre \u00e9v\u00e9nement? Go [&hellip;]<\/p>","protected":false},"author":3,"featured_media":75199,"parent":0,"menu_order":0,"comment_status":"closed","ping_status":"closed","template":"","meta":{"_acf_changed":false,"content-type":"","site-sidebar-layout":"no-sidebar","site-content-layout":"page-builder","ast-site-content-layout":"full-width-container","site-content-style":"default","site-sidebar-style":"default","ast-global-header-display":"","ast-banner-title-visibility":"","ast-main-header-display":"","ast-hfb-above-header-display":"","ast-hfb-below-header-display":"","ast-hfb-mobile-header-display":"","site-post-title":"disabled","ast-breadcrumbs-content":"","ast-featured-img":"disabled","footer-sml-layout":"","ast-disable-related-posts":"","theme-transparent-header-meta":"","adv-header-id-meta":"","stick-header-meta":"","header-above-stick-meta":"","header-main-stick-meta":"","header-below-stick-meta":"","astra-migrate-meta-layouts":"set","ast-page-background-enabled":"default","ast-page-background-meta":{"desktop":{"background-color":"","background-image":"","background-repeat":"repeat","background-position":"center center","background-size":"auto","background-attachment":"scroll","background-type":"","background-media":"","overlay-type":"","overlay-color":"","overlay-opacity":"","overlay-gradient":""},"tablet":{"background-color":"","background-image":"","background-repeat":"repeat","background-position":"center center","background-size":"auto","background-attachment":"scroll","background-type":"","background-media":"","overlay-type":"","overlay-color":"","overlay-opacity":"","overlay-gradient":""},"mobile":{"background-color":"","background-image":"","background-repeat":"repeat","background-position":"center center","background-size":"auto","background-attachment":"scroll","background-type":"","background-media":"","overlay-type":"","overlay-color":"","overlay-opacity":"","overlay-gradient":""}},"ast-content-background-meta":{"desktop":{"background-color":"var(--ast-global-color-5)","background-image":"","background-repeat":"repeat","background-position":"center center","background-size":"auto","background-attachment":"scroll","background-type":"","background-media":"","overlay-type":"","overlay-color":"","overlay-opacity":"","overlay-gradient":""},"tablet":{"background-color":"var(--ast-global-color-5)","background-image":"","background-repeat":"repeat","background-position":"center center","background-size":"auto","background-attachment":"scroll","background-type":"","background-media":"","overlay-type":"","overlay-color":"","overlay-opacity":"","overlay-gradient":""},"mobile":{"background-color":"var(--ast-global-color-5)","background-image":"","background-repeat":"repeat","background-position":"center center","background-size":"auto","background-attachment":"scroll","background-type":"","background-media":"","overlay-type":"","overlay-color":"","overlay-opacity":"","overlay-gradient":""}},"footnotes":""},"class_list":["post-75198","page","type-page","status-publish","has-post-thumbnail","hentry"],"acf":[],"_links":{"self":[{"href":"https:\/\/complx.ca\/en\/wp-json\/wp\/v2\/pages\/75198","targetHints":{"allow":["GET"]}}],"collection":[{"href":"https:\/\/complx.ca\/en\/wp-json\/wp\/v2\/pages"}],"about":[{"href":"https:\/\/complx.ca\/en\/wp-json\/wp\/v2\/types\/page"}],"author":[{"embeddable":true,"href":"https:\/\/complx.ca\/en\/wp-json\/wp\/v2\/users\/3"}],"replies":[{"embeddable":true,"href":"https:\/\/complx.ca\/en\/wp-json\/wp\/v2\/comments?post=75198"}],"version-history":[{"count":3,"href":"https:\/\/complx.ca\/en\/wp-json\/wp\/v2\/pages\/75198\/revisions"}],"predecessor-version":[{"id":79861,"href":"https:\/\/complx.ca\/en\/wp-json\/wp\/v2\/pages\/75198\/revisions\/79861"}],"wp:featuredmedia":[{"embeddable":true,"href":"https:\/\/complx.ca\/en\/wp-json\/wp\/v2\/media\/75199"}],"wp:attachment":[{"href":"https:\/\/complx.ca\/en\/wp-json\/wp\/v2\/media?parent=75198"}],"curies":[{"name":"wp","href":"https:\/\/api.w.org\/{rel}","templated":true}]}}