{"id":75368,"date":"2025-09-04T11:28:49","date_gmt":"2025-09-04T15:28:49","guid":{"rendered":"https:\/\/complx.ca\/?page_id=75368"},"modified":"2026-04-13T11:25:04","modified_gmt":"2026-04-13T15:25:04","slug":"sommet-du-leadership-au-feminin-virtuel-2026","status":"publish","type":"page","link":"https:\/\/complx.ca\/en\/sommet-du-leadership-au-feminin-virtuel-2026\/","title":{"rendered":"Virtual Women's Leadership Summit 2026"},"content":{"rendered":"<div data-elementor-type=\"wp-page\" data-elementor-id=\"75368\" class=\"elementor elementor-75368\" data-elementor-post-type=\"page\">\n\t\t\t\t<div class=\"elementor-element elementor-element-1abf2059 e-flex e-con-boxed e-con e-parent\" data-id=\"1abf2059\" data-element_type=\"container\" data-settings=\"{&quot;background_background&quot;:&quot;classic&quot;}\">\n\t\t\t\t\t<div class=\"e-con-inner\">\n\t\t<div class=\"elementor-element elementor-element-15245765 e-con-full e-flex e-con e-child\" data-id=\"15245765\" data-element_type=\"container\">\n\t\t\t\t<div class=\"elementor-element elementor-element-aeebea9 elementor-widget elementor-widget-image\" data-id=\"aeebea9\" data-element_type=\"widget\" data-widget_type=\"image.default\">\n\t\t\t\t<div class=\"elementor-widget-container\">\n\t\t\t\t\t\t\t\t\t\t\t\t\t\t\t\t<a href=\"https:\/\/complx.ca\/en\/\">\n\t\t\t\t\t\t\t<img decoding=\"async\" width=\"150\" height=\"150\" src=\"https:\/\/complx.ca\/wp-content\/uploads\/2024\/07\/ComplexeX_logos_secondaire-150x150.png\" class=\"attachment-thumbnail size-thumbnail wp-image-66167\" alt=\"TCFQ\" srcset=\"https:\/\/complx.ca\/wp-content\/uploads\/2024\/07\/ComplexeX_logos_secondaire-150x150.png 150w, https:\/\/complx.ca\/wp-content\/uploads\/2024\/07\/ComplexeX_logos_secondaire-300x300.png 300w, https:\/\/complx.ca\/wp-content\/uploads\/2024\/07\/ComplexeX_logos_secondaire-100x100.png 100w\" sizes=\"(max-width: 150px) 100vw, 150px\" \/>\t\t\t\t\t\t\t\t<\/a>\n\t\t\t\t\t\t\t\t\t\t\t\t\t\t\t<\/div>\n\t\t\t\t<\/div>\n\t\t\t\t<div class=\"elementor-element elementor-element-6a7ec149 elementor-widget elementor-widget-heading\" data-id=\"6a7ec149\" data-element_type=\"widget\" data-widget_type=\"heading.default\">\n\t\t\t\t<div class=\"elementor-widget-container\">\n\t\t\t\t\t<h6 class=\"elementor-heading-title elementor-size-default\">Complex X Present<\/h6>\t\t\t\t<\/div>\n\t\t\t\t<\/div>\n\t\t<div class=\"elementor-element elementor-element-9befe29 e-flex e-con-boxed e-con e-child\" data-id=\"9befe29\" data-element_type=\"container\">\n\t\t\t\t\t<div class=\"e-con-inner\">\n\t\t\t\t<div class=\"elementor-element elementor-element-451e6e36 elementor-widget elementor-widget-heading\" data-id=\"451e6e36\" data-element_type=\"widget\" data-widget_type=\"heading.default\">\n\t\t\t\t<div class=\"elementor-widget-container\">\n\t\t\t\t\t<h1 class=\"elementor-heading-title elementor-size-default\">The \"Virtual Women's Leadership Summit\"<\/h1>\t\t\t\t<\/div>\n\t\t\t\t<\/div>\n\t\t\t\t\t<\/div>\n\t\t\t\t<\/div>\n\t\t\t\t<div class=\"elementor-element elementor-element-e5999db elementor-widget elementor-widget-heading\" data-id=\"e5999db\" data-element_type=\"widget\" data-widget_type=\"heading.default\">\n\t\t\t\t<div class=\"elementor-widget-container\">\n\t\t\t\t\t<h4 class=\"elementor-heading-title elementor-size-default\">6 May 2026<br>From 9:00 to 16:00 via Zoom<\/h4>\t\t\t\t<\/div>\n\t\t\t\t<\/div>\n\t\t\t\t<div class=\"elementor-element elementor-element-5b72a49 elementor-widget elementor-widget-spacer\" data-id=\"5b72a49\" data-element_type=\"widget\" data-widget_type=\"spacer.default\">\n\t\t\t\t<div class=\"elementor-widget-container\">\n\t\t\t\t\t\t\t<div class=\"elementor-spacer\">\n\t\t\t<div class=\"elementor-spacer-inner\"><\/div>\n\t\t<\/div>\n\t\t\t\t\t\t<\/div>\n\t\t\t\t<\/div>\n\t\t\t\t<\/div>\n\t\t\t\t\t<\/div>\n\t\t\t\t<\/div>\n\t\t<div class=\"elementor-element elementor-element-6844481 e-grid e-con-boxed e-con e-parent\" data-id=\"6844481\" data-element_type=\"container\">\n\t\t\t\t\t<div class=\"e-con-inner\">\n\t\t\t\t<div class=\"elementor-element elementor-element-6ae962e elementor-widget elementor-widget-video\" data-id=\"6ae962e\" data-element_type=\"widget\" data-settings=\"{&quot;video_type&quot;:&quot;vimeo&quot;,&quot;loop&quot;:&quot;yes&quot;}\" data-widget_type=\"video.default\">\n\t\t\t\t<div class=\"elementor-widget-container\">\n\t\t\t\t\t\t\t<div class=\"elementor-wrapper elementor-open-inline\">\n\t\t\t<iframe class=\"elementor-video-iframe\" allowfullscreen allow=\"clipboard-write\" title=\"vimeo video player\" src=\"https:\/\/player.vimeo.com\/video\/1138636009?color&amp;autopause=0&amp;loop=1&amp;muted=0&amp;title=0&amp;portrait=0&amp;byline=0&amp;h=8ec94bcb41#t=\"><\/iframe>\t\t<\/div>\n\t\t\t\t\t\t<\/div>\n\t\t\t\t<\/div>\n\t\t\t\t\t<\/div>\n\t\t\t\t<\/div>\n\t\t<div class=\"elementor-element elementor-element-e19027b e-flex e-con-boxed e-con e-parent\" data-id=\"e19027b\" data-element_type=\"container\">\n\t\t\t\t\t<div class=\"e-con-inner\">\n\t\t\t\t<div class=\"elementor-element elementor-element-6fb7c1a elementor-widget-divider--view-line elementor-widget elementor-widget-divider\" data-id=\"6fb7c1a\" data-element_type=\"widget\" data-widget_type=\"divider.default\">\n\t\t\t\t<div class=\"elementor-widget-container\">\n\t\t\t\t\t\t\t<div class=\"elementor-divider\">\n\t\t\t<span class=\"elementor-divider-separator\">\n\t\t\t\t\t\t<\/span>\n\t\t<\/div>\n\t\t\t\t\t\t<\/div>\n\t\t\t\t<\/div>\n\t\t\t\t<div class=\"elementor-element elementor-element-fc71dfa elementor-align-center elementor-widget elementor-widget-button\" data-id=\"fc71dfa\" data-element_type=\"widget\" data-widget_type=\"button.default\">\n\t\t\t\t<div class=\"elementor-widget-container\">\n\t\t\t\t\t\t\t\t\t<div class=\"elementor-button-wrapper\">\n\t\t\t\t\t<a class=\"elementor-button elementor-button-link elementor-size-sm\" href=\"https:\/\/gocomplx.info\/sommetlaf2026\" target=\"_blank\" rel=\"noopener\">\n\t\t\t\t\t\t<span class=\"elementor-button-content-wrapper\">\n\t\t\t\t\t\t\t\t\t<span class=\"elementor-button-text\">Register here<\/span>\n\t\t\t\t\t<\/span>\n\t\t\t\t\t<\/a>\n\t\t\t\t<\/div>\n\t\t\t\t\t\t\t\t<\/div>\n\t\t\t\t<\/div>\n\t\t\t\t<div class=\"elementor-element elementor-element-826e156 elementor-widget elementor-widget-heading\" data-id=\"826e156\" data-element_type=\"widget\" data-widget_type=\"heading.default\">\n\t\t\t\t<div class=\"elementor-widget-container\">\n\t\t\t\t\t<h1 class=\"elementor-heading-title elementor-size-default\">Virtual event: Leadership for women<\/h1>\t\t\t\t<\/div>\n\t\t\t\t<\/div>\n\t\t\t\t<div class=\"elementor-element elementor-element-252212d elementor-widget elementor-widget-text-editor\" data-id=\"252212d\" data-element_type=\"widget\" data-widget_type=\"text-editor.default\">\n\t\t\t\t<div class=\"elementor-widget-container\">\n\t\t\t\t\t\t\t\t\t<h3><strong>Get ready for an immersive experience, designed for ambitious, curious women who are ready to redefine their relationship with performance and leadership.<\/strong> <strong>Our virtual event, bringing together passionate speakers and committed participants, celebrates the power of the collective while encouraging individual development.<\/strong><\/h3>\n<h3>\u00a0<\/h3>\n<h3><span style=\"text-decoration: underline;\"><strong>Part 1: Health and balance<\/strong><\/span><\/h3>\n<p>We'll start with a talk entitled \u00abStepping out of perfection\u00bb, an invitation to explore and deconstruct the unrealistic standards that stand in the way of authenticity. The workshop on self-esteem will allow us to revisit the past without getting stuck in it, to transform each experience into a springboard for action.<\/p>\n<p>Next, the 4 pillars of a high-performance brain will be discussed:<\/p>\n<ul>\n<li>Nutrition for mental vitality<\/li>\n<li>Managing stress and emotions<\/li>\n<li>Optimising sleep<\/li>\n<li>Physical activity for energy \u00a0<\/li>\n<\/ul>\n<h3><span style=\"text-decoration: underline;\"><strong>Part 2: Leadership and performance<\/strong><\/span><\/h3>\n<p>We will continue with discussions to deconstruct the myths associated with performance, by putting forward an inclusive and caring approach. Women will be invited to explore the power of neuroplasticity to boost motivation and confidence, and then to discover how chronobiology can transform everyday time management.<\/p>\n<h3><span style=\"text-decoration: underline;\"><strong>Closing: It's your turn to play<\/strong><\/span><\/h3>\n<p>The day will conclude with an interactive summary, encouraged by the strength of the group. Each member will leave with concrete tools to dare to take action and shape a leadership style that reflects their deepest aspirations.<\/p>\n<p>This virtual gathering is much more than a training course: it's the starting point of a collective adventure, where every voice counts and where leadership takes on the face of diversity and solidarity.<\/p>\t\t\t\t\t\t\t\t<\/div>\n\t\t\t\t<\/div>\n\t\t\t\t\t<\/div>\n\t\t\t\t<\/div>\n\t\t<div class=\"elementor-element elementor-element-ba8ca7d e-flex e-con-boxed e-con e-parent\" data-id=\"ba8ca7d\" data-element_type=\"container\">\n\t\t\t\t\t<div class=\"e-con-inner\">\n\t\t<div class=\"elementor-element elementor-element-c106a42 e-con-full e-flex e-con e-child\" data-id=\"c106a42\" data-element_type=\"container\">\n\t\t\t\t<div class=\"elementor-element elementor-element-f64cb05 elementor-widget elementor-widget-image\" data-id=\"f64cb05\" data-element_type=\"widget\" data-widget_type=\"image.default\">\n\t\t\t\t<div class=\"elementor-widget-container\">\n\t\t\t\t\t\t\t\t\t\t\t\t\t\t\t\t<a href=\"https:\/\/gocomplx.info\/sommetlaf2026\" target=\"_blank\" rel=\"noopener\">\n\t\t\t\t\t\t\t<img fetchpriority=\"high\" decoding=\"async\" width=\"1024\" height=\"683\" src=\"https:\/\/complx.ca\/wp-content\/uploads\/2025\/11\/THUMB-GRATUIT-1024x683.webp\" class=\"attachment-large size-large wp-image-77408\" alt=\"\" srcset=\"https:\/\/complx.ca\/wp-content\/uploads\/2025\/11\/THUMB-GRATUIT-1024x683.webp 1024w, https:\/\/complx.ca\/wp-content\/uploads\/2025\/11\/THUMB-GRATUIT-300x200.webp 300w, https:\/\/complx.ca\/wp-content\/uploads\/2025\/11\/THUMB-GRATUIT-768x512.webp 768w, https:\/\/complx.ca\/wp-content\/uploads\/2025\/11\/THUMB-GRATUIT-1536x1024.webp 1536w, https:\/\/complx.ca\/wp-content\/uploads\/2025\/11\/THUMB-GRATUIT-18x12.webp 18w, https:\/\/complx.ca\/wp-content\/uploads\/2025\/11\/THUMB-GRATUIT-600x400.webp 600w, https:\/\/complx.ca\/wp-content\/uploads\/2025\/11\/THUMB-GRATUIT.webp 1800w\" sizes=\"(max-width: 1024px) 100vw, 1024px\" \/>\t\t\t\t\t\t\t\t<\/a>\n\t\t\t\t\t\t\t\t\t\t\t\t\t\t\t<\/div>\n\t\t\t\t<\/div>\n\t\t\t\t<\/div>\n\t\t<div class=\"elementor-element elementor-element-ff656d0 e-con-full e-flex e-con e-child\" data-id=\"ff656d0\" data-element_type=\"container\">\n\t\t\t\t<div class=\"elementor-element elementor-element-04de9f5 elementor-widget elementor-widget-heading\" data-id=\"04de9f5\" data-element_type=\"widget\" data-widget_type=\"heading.default\">\n\t\t\t\t<div class=\"elementor-widget-container\">\n\t\t\t\t\t<h2 class=\"elementor-heading-title elementor-size-default\">A free 100% day<\/h2>\t\t\t\t<\/div>\n\t\t\t\t<\/div>\n\t\t\t\t<div class=\"elementor-element elementor-element-98b840e elementor-widget elementor-widget-text-editor\" data-id=\"98b840e\" data-element_type=\"widget\" data-widget_type=\"text-editor.default\">\n\t\t\t\t<div class=\"elementor-widget-container\">\n\t\t\t\t\t\t\t\t\t<h3>Our team is offering you a free day of 100% training!<\/h3><h3>A great opportunity to put women's leadership at the forefront of your organisation and take a step towards your sustainable development objectives!<\/h3><h3>You'll leave equipped and inspired to reach your full potential.<\/h3>\t\t\t\t\t\t\t\t<\/div>\n\t\t\t\t<\/div>\n\t\t\t\t<div class=\"elementor-element elementor-element-4d28d6e elementor-align-center elementor-widget elementor-widget-button\" data-id=\"4d28d6e\" data-element_type=\"widget\" data-widget_type=\"button.default\">\n\t\t\t\t<div class=\"elementor-widget-container\">\n\t\t\t\t\t\t\t\t\t<div class=\"elementor-button-wrapper\">\n\t\t\t\t\t<a class=\"elementor-button elementor-button-link elementor-size-sm\" href=\"https:\/\/gocomplx.info\/sommetlaf2026\" target=\"_blank\" rel=\"noopener\">\n\t\t\t\t\t\t<span class=\"elementor-button-content-wrapper\">\n\t\t\t\t\t\t\t\t\t<span class=\"elementor-button-text\">Register here<\/span>\n\t\t\t\t\t<\/span>\n\t\t\t\t\t<\/a>\n\t\t\t\t<\/div>\n\t\t\t\t\t\t\t\t<\/div>\n\t\t\t\t<\/div>\n\t\t\t\t<\/div>\n\t\t\t\t\t<\/div>\n\t\t\t\t<\/div>\n\t\t<div class=\"elementor-element elementor-element-bd61cc9 e-flex e-con-boxed e-con e-parent\" data-id=\"bd61cc9\" data-element_type=\"container\">\n\t\t\t\t\t<div class=\"e-con-inner\">\n\t\t<div class=\"elementor-element elementor-element-5a142aa e-con-full e-flex e-con e-child\" data-id=\"5a142aa\" data-element_type=\"container\">\n\t\t\t\t<div class=\"elementor-element elementor-element-d9d02e2 elementor-widget elementor-widget-heading\" data-id=\"d9d02e2\" data-element_type=\"widget\" data-widget_type=\"heading.default\">\n\t\t\t\t<div class=\"elementor-widget-container\">\n\t\t\t\t\t<h2 class=\"elementor-heading-title elementor-size-default\">A toolbox emailed to each participant before the event<\/h2>\t\t\t\t<\/div>\n\t\t\t\t<\/div>\n\t\t\t\t<div class=\"elementor-element elementor-element-34892db elementor-widget elementor-widget-image\" data-id=\"34892db\" data-element_type=\"widget\" data-widget_type=\"image.default\">\n\t\t\t\t<div class=\"elementor-widget-container\">\n\t\t\t\t\t\t\t\t\t\t\t\t\t\t\t\t<a href=\"https:\/\/gocomplx.info\/sommetlaf2026\" target=\"_blank\" rel=\"noopener\">\n\t\t\t\t\t\t\t<img decoding=\"async\" width=\"1024\" height=\"683\" src=\"https:\/\/complx.ca\/wp-content\/uploads\/2025\/11\/THUMB-OUTILS-1024x683.webp\" class=\"attachment-large size-large wp-image-77409\" alt=\"\" srcset=\"https:\/\/complx.ca\/wp-content\/uploads\/2025\/11\/THUMB-OUTILS-1024x683.webp 1024w, https:\/\/complx.ca\/wp-content\/uploads\/2025\/11\/THUMB-OUTILS-300x200.webp 300w, https:\/\/complx.ca\/wp-content\/uploads\/2025\/11\/THUMB-OUTILS-768x512.webp 768w, https:\/\/complx.ca\/wp-content\/uploads\/2025\/11\/THUMB-OUTILS-1536x1024.webp 1536w, https:\/\/complx.ca\/wp-content\/uploads\/2025\/11\/THUMB-OUTILS-18x12.webp 18w, https:\/\/complx.ca\/wp-content\/uploads\/2025\/11\/THUMB-OUTILS-600x400.webp 600w, https:\/\/complx.ca\/wp-content\/uploads\/2025\/11\/THUMB-OUTILS.webp 1800w\" sizes=\"(max-width: 1024px) 100vw, 1024px\" \/>\t\t\t\t\t\t\t\t<\/a>\n\t\t\t\t\t\t\t\t\t\t\t\t\t\t\t<\/div>\n\t\t\t\t<\/div>\n\t\t\t\t<\/div>\n\t\t<div class=\"elementor-element elementor-element-bdfa695 e-con-full e-flex e-con e-child\" data-id=\"bdfa695\" data-element_type=\"container\">\n\t\t\t\t<div class=\"elementor-element elementor-element-3604b7c elementor-widget elementor-widget-heading\" data-id=\"3604b7c\" data-element_type=\"widget\" data-widget_type=\"heading.default\">\n\t\t\t\t<div class=\"elementor-widget-container\">\n\t\t\t\t\t<h2 class=\"elementor-heading-title elementor-size-default\">6 hours of training by our experts Roxanne and Julie and a presentation by Sylvain<\/h2>\t\t\t\t<\/div>\n\t\t\t\t<\/div>\n\t\t\t\t<div class=\"elementor-element elementor-element-b214737 elementor-widget elementor-widget-image\" data-id=\"b214737\" data-element_type=\"widget\" data-widget_type=\"image.default\">\n\t\t\t\t<div class=\"elementor-widget-container\">\n\t\t\t\t\t\t\t\t\t\t\t\t\t\t\t\t<a href=\"https:\/\/gocomplx.info\/sommetlaf2026\" target=\"_blank\" rel=\"noopener\">\n\t\t\t\t\t\t\t<img loading=\"lazy\" decoding=\"async\" width=\"1024\" height=\"683\" src=\"https:\/\/complx.ca\/wp-content\/uploads\/2026\/04\/THUMB-TEAM2-1024x683.png\" class=\"attachment-large size-large wp-image-80214\" alt=\"\" srcset=\"https:\/\/complx.ca\/wp-content\/uploads\/2026\/04\/THUMB-TEAM2-1024x683.png 1024w, https:\/\/complx.ca\/wp-content\/uploads\/2026\/04\/THUMB-TEAM2-300x200.png 300w, https:\/\/complx.ca\/wp-content\/uploads\/2026\/04\/THUMB-TEAM2-768x512.png 768w, https:\/\/complx.ca\/wp-content\/uploads\/2026\/04\/THUMB-TEAM2-1536x1024.png 1536w, https:\/\/complx.ca\/wp-content\/uploads\/2026\/04\/THUMB-TEAM2-18x12.png 18w, https:\/\/complx.ca\/wp-content\/uploads\/2026\/04\/THUMB-TEAM2-600x400.png 600w, https:\/\/complx.ca\/wp-content\/uploads\/2026\/04\/THUMB-TEAM2.png 1800w\" sizes=\"(max-width: 1024px) 100vw, 1024px\" \/>\t\t\t\t\t\t\t\t<\/a>\n\t\t\t\t\t\t\t\t\t\t\t\t\t\t\t<\/div>\n\t\t\t\t<\/div>\n\t\t\t\t<\/div>\n\t\t\t\t\t<\/div>\n\t\t\t\t<\/div>\n\t\t<div class=\"elementor-element elementor-element-2db1274f e-flex e-con-boxed e-con e-parent\" data-id=\"2db1274f\" data-element_type=\"container\">\n\t\t\t\t\t<div class=\"e-con-inner\">\n\t\t<div class=\"elementor-element elementor-element-23b83c1 e-con-full e-flex e-con e-child\" data-id=\"23b83c1\" data-element_type=\"container\" data-settings=\"{&quot;background_background&quot;:&quot;classic&quot;}\">\n\t\t\t\t<div class=\"elementor-element elementor-element-3d0cc11b elementor-widget elementor-widget-heading\" data-id=\"3d0cc11b\" data-element_type=\"widget\" data-widget_type=\"heading.default\">\n\t\t\t\t<div class=\"elementor-widget-container\">\n\t\t\t\t\t<h2 class=\"elementor-heading-title elementor-size-default\">Don't miss any of our activities!<\/h2>\t\t\t\t<\/div>\n\t\t\t\t<\/div>\n\t\t\t\t<div class=\"elementor-element elementor-element-47b361ac elementor-widget elementor-widget-text-editor\" data-id=\"47b361ac\" data-element_type=\"widget\" data-widget_type=\"text-editor.default\">\n\t\t\t\t<div class=\"elementor-widget-container\">\n\t\t\t\t\t\t\t\t\t<p>Sign up for our newsletter to receive all the latest news from Team X!<\/p>\t\t\t\t\t\t\t\t<\/div>\n\t\t\t\t<\/div>\n\t\t\t\t<div class=\"elementor-element elementor-element-f554dec elementor-align-center elementor-widget elementor-widget-button\" data-id=\"f554dec\" data-element_type=\"widget\" data-widget_type=\"button.default\">\n\t\t\t\t<div class=\"elementor-widget-container\">\n\t\t\t\t\t\t\t\t\t<div class=\"elementor-button-wrapper\">\n\t\t\t\t\t<a class=\"elementor-button elementor-button-link elementor-size-sm\" href=\"https:\/\/share.hsforms.com\/1YnsVbV7VS2K7dbxaj5NF0Qd3hqz\" target=\"_blank\" rel=\"noopener\">\n\t\t\t\t\t\t<span class=\"elementor-button-content-wrapper\">\n\t\t\t\t\t\t\t\t\t<span class=\"elementor-button-text\">NEWSLETTER<\/span>\n\t\t\t\t\t<\/span>\n\t\t\t\t\t<\/a>\n\t\t\t\t<\/div>\n\t\t\t\t\t\t\t\t<\/div>\n\t\t\t\t<\/div>\n\t\t\t\t<\/div>\n\t\t\t\t\t<\/div>\n\t\t\t\t<\/div>\n\t\t\t\t<\/div>","protected":false},"excerpt":{"rendered":"<p>Complexe X Pr\u00e9sente Le &#8220;Sommet du leadership au f\u00e9minin virtuel&#8221; Le 6 mai 2026De 9:00 \u00e0 16:00 via Zoom Inscrivez-vous ici \u00c9v\u00e9nement virtuel : Leadership au f\u00e9minin Pr\u00e9parez-vous \u00e0 vivre une exp\u00e9rience immersive, pens\u00e9e pour les femmes ambitieuses, curieuses et pr\u00eates \u00e0 red\u00e9finir leur rapport \u00e0 la performance et au leadership. Notre \u00e9v\u00e9nement virtuel, rassemblant [&hellip;]<\/p>","protected":false},"author":3,"featured_media":75370,"parent":0,"menu_order":0,"comment_status":"closed","ping_status":"closed","template":"","meta":{"_acf_changed":false,"content-type":"","site-sidebar-layout":"no-sidebar","site-content-layout":"page-builder","ast-site-content-layout":"full-width-container","site-content-style":"default","site-sidebar-style":"default","ast-global-header-display":"","ast-banner-title-visibility":"","ast-main-header-display":"","ast-hfb-above-header-display":"","ast-hfb-below-header-display":"","ast-hfb-mobile-header-display":"","site-post-title":"disabled","ast-breadcrumbs-content":"","ast-featured-img":"disabled","footer-sml-layout":"","ast-disable-related-posts":"","theme-transparent-header-meta":"","adv-header-id-meta":"","stick-header-meta":"","header-above-stick-meta":"","header-main-stick-meta":"","header-below-stick-meta":"","astra-migrate-meta-layouts":"set","ast-page-background-enabled":"default","ast-page-background-meta":{"desktop":{"background-color":"","background-image":"","background-repeat":"repeat","background-position":"center center","background-size":"auto","background-attachment":"scroll","background-type":"","background-media":"","overlay-type":"","overlay-color":"","overlay-opacity":"","overlay-gradient":""},"tablet":{"background-color":"","background-image":"","background-repeat":"repeat","background-position":"center center","background-size":"auto","background-attachment":"scroll","background-type":"","background-media":"","overlay-type":"","overlay-color":"","overlay-opacity":"","overlay-gradient":""},"mobile":{"background-color":"","background-image":"","background-repeat":"repeat","background-position":"center center","background-size":"auto","background-attachment":"scroll","background-type":"","background-media":"","overlay-type":"","overlay-color":"","overlay-opacity":"","overlay-gradient":""}},"ast-content-background-meta":{"desktop":{"background-color":"var(--ast-global-color-5)","background-image":"","background-repeat":"repeat","background-position":"center center","background-size":"auto","background-attachment":"scroll","background-type":"","background-media":"","overlay-type":"","overlay-color":"","overlay-opacity":"","overlay-gradient":""},"tablet":{"background-color":"var(--ast-global-color-5)","background-image":"","background-repeat":"repeat","background-position":"center center","background-size":"auto","background-attachment":"scroll","background-type":"","background-media":"","overlay-type":"","overlay-color":"","overlay-opacity":"","overlay-gradient":""},"mobile":{"background-color":"var(--ast-global-color-5)","background-image":"","background-repeat":"repeat","background-position":"center center","background-size":"auto","background-attachment":"scroll","background-type":"","background-media":"","overlay-type":"","overlay-color":"","overlay-opacity":"","overlay-gradient":""}},"footnotes":""},"class_list":["post-75368","page","type-page","status-publish","has-post-thumbnail","hentry"],"acf":[],"_links":{"self":[{"href":"https:\/\/complx.ca\/en\/wp-json\/wp\/v2\/pages\/75368","targetHints":{"allow":["GET"]}}],"collection":[{"href":"https:\/\/complx.ca\/en\/wp-json\/wp\/v2\/pages"}],"about":[{"href":"https:\/\/complx.ca\/en\/wp-json\/wp\/v2\/types\/page"}],"author":[{"embeddable":true,"href":"https:\/\/complx.ca\/en\/wp-json\/wp\/v2\/users\/3"}],"replies":[{"embeddable":true,"href":"https:\/\/complx.ca\/en\/wp-json\/wp\/v2\/comments?post=75368"}],"version-history":[{"count":3,"href":"https:\/\/complx.ca\/en\/wp-json\/wp\/v2\/pages\/75368\/revisions"}],"predecessor-version":[{"id":80217,"href":"https:\/\/complx.ca\/en\/wp-json\/wp\/v2\/pages\/75368\/revisions\/80217"}],"wp:featuredmedia":[{"embeddable":true,"href":"https:\/\/complx.ca\/en\/wp-json\/wp\/v2\/media\/75370"}],"wp:attachment":[{"href":"https:\/\/complx.ca\/en\/wp-json\/wp\/v2\/media?parent=75368"}],"curies":[{"name":"wp","href":"https:\/\/api.w.org\/{rel}","templated":true}]}}