{"id":77155,"date":"2025-11-11T09:31:40","date_gmt":"2025-11-11T14:31:40","guid":{"rendered":"https:\/\/complx.ca\/?page_id=77155"},"modified":"2025-11-11T10:09:10","modified_gmt":"2025-11-11T15:09:10","slug":"programme-ambassadeurs-et-ambassadrices","status":"publish","type":"page","link":"https:\/\/complx.ca\/en\/programme-ambassadeurs-et-ambassadrices\/","title":{"rendered":"Ambassadors programme"},"content":{"rendered":"<div data-elementor-type=\"wp-page\" data-elementor-id=\"77155\" class=\"elementor elementor-77155\" data-elementor-post-type=\"page\">\n\t\t\t\t<div class=\"elementor-element elementor-element-1abf2059 e-flex e-con-boxed e-con e-parent\" data-id=\"1abf2059\" data-element_type=\"container\" data-settings=\"{&quot;background_background&quot;:&quot;classic&quot;}\">\n\t\t\t\t\t<div class=\"e-con-inner\">\n\t\t<div class=\"elementor-element elementor-element-15245765 e-con-full e-flex e-con e-child\" data-id=\"15245765\" data-element_type=\"container\">\n\t\t\t\t<div class=\"elementor-element elementor-element-aeebea9 elementor-widget elementor-widget-image\" data-id=\"aeebea9\" data-element_type=\"widget\" data-widget_type=\"image.default\">\n\t\t\t\t<div class=\"elementor-widget-container\">\n\t\t\t\t\t\t\t\t\t\t\t\t\t\t\t\t<a href=\"https:\/\/complx.ca\/en\/\">\n\t\t\t\t\t\t\t<img decoding=\"async\" width=\"150\" height=\"150\" src=\"https:\/\/complx.ca\/wp-content\/uploads\/2024\/07\/ComplexeX_logos_secondaire-150x150.png\" class=\"attachment-thumbnail size-thumbnail wp-image-66167\" alt=\"TCFQ\" srcset=\"https:\/\/complx.ca\/wp-content\/uploads\/2024\/07\/ComplexeX_logos_secondaire-150x150.png 150w, https:\/\/complx.ca\/wp-content\/uploads\/2024\/07\/ComplexeX_logos_secondaire-300x300.png 300w, https:\/\/complx.ca\/wp-content\/uploads\/2024\/07\/ComplexeX_logos_secondaire-100x100.png 100w\" sizes=\"(max-width: 150px) 100vw, 150px\" \/>\t\t\t\t\t\t\t\t<\/a>\n\t\t\t\t\t\t\t\t\t\t\t\t\t\t\t<\/div>\n\t\t\t\t<\/div>\n\t\t\t\t<div class=\"elementor-element elementor-element-6a7ec149 elementor-widget elementor-widget-heading\" data-id=\"6a7ec149\" data-element_type=\"widget\" data-widget_type=\"heading.default\">\n\t\t\t\t<div class=\"elementor-widget-container\">\n\t\t\t\t\t<h6 class=\"elementor-heading-title elementor-size-default\">Complex X Present<\/h6>\t\t\t\t<\/div>\n\t\t\t\t<\/div>\n\t\t\t\t<div class=\"elementor-element elementor-element-451e6e36 elementor-widget elementor-widget-heading\" data-id=\"451e6e36\" data-element_type=\"widget\" data-widget_type=\"heading.default\">\n\t\t\t\t<div class=\"elementor-widget-container\">\n\t\t\t\t\t<h1 class=\"elementor-heading-title elementor-size-default\">The ambassadors &amp; ambassadresses programme<\/h1>\t\t\t\t<\/div>\n\t\t\t\t<\/div>\n\t\t\t\t<div class=\"elementor-element elementor-element-72968006 elementor-widget elementor-widget-text-editor\" data-id=\"72968006\" data-element_type=\"widget\" data-widget_type=\"text-editor.default\">\n\t\t\t\t<div class=\"elementor-widget-container\">\n\t\t\t\t\t\t\t\t\t<h3>Because we want to thank our loyal customers for coming and making Complexe X shine.<\/h3>\t\t\t\t\t\t\t\t<\/div>\n\t\t\t\t<\/div>\n\t\t\t\t<\/div>\n\t\t<div class=\"elementor-element elementor-element-3780f259 e-con-full e-flex e-con e-child\" data-id=\"3780f259\" data-element_type=\"container\">\n\t\t\t\t<div class=\"elementor-element elementor-element-2f8076e elementor-widget elementor-widget-image\" data-id=\"2f8076e\" data-element_type=\"widget\" data-widget_type=\"image.default\">\n\t\t\t\t<div class=\"elementor-widget-container\">\n\t\t\t\t\t\t\t\t\t\t\t\t\t\t\t<img fetchpriority=\"high\" decoding=\"async\" width=\"1080\" height=\"1080\" src=\"https:\/\/complx.ca\/wp-content\/uploads\/2025\/11\/1.webp\" class=\"attachment-full size-full wp-image-77207\" alt=\"\" srcset=\"https:\/\/complx.ca\/wp-content\/uploads\/2025\/11\/1.webp 1080w, https:\/\/complx.ca\/wp-content\/uploads\/2025\/11\/1-300x300.webp 300w, https:\/\/complx.ca\/wp-content\/uploads\/2025\/11\/1-1024x1024.webp 1024w, https:\/\/complx.ca\/wp-content\/uploads\/2025\/11\/1-150x150.webp 150w, https:\/\/complx.ca\/wp-content\/uploads\/2025\/11\/1-768x768.webp 768w, https:\/\/complx.ca\/wp-content\/uploads\/2025\/11\/1-12x12.webp 12w, https:\/\/complx.ca\/wp-content\/uploads\/2025\/11\/1-600x600.webp 600w, https:\/\/complx.ca\/wp-content\/uploads\/2025\/11\/1-100x100.webp 100w\" sizes=\"(max-width: 1080px) 100vw, 1080px\" \/>\t\t\t\t\t\t\t\t\t\t\t\t\t\t\t<\/div>\n\t\t\t\t<\/div>\n\t\t\t\t<\/div>\n\t\t\t\t\t<\/div>\n\t\t\t\t<\/div>\n\t\t<div class=\"elementor-element elementor-element-64879000 e-flex e-con-boxed e-con e-parent\" data-id=\"64879000\" data-element_type=\"container\" id=\"learn\" data-settings=\"{&quot;background_background&quot;:&quot;classic&quot;}\">\n\t\t\t\t\t<div class=\"e-con-inner\">\n\t\t<div class=\"elementor-element elementor-element-5f9674ea e-con-full e-flex e-con e-child\" data-id=\"5f9674ea\" data-element_type=\"container\">\n\t\t\t\t<div class=\"elementor-element elementor-element-cfd31d5 elementor-widget elementor-widget-heading\" data-id=\"cfd31d5\" data-element_type=\"widget\" data-widget_type=\"heading.default\">\n\t\t\t\t<div class=\"elementor-widget-container\">\n\t\t\t\t\t<h2 class=\"elementor-heading-title elementor-size-default\">WHY A COMPLEX X AMBASSADOR PROGRAMME?<\/h2>\t\t\t\t<\/div>\n\t\t\t\t<\/div>\n\t\t\t\t<div class=\"elementor-element elementor-element-7b1cd84 elementor-widget elementor-widget-text-editor\" data-id=\"7b1cd84\" data-element_type=\"widget\" data-widget_type=\"text-editor.default\">\n\t\t\t\t<div class=\"elementor-widget-container\">\n\t\t\t\t\t\t\t\t\t<p>\u00a0<\/p><p>Since our inception, we have had the privilege of working with committed organisations and leaders, driven by a sincere desire to see their workplaces evolve towards greater meaning, balance and human performance. Over the years, many of our clients have become much more than partners: they have become natural spokespeople for our mission.<\/p><p>The ambassador programme was born out of this recognition. It aims to highlight these relationships of trust, to showcase the customers who believe deeply in our approach and to offer them a space to share their experience, their voice and their impact.<\/p><p><strong>Through this programme, we aim to : <\/strong><\/p><ul><li>Spreading the word about inspiring practices that are rooted in the reality of organisations.<\/li><li>Amplify our impact through credible, authentic and committed voices.<\/li><li>Recognising the loyalty and involvement of the customers who work with us.<\/li><li>Create a strong community around the development of human potential.<\/li><\/ul><p>Being a Complexe X ambassador means contributing to a collective movement for more humane, efficient and meaningful workplaces. It also means taking part in a vision: that of a professional world where people are at the heart of strategies and successes.<\/p>\t\t\t\t\t\t\t\t<\/div>\n\t\t\t\t<\/div>\n\t\t\t\t<div class=\"elementor-element elementor-element-86b97c5 elementor-widget elementor-widget-heading\" data-id=\"86b97c5\" data-element_type=\"widget\" data-widget_type=\"heading.default\">\n\t\t\t\t<div class=\"elementor-widget-container\">\n\t\t\t\t\t<h2 class=\"elementor-heading-title elementor-size-default\">What is a Complex X ambassador?<\/h2>\t\t\t\t<\/div>\n\t\t\t\t<\/div>\n\t\t<div class=\"elementor-element elementor-element-1bd9519 e-grid e-con-full e-con e-child\" data-id=\"1bd9519\" data-element_type=\"container\">\n\t\t\t\t<div class=\"elementor-element elementor-element-c97d6ae elementor-widget elementor-widget-text-editor\" data-id=\"c97d6ae\" data-element_type=\"widget\" data-widget_type=\"text-editor.default\">\n\t\t\t\t<div class=\"elementor-widget-container\">\n\t\t\t\t\t\t\t\t\t<p>\u00a0<\/p><p><strong>\u00a0 \u00a0Authentic commitment to mission and values:<\/strong><\/p><ul><li>Sincerely believing in what our organisation stands for.<\/li><li>Feeling aligned with our practices, objectives or culture.<\/li><\/ul>\t\t\t\t\t\t\t\t<\/div>\n\t\t\t\t<\/div>\n\t\t\t\t<div class=\"elementor-element elementor-element-5c1ef5a elementor-widget elementor-widget-text-editor\" data-id=\"5c1ef5a\" data-element_type=\"widget\" data-widget_type=\"text-editor.default\">\n\t\t\t\t<div class=\"elementor-widget-container\">\n\t\t\t\t\t\t\t\t\t<p>\u00a0<\/p><p><strong>\u00a0 \u00a0Significant experience or a relationship of trust:<\/strong><\/p><ul><li>Have had a positive, memorable or inspiring experience with our organisation.<\/li><li>Maintaining a relationship of trust and mutual respect.<\/li><\/ul>\t\t\t\t\t\t\t\t<\/div>\n\t\t\t\t<\/div>\n\t\t\t\t<div class=\"elementor-element elementor-element-fd09075 elementor-widget elementor-widget-text-editor\" data-id=\"fd09075\" data-element_type=\"widget\" data-widget_type=\"text-editor.default\">\n\t\t\t\t<div class=\"elementor-widget-container\">\n\t\t\t\t\t\t\t\t\t<p>\u00a0<\/p><p><strong>\u00a0 \u00a0Willingness to share and recommend:<\/strong><\/p><ul><li>Feel comfortable talking positively about our organisation in your network.<\/li><li>Recommend our services or initiatives in a natural and authentic way.<\/li><\/ul>\t\t\t\t\t\t\t\t<\/div>\n\t\t\t\t<\/div>\n\t\t\t\t<div class=\"elementor-element elementor-element-5f05b6d elementor-widget elementor-widget-text-editor\" data-id=\"5f05b6d\" data-element_type=\"widget\" data-widget_type=\"text-editor.default\">\n\t\t\t\t<div class=\"elementor-widget-container\">\n\t\t\t\t\t\t\t\t\t<p>\u00a0<\/p><p><strong>\u00a0 \u00a0A spirit of collaboration:<\/strong><\/p><ul><li>Actively contribute to a shared vision of human development within the company.<\/li><li>Put your experience at the service of more humane and sustainable organisational practices.<\/li><\/ul>\t\t\t\t\t\t\t\t<\/div>\n\t\t\t\t<\/div>\n\t\t\t\t<\/div>\n\t\t\t\t<div class=\"elementor-element elementor-element-8802d9f elementor-widget elementor-widget-text-editor\" data-id=\"8802d9f\" data-element_type=\"widget\" data-widget_type=\"text-editor.default\">\n\t\t\t\t<div class=\"elementor-widget-container\">\n\t\t\t\t\t\t\t\t\t<p><strong>A Complexe x ambassador is a committed customer who, through their positive experience, chooses to promote our mission and values. A true partner of influence, they actively contribute to increasing our visibility, strengthening our credibility and inspiring other organisations to focus on the development of full human potential.<\/strong><\/p>\t\t\t\t\t\t\t\t<\/div>\n\t\t\t\t<\/div>\n\t\t<div class=\"elementor-element elementor-element-fbf22fe e-grid e-con-full e-con e-child\" data-id=\"fbf22fe\" data-element_type=\"container\">\n\t\t\t\t<div class=\"elementor-element elementor-element-81aa03e elementor-widget elementor-widget-image\" data-id=\"81aa03e\" data-element_type=\"widget\" data-widget_type=\"image.default\">\n\t\t\t\t<div class=\"elementor-widget-container\">\n\t\t\t\t\t\t\t\t\t\t\t\t\t\t\t<img decoding=\"async\" width=\"791\" height=\"1024\" src=\"https:\/\/complx.ca\/wp-content\/uploads\/2025\/11\/4-791x1024.webp\" class=\"attachment-large size-large wp-image-77159\" alt=\"\" srcset=\"https:\/\/complx.ca\/wp-content\/uploads\/2025\/11\/4-791x1024.webp 791w, https:\/\/complx.ca\/wp-content\/uploads\/2025\/11\/4-232x300.webp 232w, https:\/\/complx.ca\/wp-content\/uploads\/2025\/11\/4-768x994.webp 768w, https:\/\/complx.ca\/wp-content\/uploads\/2025\/11\/4-1187x1536.webp 1187w, https:\/\/complx.ca\/wp-content\/uploads\/2025\/11\/4-9x12.webp 9w, https:\/\/complx.ca\/wp-content\/uploads\/2025\/11\/4-600x777.webp 600w, https:\/\/complx.ca\/wp-content\/uploads\/2025\/11\/4.webp 1545w\" sizes=\"(max-width: 791px) 100vw, 791px\" \/>\t\t\t\t\t\t\t\t\t\t\t\t\t\t\t<\/div>\n\t\t\t\t<\/div>\n\t\t\t\t<div class=\"elementor-element elementor-element-f12da55 elementor-widget elementor-widget-image\" data-id=\"f12da55\" data-element_type=\"widget\" data-widget_type=\"image.default\">\n\t\t\t\t<div class=\"elementor-widget-container\">\n\t\t\t\t\t\t\t\t\t\t\t\t\t\t\t<img loading=\"lazy\" decoding=\"async\" width=\"791\" height=\"1024\" src=\"https:\/\/complx.ca\/wp-content\/uploads\/2025\/11\/5-791x1024.webp\" class=\"attachment-large size-large wp-image-77163\" alt=\"\" srcset=\"https:\/\/complx.ca\/wp-content\/uploads\/2025\/11\/5-791x1024.webp 791w, https:\/\/complx.ca\/wp-content\/uploads\/2025\/11\/5-232x300.webp 232w, https:\/\/complx.ca\/wp-content\/uploads\/2025\/11\/5-768x994.webp 768w, https:\/\/complx.ca\/wp-content\/uploads\/2025\/11\/5-1187x1536.webp 1187w, https:\/\/complx.ca\/wp-content\/uploads\/2025\/11\/5-9x12.webp 9w, https:\/\/complx.ca\/wp-content\/uploads\/2025\/11\/5-600x777.webp 600w, https:\/\/complx.ca\/wp-content\/uploads\/2025\/11\/5.webp 1545w\" sizes=\"(max-width: 791px) 100vw, 791px\" \/>\t\t\t\t\t\t\t\t\t\t\t\t\t\t\t<\/div>\n\t\t\t\t<\/div>\n\t\t\t\t<\/div>\n\t\t\t\t<div class=\"elementor-element elementor-element-de8ff82 elementor-widget elementor-widget-heading\" data-id=\"de8ff82\" data-element_type=\"widget\" data-widget_type=\"heading.default\">\n\t\t\t\t<div class=\"elementor-widget-container\">\n\t\t\t\t\t<h2 class=\"elementor-heading-title elementor-size-default\">Come and discuss it with our team!<\/h2>\t\t\t\t<\/div>\n\t\t\t\t<\/div>\n\t\t\t\t<div class=\"elementor-element elementor-element-83daadd elementor-align-center elementor-widget elementor-widget-button\" data-id=\"83daadd\" data-element_type=\"widget\" data-widget_type=\"button.default\">\n\t\t\t\t<div class=\"elementor-widget-container\">\n\t\t\t\t\t\t\t\t\t<div class=\"elementor-button-wrapper\">\n\t\t\t\t\t<a class=\"elementor-button elementor-button-link elementor-size-sm\" href=\"https:\/\/complx.ca\/wp-content\/uploads\/2025\/11\/C-Programme-ambassadeur.drices-Complexe-X.pdf\">\n\t\t\t\t\t\t<span class=\"elementor-button-content-wrapper\">\n\t\t\t\t\t\t\t\t\t<span class=\"elementor-button-text\">Download the programme here<\/span>\n\t\t\t\t\t<\/span>\n\t\t\t\t\t<\/a>\n\t\t\t\t<\/div>\n\t\t\t\t\t\t\t\t<\/div>\n\t\t\t\t<\/div>\n\t\t<div class=\"elementor-element elementor-element-f8e8adb e-grid e-con-full e-con e-child\" data-id=\"f8e8adb\" data-element_type=\"container\">\n\t\t\t\t<div class=\"elementor-element elementor-element-5cf8662 elementor-widget elementor-widget-hubspot-meeting\" data-id=\"5cf8662\" data-element_type=\"widget\" data-widget_type=\"hubspot-meeting.default\">\n\t\t\t\t<div class=\"elementor-widget-container\">\n\t\t\t\t\t\n\t\t<div class=\"meetings-iframe-container\" data-src=\"https:\/\/meetings.hubspot.com\/julie-dupuis?embed=true\"><\/div>\n\t\t<script>\n\t\t\tif(window.hbspt && window.hbspt.meetings){\n\t\t\t\twindow.hbspt.meetings.create(\".meetings-iframe-container\");\n\t\t\t}\n\t\t\t<\/script>\n\t\t\t\t\t\t<\/div>\n\t\t\t\t<\/div>\n\t\t\t\t<div class=\"elementor-element elementor-element-ed4a828 elementor-widget elementor-widget-hubspot-meeting\" data-id=\"ed4a828\" data-element_type=\"widget\" data-widget_type=\"hubspot-meeting.default\">\n\t\t\t\t<div class=\"elementor-widget-container\">\n\t\t\t\t\t\n\t\t<div class=\"meetings-iframe-container\" data-src=\"https:\/\/meetings.hubspot.com\/roxanne-larouche\/rencontre-avec-roxanne-larouche-de-complexe-x?embed=true\"><\/div>\n\t\t<script>\n\t\t\tif(window.hbspt && window.hbspt.meetings){\n\t\t\t\twindow.hbspt.meetings.create(\".meetings-iframe-container\");\n\t\t\t}\n\t\t\t<\/script>\n\t\t\t\t\t\t<\/div>\n\t\t\t\t<\/div>\n\t\t\t\t<\/div>\n\t\t\t\t<\/div>\n\t\t\t\t\t<\/div>\n\t\t\t\t<\/div>\n\t\t<div class=\"elementor-element elementor-element-2db1274f e-flex e-con-boxed e-con e-parent\" data-id=\"2db1274f\" data-element_type=\"container\">\n\t\t\t\t\t<div class=\"e-con-inner\">\n\t\t<div class=\"elementor-element elementor-element-23b83c1 e-con-full e-flex e-con e-child\" data-id=\"23b83c1\" data-element_type=\"container\" data-settings=\"{&quot;background_background&quot;:&quot;classic&quot;}\">\n\t\t\t\t<div class=\"elementor-element elementor-element-3d0cc11b elementor-widget elementor-widget-heading\" data-id=\"3d0cc11b\" data-element_type=\"widget\" data-widget_type=\"heading.default\">\n\t\t\t\t<div class=\"elementor-widget-container\">\n\t\t\t\t\t<h2 class=\"elementor-heading-title elementor-size-default\">Don't miss any of our activities!<\/h2>\t\t\t\t<\/div>\n\t\t\t\t<\/div>\n\t\t\t\t<div class=\"elementor-element elementor-element-47b361ac elementor-widget elementor-widget-text-editor\" data-id=\"47b361ac\" data-element_type=\"widget\" data-widget_type=\"text-editor.default\">\n\t\t\t\t<div class=\"elementor-widget-container\">\n\t\t\t\t\t\t\t\t\t<p>Sign up for our newsletter to receive all the latest news from Team X!<\/p>\t\t\t\t\t\t\t\t<\/div>\n\t\t\t\t<\/div>\n\t\t\t\t<div class=\"elementor-element elementor-element-f554dec elementor-align-center elementor-widget elementor-widget-button\" data-id=\"f554dec\" data-element_type=\"widget\" data-widget_type=\"button.default\">\n\t\t\t\t<div class=\"elementor-widget-container\">\n\t\t\t\t\t\t\t\t\t<div class=\"elementor-button-wrapper\">\n\t\t\t\t\t<a class=\"elementor-button elementor-button-link elementor-size-sm\" href=\"https:\/\/share.hsforms.com\/1YnsVbV7VS2K7dbxaj5NF0Qd3hqz\" target=\"_blank\" rel=\"noopener\">\n\t\t\t\t\t\t<span class=\"elementor-button-content-wrapper\">\n\t\t\t\t\t\t\t\t\t<span class=\"elementor-button-text\">NEWSLETTER<\/span>\n\t\t\t\t\t<\/span>\n\t\t\t\t\t<\/a>\n\t\t\t\t<\/div>\n\t\t\t\t\t\t\t\t<\/div>\n\t\t\t\t<\/div>\n\t\t\t\t<\/div>\n\t\t\t\t\t<\/div>\n\t\t\t\t<\/div>\n\t\t\t\t<\/div>","protected":false},"excerpt":{"rendered":"<p>Complexe X Pr\u00e9sente Le programme ambassadeurs &amp; ambassadrices Parce que nous d\u00e9sirons remercier notre fid\u00e8le client\u00e8le d&#8217;\u00eatre au rendez-vous et de faire rayonner Complexe X POURQUOI UN PROGRAMME D\u2019AMBASSADEUR.DRICES CHEZ COMPLEXE X? \u00a0 Depuis nos d\u00e9buts, nous avons eu le privil\u00e8ge d\u2019accompagner des organisations et des leaders engag\u00e9.es, anim\u00e9.es par une volont\u00e9 sinc\u00e8re de faire [&hellip;]<\/p>","protected":false},"author":3,"featured_media":64972,"parent":0,"menu_order":0,"comment_status":"closed","ping_status":"closed","template":"elementor_canvas","meta":{"_acf_changed":false,"content-type":"","site-sidebar-layout":"no-sidebar","site-content-layout":"page-builder","ast-site-content-layout":"full-width-container","site-content-style":"default","site-sidebar-style":"default","ast-global-header-display":"","ast-banner-title-visibility":"","ast-main-header-display":"","ast-hfb-above-header-display":"","ast-hfb-below-header-display":"","ast-hfb-mobile-header-display":"","site-post-title":"disabled","ast-breadcrumbs-content":"","ast-featured-img":"disabled","footer-sml-layout":"","ast-disable-related-posts":"","theme-transparent-header-meta":"","adv-header-id-meta":"","stick-header-meta":"","header-above-stick-meta":"","header-main-stick-meta":"","header-below-stick-meta":"","astra-migrate-meta-layouts":"set","ast-page-background-enabled":"default","ast-page-background-meta":{"desktop":{"background-color":"","background-image":"","background-repeat":"repeat","background-position":"center center","background-size":"auto","background-attachment":"scroll","background-type":"","background-media":"","overlay-type":"","overlay-color":"","overlay-opacity":"","overlay-gradient":""},"tablet":{"background-color":"","background-image":"","background-repeat":"repeat","background-position":"center center","background-size":"auto","background-attachment":"scroll","background-type":"","background-media":"","overlay-type":"","overlay-color":"","overlay-opacity":"","overlay-gradient":""},"mobile":{"background-color":"","background-image":"","background-repeat":"repeat","background-position":"center center","background-size":"auto","background-attachment":"scroll","background-type":"","background-media":"","overlay-type":"","overlay-color":"","overlay-opacity":"","overlay-gradient":""}},"ast-content-background-meta":{"desktop":{"background-color":"var(--ast-global-color-5)","background-image":"","background-repeat":"repeat","background-position":"center center","background-size":"auto","background-attachment":"scroll","background-type":"","background-media":"","overlay-type":"","overlay-color":"","overlay-opacity":"","overlay-gradient":""},"tablet":{"background-color":"var(--ast-global-color-5)","background-image":"","background-repeat":"repeat","background-position":"center center","background-size":"auto","background-attachment":"scroll","background-type":"","background-media":"","overlay-type":"","overlay-color":"","overlay-opacity":"","overlay-gradient":""},"mobile":{"background-color":"var(--ast-global-color-5)","background-image":"","background-repeat":"repeat","background-position":"center center","background-size":"auto","background-attachment":"scroll","background-type":"","background-media":"","overlay-type":"","overlay-color":"","overlay-opacity":"","overlay-gradient":""}},"footnotes":""},"class_list":["post-77155","page","type-page","status-publish","has-post-thumbnail","hentry"],"acf":[],"_links":{"self":[{"href":"https:\/\/complx.ca\/en\/wp-json\/wp\/v2\/pages\/77155","targetHints":{"allow":["GET"]}}],"collection":[{"href":"https:\/\/complx.ca\/en\/wp-json\/wp\/v2\/pages"}],"about":[{"href":"https:\/\/complx.ca\/en\/wp-json\/wp\/v2\/types\/page"}],"author":[{"embeddable":true,"href":"https:\/\/complx.ca\/en\/wp-json\/wp\/v2\/users\/3"}],"replies":[{"embeddable":true,"href":"https:\/\/complx.ca\/en\/wp-json\/wp\/v2\/comments?post=77155"}],"version-history":[{"count":3,"href":"https:\/\/complx.ca\/en\/wp-json\/wp\/v2\/pages\/77155\/revisions"}],"predecessor-version":[{"id":77219,"href":"https:\/\/complx.ca\/en\/wp-json\/wp\/v2\/pages\/77155\/revisions\/77219"}],"wp:featuredmedia":[{"embeddable":true,"href":"https:\/\/complx.ca\/en\/wp-json\/wp\/v2\/media\/64972"}],"wp:attachment":[{"href":"https:\/\/complx.ca\/en\/wp-json\/wp\/v2\/media?parent=77155"}],"curies":[{"name":"wp","href":"https:\/\/api.w.org\/{rel}","templated":true}]}}