{"id":61149,"date":"2023-09-19T09:26:43","date_gmt":"2023-09-19T13:26:43","guid":{"rendered":"https:\/\/complx.ca\/?post_type=product&#038;p=61149"},"modified":"2025-02-03T14:46:25","modified_gmt":"2025-02-03T19:46:25","slug":"interpretation-personnelle-profil-nova-global","status":"publish","type":"product","link":"https:\/\/complx.ca\/en\/boutique\/interpretation-personnelle-profil-nova-global\/","title":{"rendered":"Personal interpretation NOVA GLOBAL profile"},"content":{"rendered":"<p>*** This product is only available to people who already have a Nova profile.<br \/>\n&gt;&gt;&gt; <a href=\"https:\/\/complx.ca\/en\/boutique\/profil-nova-complet-avec-coach-certifiee\/\">https:\/\/complx.ca\/boutique\/profil-nova-complet-avec-coach-certifiee\/<\/a><\/p>\n<p>The NOVA profile is a psychometric profile that helps you better understand your behavioural preferences, motivations, natural abilities, cognitive preferences and blind spots so you can reach your full potential.<\/p>\n<p>At Complexe X Cabinet conseil et centre de formation, our experts are NOVA-certified, so they can help you interpret your situation in a more in-depth and personalised way, so that you can get to know yourself better, make decisions and choices and, above all, maximise your individual awareness so that you can reach new heights.<\/p>\n<p>The NOVA meeting touches on all aspects of life, not just the workplace. The meeting is designed to be enriching and can lead to a personal coaching session with one of our team coaches.<\/p>\n<p>The match lasts 60 minutes.<\/p>","protected":false},"excerpt":{"rendered":"<p>*** Ce produit n&#8217;est disponible que pour les personnes poss\u00e9dant d\u00e9j\u00e0 leur profil Nova &gt;&gt;&gt; https:\/\/complx.ca\/boutique\/profil-nova-complet-avec-coach-certifiee\/ Le profil NOVA est un profil psychom\u00e9trique qui permet de mieux comprendre ses pr\u00e9f\u00e9rences comportementales, ses motivations, ses habilet\u00e9s naturelles, ses pr\u00e9f\u00e9rences cognitives ainsi que ses angles morts pour acc\u00e9der \u00e0 son plein potentiel. Chez Complexe X Cabinet conseil [&hellip;]<\/p>","protected":false},"featured_media":70039,"template":"","meta":{"_acf_changed":false,"content-type":"","site-sidebar-layout":"default","site-content-layout":"","ast-site-content-layout":"default","site-content-style":"default","site-sidebar-style":"default","ast-global-header-display":"","ast-banner-title-visibility":"","ast-main-header-display":"","ast-hfb-above-header-display":"","ast-hfb-below-header-display":"","ast-hfb-mobile-header-display":"","site-post-title":"","ast-breadcrumbs-content":"","ast-featured-img":"","footer-sml-layout":"","ast-disable-related-posts":"","theme-transparent-header-meta":"default","adv-header-id-meta":"","stick-header-meta":"","header-above-stick-meta":"","header-main-stick-meta":"","header-below-stick-meta":"","astra-migrate-meta-layouts":"set","ast-page-background-enabled":"default","ast-page-background-meta":{"desktop":{"background-color":"","background-image":"","background-repeat":"repeat","background-position":"center center","background-size":"auto","background-attachment":"scroll","background-type":"","background-media":"","overlay-type":"","overlay-color":"","overlay-opacity":"","overlay-gradient":""},"tablet":{"background-color":"","background-image":"","background-repeat":"repeat","background-position":"center center","background-size":"auto","background-attachment":"scroll","background-type":"","background-media":"","overlay-type":"","overlay-color":"","overlay-opacity":"","overlay-gradient":""},"mobile":{"background-color":"","background-image":"","background-repeat":"repeat","background-position":"center center","background-size":"auto","background-attachment":"scroll","background-type":"","background-media":"","overlay-type":"","overlay-color":"","overlay-opacity":"","overlay-gradient":""}},"ast-content-background-meta":{"desktop":{"background-color":"var(--ast-global-color-5)","background-image":"","background-repeat":"repeat","background-position":"center center","background-size":"auto","background-attachment":"scroll","background-type":"","background-media":"","overlay-type":"","overlay-color":"","overlay-opacity":"","overlay-gradient":""},"tablet":{"background-color":"var(--ast-global-color-5)","background-image":"","background-repeat":"repeat","background-position":"center center","background-size":"auto","background-attachment":"scroll","background-type":"","background-media":"","overlay-type":"","overlay-color":"","overlay-opacity":"","overlay-gradient":""},"mobile":{"background-color":"var(--ast-global-color-5)","background-image":"","background-repeat":"repeat","background-position":"center center","background-size":"auto","background-attachment":"scroll","background-type":"","background-media":"","overlay-type":"","overlay-color":"","overlay-opacity":"","overlay-gradient":""}}},"product_brand":[],"product_cat":[207],"product_tag":[],"class_list":{"0":"post-61149","1":"product","2":"type-product","3":"status-publish","4":"has-post-thumbnail","6":"product_cat-nova","7":"desktop-align-left","8":"tablet-align-left","9":"mobile-align-left","11":"first","12":"instock","13":"virtual","14":"taxable","15":"purchasable","16":"product-type-simple"},"acf":[],"_links":{"self":[{"href":"https:\/\/complx.ca\/en\/wp-json\/wp\/v2\/product\/61149","targetHints":{"allow":["GET"]}}],"collection":[{"href":"https:\/\/complx.ca\/en\/wp-json\/wp\/v2\/product"}],"about":[{"href":"https:\/\/complx.ca\/en\/wp-json\/wp\/v2\/types\/product"}],"version-history":[{"count":3,"href":"https:\/\/complx.ca\/en\/wp-json\/wp\/v2\/product\/61149\/revisions"}],"predecessor-version":[{"id":69546,"href":"https:\/\/complx.ca\/en\/wp-json\/wp\/v2\/product\/61149\/revisions\/69546"}],"wp:featuredmedia":[{"embeddable":true,"href":"https:\/\/complx.ca\/en\/wp-json\/wp\/v2\/media\/70039"}],"wp:attachment":[{"href":"https:\/\/complx.ca\/en\/wp-json\/wp\/v2\/media?parent=61149"}],"wp:term":[{"taxonomy":"product_brand","embeddable":true,"href":"https:\/\/complx.ca\/en\/wp-json\/wp\/v2\/product_brand?post=61149"},{"taxonomy":"product_cat","embeddable":true,"href":"https:\/\/complx.ca\/en\/wp-json\/wp\/v2\/product_cat?post=61149"},{"taxonomy":"product_tag","embeddable":true,"href":"https:\/\/complx.ca\/en\/wp-json\/wp\/v2\/product_tag?post=61149"}],"curies":[{"name":"wp","href":"https:\/\/api.w.org\/{rel}","templated":true}]}}