{"id":61824,"date":"2023-11-07T15:40:17","date_gmt":"2023-11-07T20:40:17","guid":{"rendered":"https:\/\/complx.ca\/?post_type=product&#038;p=61824"},"modified":"2025-07-08T16:08:24","modified_gmt":"2025-07-08T20:08:24","slug":"profil-nova-complet-avec-coach-certifiee","status":"publish","type":"product","link":"https:\/\/complx.ca\/en\/boutique\/profil-nova-complet-avec-coach-certifiee\/","title":{"rendered":"Complete NOVA Profile with Certified Coach"},"content":{"rendered":"<p>Analyse psychom\u00e9trique compl\u00e8te bas\u00e9e sur 4 approches psychologiques incluant l\u2019analyse DISC, motivations et pr\u00e9f\u00e9rences cognitives. D\u00e9couvrez votre \u00e9chelle de talent naturelle, vos forces et vos angles morts \u00e0 travers une analyse compl\u00e8te de votre personnalit\u00e9. Rapport d\u00e9taill\u00e9 inclus et debriefing en rencontre virtuelle avec un(e) de nos coachs certifi\u00e9(e).<\/p>\n<p>Le Profil Nova se d\u00e9marque des outils du m\u00eame genre en pla\u00e7ant les motivations profondes au c\u0153ur de notre identit\u00e9 en observant l\u2019humain dans sa globalit\u00e9, plut\u00f4t que de mettre en lumi\u00e8re certains traits de caract\u00e8re seulement. S\u2019appuyant sur des bases scientifiques, le Profil Nova est rapide \u00e0 utiliser, facile \u00e0 comprendre et efficace. Visuel et percutant, il va en profondeur afin de mesurer un large spectre de couleurs et brosser un profil individuel clair, permettant une meilleure compr\u00e9hension de soi, des autres et de son environnement.<\/p>\n<p>Inclus\u00a0:<\/p>\n<p><strong>Rapport d\u00e9taill\u00e9 complet<\/strong><\/p>\n<ul>\n<li>Introduction au Profil NOVA<\/li>\n<li>Introduction aux couleurs DISC<\/li>\n<li>Introduction aux motivations<\/li>\n<li>Synth\u00e8se des Graphiques<\/li>\n<li>Vos pr\u00e9f\u00e9rences comportementales<\/li>\n<li>Vos pr\u00e9f\u00e9rences comportementales (Influence)<\/li>\n<li>Vos pr\u00e9f\u00e9rences comportementales (Stabilit\u00e9)<\/li>\n<li>Vos pr\u00e9f\u00e9rences comportementales (Conformit\u00e9)<\/li>\n<li>Graphique de vos motivations<\/li>\n<li>Vos motivations<\/li>\n<li>Vos motivations particuli\u00e8res<\/li>\n<li>Vos couleurs qui nuancent vos motivations<\/li>\n<li>Vos talents naturels<\/li>\n<li>Les 8 types psychologiques<\/li>\n<li>Votre style de communication<\/li>\n<li>Pour mieux interagir avec vous<\/li>\n<li>Vos pr\u00e9f\u00e9rences cognitives<\/li>\n<li>Votre \u00e9chelle d&#8217;habilet\u00e9s<\/li>\n<li>Votre style de vente<\/li>\n<li>Vos domaines d&#8217;am\u00e9lioration en vente<\/li>\n<li>Votre style de gestion<\/li>\n<li>Vos domaines d&#8217;am\u00e9lioration en tant que gestionnaire<\/li>\n<li>Votre style de leadership<\/li>\n<li>Vos domaines d&#8217;am\u00e9lioration en tant que leader<\/li>\n<li>Vos axes de d\u00e9veloppement<\/li>\n<li>Votre plan de d\u00e9veloppement<\/li>\n<\/ul>\n<p><strong>Rencontre individuelle avec un(e) coach certifi\u00e9(e) pour comprendre et interpr\u00e9ter son profil.<\/strong><\/p>\n<div id=\"highlighter--hover-tools\" style=\"display: none;\">\n<div id=\"highlighter--hover-tools--container\">\n<div class=\"highlighter--icon highlighter--icon-copy\" title=\"Copy\"><\/div>\n<div class=\"highlighter--icon highlighter--icon-change-color\" title=\"Change Color\"><\/div>\n<div class=\"highlighter--icon highlighter--icon-delete\" title=\"Delete\"><\/div>\n<\/div>\n<\/div>","protected":false},"excerpt":{"rendered":"<p><a href=\"https:\/\/complx.ca\/wp-content\/uploads\/2025\/01\/Forfaits-NOVA.pdf\">https:\/\/complx.ca\/wp-content\/uploads\/2025\/01\/Forfaits-NOVA.pdf<\/a><\/p>","protected":false},"featured_media":70038,"template":"","meta":{"_acf_changed":false,"content-type":"","site-sidebar-layout":"default","site-content-layout":"","ast-site-content-layout":"default","site-content-style":"default","site-sidebar-style":"default","ast-global-header-display":"","ast-banner-title-visibility":"","ast-main-header-display":"","ast-hfb-above-header-display":"","ast-hfb-below-header-display":"","ast-hfb-mobile-header-display":"","site-post-title":"","ast-breadcrumbs-content":"","ast-featured-img":"","footer-sml-layout":"","ast-disable-related-posts":"","theme-transparent-header-meta":"default","adv-header-id-meta":"","stick-header-meta":"","header-above-stick-meta":"","header-main-stick-meta":"","header-below-stick-meta":"","astra-migrate-meta-layouts":"set","ast-page-background-enabled":"default","ast-page-background-meta":{"desktop":{"background-color":"","background-image":"","background-repeat":"repeat","background-position":"center center","background-size":"auto","background-attachment":"scroll","background-type":"","background-media":"","overlay-type":"","overlay-color":"","overlay-opacity":"","overlay-gradient":""},"tablet":{"background-color":"","background-image":"","background-repeat":"repeat","background-position":"center center","background-size":"auto","background-attachment":"scroll","background-type":"","background-media":"","overlay-type":"","overlay-color":"","overlay-opacity":"","overlay-gradient":""},"mobile":{"background-color":"","background-image":"","background-repeat":"repeat","background-position":"center center","background-size":"auto","background-attachment":"scroll","background-type":"","background-media":"","overlay-type":"","overlay-color":"","overlay-opacity":"","overlay-gradient":""}},"ast-content-background-meta":{"desktop":{"background-color":"var(--ast-global-color-5)","background-image":"","background-repeat":"repeat","background-position":"center center","background-size":"auto","background-attachment":"scroll","background-type":"","background-media":"","overlay-type":"","overlay-color":"","overlay-opacity":"","overlay-gradient":""},"tablet":{"background-color":"var(--ast-global-color-5)","background-image":"","background-repeat":"repeat","background-position":"center center","background-size":"auto","background-attachment":"scroll","background-type":"","background-media":"","overlay-type":"","overlay-color":"","overlay-opacity":"","overlay-gradient":""},"mobile":{"background-color":"var(--ast-global-color-5)","background-image":"","background-repeat":"repeat","background-position":"center center","background-size":"auto","background-attachment":"scroll","background-type":"","background-media":"","overlay-type":"","overlay-color":"","overlay-opacity":"","overlay-gradient":""}}},"product_brand":[],"product_cat":[207],"product_tag":[],"class_list":{"0":"post-61824","1":"product","2":"type-product","3":"status-publish","4":"has-post-thumbnail","6":"product_cat-nova","7":"desktop-align-left","8":"tablet-align-left","9":"mobile-align-left","11":"first","12":"instock","13":"virtual","14":"taxable","15":"purchasable","16":"product-type-simple"},"acf":[],"_links":{"self":[{"href":"https:\/\/complx.ca\/en\/wp-json\/wp\/v2\/product\/61824","targetHints":{"allow":["GET"]}}],"collection":[{"href":"https:\/\/complx.ca\/en\/wp-json\/wp\/v2\/product"}],"about":[{"href":"https:\/\/complx.ca\/en\/wp-json\/wp\/v2\/types\/product"}],"version-history":[{"count":4,"href":"https:\/\/complx.ca\/en\/wp-json\/wp\/v2\/product\/61824\/revisions"}],"predecessor-version":[{"id":73495,"href":"https:\/\/complx.ca\/en\/wp-json\/wp\/v2\/product\/61824\/revisions\/73495"}],"wp:featuredmedia":[{"embeddable":true,"href":"https:\/\/complx.ca\/en\/wp-json\/wp\/v2\/media\/70038"}],"wp:attachment":[{"href":"https:\/\/complx.ca\/en\/wp-json\/wp\/v2\/media?parent=61824"}],"wp:term":[{"taxonomy":"product_brand","embeddable":true,"href":"https:\/\/complx.ca\/en\/wp-json\/wp\/v2\/product_brand?post=61824"},{"taxonomy":"product_cat","embeddable":true,"href":"https:\/\/complx.ca\/en\/wp-json\/wp\/v2\/product_cat?post=61824"},{"taxonomy":"product_tag","embeddable":true,"href":"https:\/\/complx.ca\/en\/wp-json\/wp\/v2\/product_tag?post=61824"}],"curies":[{"name":"wp","href":"https:\/\/api.w.org\/{rel}","templated":true}]}}