{"id":69586,"date":"2025-01-22T14:15:55","date_gmt":"2025-01-22T19:15:55","guid":{"rendered":"https:\/\/complx.ca\/?post_type=product&#038;p=69586"},"modified":"2025-02-10T09:20:36","modified_gmt":"2025-02-10T14:20:36","slug":"master-class-profil-nova","status":"publish","type":"product","link":"https:\/\/complx.ca\/en\/boutique\/master-class-profil-nova\/","title":{"rendered":"Master Class - Profil Nova Edition (Free)"},"content":{"rendered":"<p>Maintenant disponible en rediffusion! Vous avez manqu\u00e9 notre Master Class NOVA du 22 janvier dernier?\u00a0 Nous vous invitons \u00e0 y acc\u00e9der maintenant.<\/p>\n<p><strong>Cette masterclass, ax\u00e9e sur l&#8217;outil NOVA, propose des strat\u00e9gies pour optimiser l&#8217;efficacit\u00e9 organisationnelle. <\/strong><\/p>\n<p><span class=\"elementor-icon-list-text\">\u00a0NOVA pour une efficacit\u00e9 optimale de l&#8217;organisation<br \/>\n<\/span><i class=\"fas fa-circle\" aria-hidden=\"true\"><\/i><span class=\"elementor-icon-list-text\">\u00a0D\u00e9velopper le leadership dans l&#8217;ensemble de l&#8217;organisation<br \/>\n<\/span><i class=\"fas fa-circle\" aria-hidden=\"true\"><\/i><span class=\"elementor-icon-list-text\">\u00a0Gestion humaine du changement<br \/>\n<\/span><i class=\"fas fa-circle\" aria-hidden=\"true\"><\/i><span class=\"elementor-icon-list-text\">\u00a0D\u00e9velopper le potentiel humain dans l&#8217;organisation<br \/>\n<\/span><i class=\"fas fa-circle\" aria-hidden=\"true\"><\/i><span class=\"elementor-icon-list-text\">\u00a0Attirer et choisir les bons talents<br \/>\n<\/span><i class=\"fas fa-circle\" aria-hidden=\"true\"><\/i><span class=\"elementor-icon-list-text\">\u00a0Optimiser la gestion des conflits au sein des \u00e9quipes<br \/>\n<\/span><i class=\"fas fa-circle\" aria-hidden=\"true\"><\/i><span class=\"elementor-icon-list-text\">\u00a0Communiquer avec impact et influence<br \/>\n<\/span><i class=\"fas fa-circle\" aria-hidden=\"true\"><\/i><span class=\"elementor-icon-list-text\">\u00a0La synergie d&#8217;\u00e9quipe comme levier \u00e0 la performance et \u00e0 la productivit\u00e9<br \/>\n<\/span><i class=\"fas fa-circle\" aria-hidden=\"true\"><\/i><span class=\"elementor-icon-list-text\">\u00a0Cultiver la motivation et l&#8217;engagement des individus et des \u00e9quipes<\/span><\/p>","protected":false},"excerpt":{"rendered":"<p>Maintenant disponible en rediffusion! Vous avez manqu\u00e9 notre Master Class NOVA du 22 janvier dernier?\u00a0 Nous vous invitons \u00e0 y acc\u00e9der maintenant. Cette masterclass, ax\u00e9e sur l&#8217;outil NOVA, propose des strat\u00e9gies pour optimiser l&#8217;efficacit\u00e9 organisationnelle. \u00a0NOVA pour une efficacit\u00e9 optimale de l&#8217;organisation \u00a0D\u00e9velopper le leadership dans l&#8217;ensemble de l&#8217;organisation \u00a0Gestion humaine du changement \u00a0D\u00e9velopper le [&hellip;]<\/p>","protected":false},"featured_media":70220,"template":"","meta":{"_acf_changed":false,"content-type":"","site-sidebar-layout":"default","site-content-layout":"","ast-site-content-layout":"default","site-content-style":"default","site-sidebar-style":"default","ast-global-header-display":"","ast-banner-title-visibility":"","ast-main-header-display":"","ast-hfb-above-header-display":"","ast-hfb-below-header-display":"","ast-hfb-mobile-header-display":"","site-post-title":"","ast-breadcrumbs-content":"","ast-featured-img":"","footer-sml-layout":"","ast-disable-related-posts":"","theme-transparent-header-meta":"default","adv-header-id-meta":"","stick-header-meta":"","header-above-stick-meta":"","header-main-stick-meta":"","header-below-stick-meta":"","astra-migrate-meta-layouts":"set","ast-page-background-enabled":"default","ast-page-background-meta":{"desktop":{"background-color":"","background-image":"","background-repeat":"repeat","background-position":"center center","background-size":"auto","background-attachment":"scroll","background-type":"","background-media":"","overlay-type":"","overlay-color":"","overlay-opacity":"","overlay-gradient":""},"tablet":{"background-color":"","background-image":"","background-repeat":"repeat","background-position":"center center","background-size":"auto","background-attachment":"scroll","background-type":"","background-media":"","overlay-type":"","overlay-color":"","overlay-opacity":"","overlay-gradient":""},"mobile":{"background-color":"","background-image":"","background-repeat":"repeat","background-position":"center center","background-size":"auto","background-attachment":"scroll","background-type":"","background-media":"","overlay-type":"","overlay-color":"","overlay-opacity":"","overlay-gradient":""}},"ast-content-background-meta":{"desktop":{"background-color":"var(--ast-global-color-5)","background-image":"","background-repeat":"repeat","background-position":"center center","background-size":"auto","background-attachment":"scroll","background-type":"","background-media":"","overlay-type":"","overlay-color":"","overlay-opacity":"","overlay-gradient":""},"tablet":{"background-color":"var(--ast-global-color-5)","background-image":"","background-repeat":"repeat","background-position":"center center","background-size":"auto","background-attachment":"scroll","background-type":"","background-media":"","overlay-type":"","overlay-color":"","overlay-opacity":"","overlay-gradient":""},"mobile":{"background-color":"var(--ast-global-color-5)","background-image":"","background-repeat":"repeat","background-position":"center center","background-size":"auto","background-attachment":"scroll","background-type":"","background-media":"","overlay-type":"","overlay-color":"","overlay-opacity":"","overlay-gradient":""}}},"product_brand":[],"product_cat":[208],"product_tag":[],"class_list":{"0":"post-69586","1":"product","2":"type-product","3":"status-publish","4":"has-post-thumbnail","6":"product_cat-masterclass","7":"desktop-align-left","8":"tablet-align-left","9":"mobile-align-left","11":"first","12":"instock","13":"virtual","14":"taxable","15":"purchasable","16":"product-type-simple"},"acf":[],"_links":{"self":[{"href":"https:\/\/complx.ca\/en\/wp-json\/wp\/v2\/product\/69586","targetHints":{"allow":["GET"]}}],"collection":[{"href":"https:\/\/complx.ca\/en\/wp-json\/wp\/v2\/product"}],"about":[{"href":"https:\/\/complx.ca\/en\/wp-json\/wp\/v2\/types\/product"}],"version-history":[{"count":4,"href":"https:\/\/complx.ca\/en\/wp-json\/wp\/v2\/product\/69586\/revisions"}],"predecessor-version":[{"id":69627,"href":"https:\/\/complx.ca\/en\/wp-json\/wp\/v2\/product\/69586\/revisions\/69627"}],"wp:featuredmedia":[{"embeddable":true,"href":"https:\/\/complx.ca\/en\/wp-json\/wp\/v2\/media\/70220"}],"wp:attachment":[{"href":"https:\/\/complx.ca\/en\/wp-json\/wp\/v2\/media?parent=69586"}],"wp:term":[{"taxonomy":"product_brand","embeddable":true,"href":"https:\/\/complx.ca\/en\/wp-json\/wp\/v2\/product_brand?post=69586"},{"taxonomy":"product_cat","embeddable":true,"href":"https:\/\/complx.ca\/en\/wp-json\/wp\/v2\/product_cat?post=69586"},{"taxonomy":"product_tag","embeddable":true,"href":"https:\/\/complx.ca\/en\/wp-json\/wp\/v2\/product_tag?post=69586"}],"curies":[{"name":"wp","href":"https:\/\/api.w.org\/{rel}","templated":true}]}}