{"id":70252,"date":"2025-02-10T18:28:17","date_gmt":"2025-02-10T23:28:17","guid":{"rendered":"https:\/\/complx.ca\/?post_type=product&#038;p=70252"},"modified":"2025-07-16T15:55:19","modified_gmt":"2025-07-16T19:55:19","slug":"developpement-professionnel-developer-intelligence-emotionnelle-avec-succes","status":"publish","type":"product","link":"https:\/\/complx.ca\/en\/boutique\/developpement-professionnel-developer-intelligence-emotionnelle-avec-succes\/","title":{"rendered":"AUT24 - Developing emotional intelligence"},"content":{"rendered":"<h1><strong><span class=\"TextRun SCXW176766204 BCX0\" lang=\"FR-CA\" xml:lang=\"FR-CA\" data-contrast=\"auto\"><span class=\"NormalTextRun SCXW176766204 BCX0\">Developing emotional and relational intelligence through the development of awareness<\/span><\/span><span class=\"EOP SCXW176766204 BCX0\" data-ccp-props=\"{&quot;201341983&quot;:0,&quot;335559739&quot;:0,&quot;335559740&quot;:240}\">\u00a0<\/span> (freestanding)<\/strong><\/h1>\n<p><strong>Self-supporting training available on the spot.<\/strong><\/p>\n<p><strong>Objective<\/strong>: Les objectifs de cette formation sur l&#8217;intelligence \u00e9motionnelle incluent le renforcement de la conscience de soi pour mieux comprendre ses propres \u00e9motions et comportements, ainsi que l&#8217;am\u00e9lioration de l&#8217;empathie envers les \u00e9motions des autres. Les participants apprendront \u00e0 adapter leurs comportements et approches afin d&#8217;accro\u00eetre leur efficacit\u00e9 professionnelle. Une meilleure gestion \u00e9motionnelle permettra de prendre des d\u00e9cisions plus \u00e9clair\u00e9es et de cultiver des relations interpersonnelles positives au sein de l&#8217;\u00e9quipe. Enfin, la formation vise \u00e0 favoriser un climat de travail harmonieux et \u00e0 d\u00e9velopper des strat\u00e9gies pour naviguer avec succ\u00e8s dans les interactions quotidiennes et les d\u00e9fis professionnels.<\/p>\n<p><strong>Who is it for?\u00a0<\/strong><\/p>\n<ul>\n<li>Employee<\/li>\n<li>Gestionnaires de tous niveaux<\/li>\n<li>HR Professional<\/li>\n<li>\u00a0Toutes personnes d\u00e9sirant am\u00e9liorer ses relations interpersonnelles en d\u00e9veloppant son intelligence \u00e9motionnelle.<\/li>\n<\/ul>\n<p><strong>Why is this?\u00a0<\/strong><\/p>\n<p>Suivre cette formation sur l&#8217;intelligence \u00e9motionnelle est essentiel pour am\u00e9liorer ses comp\u00e9tences interpersonnelles et professionnelles. En d\u00e9veloppant une meilleure conscience de soi et des autres, vous serez en mesure d&#8217;ajuster vos comportements pour maximiser votre efficacit\u00e9 au travail. Cela vous aidera \u00e0 prendre des d\u00e9cisions plus \u00e9clair\u00e9es, \u00e0 cultiver des relations positives et \u00e0 favoriser un environnement de travail harmonieux. En fin de compte, cette formation vous outillera pour naviguer avec succ\u00e8s dans les d\u00e9fis quotidiens et renforcer votre impact au sein de votre \u00e9quipe.<\/p>\n<p><strong>1 module<\/strong><\/p>\n<ul>\n<li>1 hour of training<\/li>\n<li>Formatrice: Julie Dupuis<\/li>\n<\/ul>\n<h3><strong>Module de formation: D\u00e9velopper son intelligence \u00e9motionnelle.<\/strong><\/h3>","protected":false},"excerpt":{"rendered":"<p><strong>Formation pratique et concr\u00e8te assurant une bonne compr\u00e9hension de l&#8217;intelligence \u00e9motionnelle.<\/strong><\/p>\n<p><strong>Objective<\/strong>: <span class=\"TextRun SCXW176021407 BCX0\" lang=\"FR-CA\" xml:lang=\"FR-CA\" data-contrast=\"auto\"><span class=\"NormalTextRun SCXW176021407 BCX0\">Une meilleure conscience de soi, de l\u2019autre et de l\u2019environnement, nous permet d\u2019adapter nos fa\u00e7ons d\u2019\u00eatre et de faire afin de gagner en efficacit\u00e9, de prendre <\/span><span class=\"NormalTextRun SCXW176021407 BCX0\">de<\/span><span class=\"NormalTextRun SCXW176021407 BCX0\"> meilleures d\u00e9cisions et obtenir les r\u00e9sultats souhait\u00e9s.<\/span><\/span><span class=\"EOP SCXW176021407 BCX0\" data-ccp-props=\"{&quot;201341983&quot;:0,&quot;335559739&quot;:0,&quot;335559740&quot;:240}\">\u00a0<\/span><\/p>","protected":false},"featured_media":70444,"template":"","meta":{"_acf_changed":false,"content-type":"","site-sidebar-layout":"default","site-content-layout":"","ast-site-content-layout":"default","site-content-style":"default","site-sidebar-style":"default","ast-global-header-display":"","ast-banner-title-visibility":"","ast-main-header-display":"","ast-hfb-above-header-display":"","ast-hfb-below-header-display":"","ast-hfb-mobile-header-display":"","site-post-title":"","ast-breadcrumbs-content":"","ast-featured-img":"","footer-sml-layout":"","ast-disable-related-posts":"","theme-transparent-header-meta":"default","adv-header-id-meta":"","stick-header-meta":"","header-above-stick-meta":"","header-main-stick-meta":"","header-below-stick-meta":"","astra-migrate-meta-layouts":"set","ast-page-background-enabled":"default","ast-page-background-meta":{"desktop":{"background-color":"","background-image":"","background-repeat":"repeat","background-position":"center center","background-size":"auto","background-attachment":"scroll","background-type":"","background-media":"","overlay-type":"","overlay-color":"","overlay-opacity":"","overlay-gradient":""},"tablet":{"background-color":"","background-image":"","background-repeat":"repeat","background-position":"center center","background-size":"auto","background-attachment":"scroll","background-type":"","background-media":"","overlay-type":"","overlay-color":"","overlay-opacity":"","overlay-gradient":""},"mobile":{"background-color":"","background-image":"","background-repeat":"repeat","background-position":"center center","background-size":"auto","background-attachment":"scroll","background-type":"","background-media":"","overlay-type":"","overlay-color":"","overlay-opacity":"","overlay-gradient":""}},"ast-content-background-meta":{"desktop":{"background-color":"var(--ast-global-color-5)","background-image":"","background-repeat":"repeat","background-position":"center center","background-size":"auto","background-attachment":"scroll","background-type":"","background-media":"","overlay-type":"","overlay-color":"","overlay-opacity":"","overlay-gradient":""},"tablet":{"background-color":"var(--ast-global-color-5)","background-image":"","background-repeat":"repeat","background-position":"center center","background-size":"auto","background-attachment":"scroll","background-type":"","background-media":"","overlay-type":"","overlay-color":"","overlay-opacity":"","overlay-gradient":""},"mobile":{"background-color":"var(--ast-global-color-5)","background-image":"","background-repeat":"repeat","background-position":"center center","background-size":"auto","background-attachment":"scroll","background-type":"","background-media":"","overlay-type":"","overlay-color":"","overlay-opacity":"","overlay-gradient":""}}},"product_brand":[],"product_cat":[192],"product_tag":[213,72,214,74,232],"class_list":{"0":"post-70252","1":"product","2":"type-product","3":"status-publish","4":"has-post-thumbnail","6":"product_cat-leadership","7":"product_tag-competence","8":"product_tag-formation","9":"product_tag-intelligence-emotionnelle","10":"product_tag-leadership","11":"product_tag-relations-interpersonnelles","12":"desktop-align-left","13":"tablet-align-left","14":"mobile-align-left","16":"first","17":"instock","18":"virtual","19":"taxable","20":"purchasable","21":"product-type-simple"},"acf":[],"_links":{"self":[{"href":"https:\/\/complx.ca\/en\/wp-json\/wp\/v2\/product\/70252","targetHints":{"allow":["GET"]}}],"collection":[{"href":"https:\/\/complx.ca\/en\/wp-json\/wp\/v2\/product"}],"about":[{"href":"https:\/\/complx.ca\/en\/wp-json\/wp\/v2\/types\/product"}],"version-history":[{"count":3,"href":"https:\/\/complx.ca\/en\/wp-json\/wp\/v2\/product\/70252\/revisions"}],"predecessor-version":[{"id":74027,"href":"https:\/\/complx.ca\/en\/wp-json\/wp\/v2\/product\/70252\/revisions\/74027"}],"wp:featuredmedia":[{"embeddable":true,"href":"https:\/\/complx.ca\/en\/wp-json\/wp\/v2\/media\/70444"}],"wp:attachment":[{"href":"https:\/\/complx.ca\/en\/wp-json\/wp\/v2\/media?parent=70252"}],"wp:term":[{"taxonomy":"product_brand","embeddable":true,"href":"https:\/\/complx.ca\/en\/wp-json\/wp\/v2\/product_brand?post=70252"},{"taxonomy":"product_cat","embeddable":true,"href":"https:\/\/complx.ca\/en\/wp-json\/wp\/v2\/product_cat?post=70252"},{"taxonomy":"product_tag","embeddable":true,"href":"https:\/\/complx.ca\/en\/wp-json\/wp\/v2\/product_tag?post=70252"}],"curies":[{"name":"wp","href":"https:\/\/api.w.org\/{rel}","templated":true}]}}