{"id":72679,"date":"2025-06-30T13:36:38","date_gmt":"2025-06-30T17:36:38","guid":{"rendered":"https:\/\/complx.ca\/?post_type=product&#038;p=72679"},"modified":"2026-04-24T12:48:51","modified_gmt":"2026-04-24T16:48:51","slug":"competences-de-gestion-coaching-au-travail-autoportant","status":"publish","type":"product","link":"https:\/\/complx.ca\/en\/boutique\/competences-de-gestion-coaching-au-travail-autoportant\/","title":{"rendered":"AUT25- Coaching at work"},"content":{"rendered":"<div data-elementor-type=\"product-post\" data-elementor-id=\"72679\" class=\"elementor elementor-72679\" data-elementor-post-type=\"product\">\n\t\t\t\t<div class=\"elementor-element elementor-element-cc6f70c e-flex e-con-boxed e-con e-parent\" data-id=\"cc6f70c\" data-element_type=\"container\">\n\t\t\t\t\t<div class=\"e-con-inner\">\n\t\t\t\t<div class=\"elementor-element elementor-element-52eb7606 elementor-widget elementor-widget-text-editor\" data-id=\"52eb7606\" data-element_type=\"widget\" data-widget_type=\"text-editor.default\">\n\t\t\t\t<div class=\"elementor-widget-container\">\n\t\t\t\t\t\t\t\t\t<p><strong>Formation pratique et concr\u00e8te assurant le d\u00e9veloppement des comp\u00e9tences de base pour coacher son \u00e9quipe au travail.<\/strong><\/p><p><strong>Objective<\/strong>: Comprendre le concept de coaching et son importance en milieu professionnel.<\/p><p>Am\u00e9liorer les comp\u00e9tences de communication essentielles pour un(e) personne ayant \u00e0 accompagner des employ\u00e9(e)s dans le cadre de son r\u00f4le.<\/p><p>Apprendre \u00e0 instaurer un climat de confiance avec les coach\u00e9(e)s.<\/p><p>Discover different coaching methods and tools.<\/p><p>Learn to set clear objectives and monitor progress.<\/p><p>Putting the skills you've learned into practice.<\/p><p><strong>Who is it for?\u00a0<\/strong><\/p><ul><li>Gestionnaire d\u00e9butant.e et interm\u00e9diaire<\/li><li>HR Professional<\/li><li>Anyone wishing to improve interpersonal relations at work through a collaborative leadership approach.<\/li><li>Material: online at Complexe X Acad\u00e9mie<\/li><\/ul><p><strong>Why is this?\u00a0<\/strong><\/p><p>D\u00e9velopper ses habilet\u00e9s de coaching au travail est essentiel pour am\u00e9liorer les performances individuelles et renforcer la communication. Cela permet aux employ\u00e9.es d\u2019identifier et de surmonter leurs lacunes tout en favorisant un climat de confiance et d\u2019ouverture. Gr\u00e2ce au coaching, les talents peuvent \u00eatre mieux d\u00e9velopp\u00e9s, ce qui contribue \u00e0 la promotion de la r\u00e9ussite professionnelle. En p\u00e9riode de changement, le coaching aide \u00e0 l\u2019adaptation et \u00e0 la gestion des transitions. De plus, il encourage l\u2019autonomie et la responsabilisation des employ\u00e9.es. En int\u00e9grant le coaching dans la culture d\u2019entreprise, on favorise l\u2019apprentissage continu et l\u2019am\u00e9lioration constante, au b\u00e9n\u00e9fice de l\u2019ensemble de l\u2019organisation.<\/p><p><strong>6 modules<\/strong><\/p><ul><li>6 heures de formation<\/li><li>Formateur.trice: Julie Dupuis<\/li><\/ul><h5><strong>Module 1: Introduction to coaching<\/strong><\/h5><ul><li><span class=\"OYPEnA font-feature-liga-off font-feature-clig-off font-feature-calt-off text-decoration-none text-strikethrough-none\">Objective: To understand the concept of coaching and its importance in the workplace.<\/span><\/li><\/ul><h5><strong>Module 2: Communication skills<\/strong><\/h5><ul><li><span class=\"OYPEnA font-feature-liga-off font-feature-clig-off font-feature-calt-off text-decoration-none text-strikethrough-none\">Objective: To improve the communication skills that are essential for a coach.<\/span><\/li><\/ul><h5><strong>Module 3: Building trusting relationships<\/strong><\/h5><ul><li><span class=\"OYPEnA font-feature-liga-off font-feature-clig-off font-feature-calt-off text-decoration-none text-strikethrough-none\">Objective: To learn how to establish a climate of trust with coachees.<\/span><\/li><\/ul><h5><strong>Module 4: Coaching techniques to optimise performance<\/strong><\/h5><ul><li>Objectif: D\u00e9couvrir diff\u00e9rentes m\u00e9thodes et outils de coaching<\/li><\/ul><h5><strong>Module 5: \u00c9tablissement d\u2019objectifs et suivis<\/strong><\/h5><ul><li><span class=\"OYPEnA font-feature-liga-off font-feature-clig-off font-feature-calt-off text-decoration-none text-strikethrough-none\">Objective: To learn how to set clear objectives and monitor progress.<\/span><\/li><\/ul><h5><strong>Module 6: The limits of coaching<\/strong><\/h5><ul><li><span class=\"OYPEnA font-feature-liga-off font-feature-clig-off font-feature-calt-off text-decoration-none text-strikethrough-none\">Objective: To provide a frame of reference for remaining within the context of professional coaching.<\/span><\/li><\/ul><div id=\"highlighter--hover-tools\" style=\"display: none;\"><div id=\"highlighter--hover-tools--container\"><div class=\"highlighter--icon highlighter--icon-copy\" title=\"Copy\">\u00a0<\/div><div class=\"highlighter--icon highlighter--icon-change-color\" title=\"Change Color\">\u00a0<\/div><div class=\"highlighter--icon highlighter--icon-delete\" title=\"Delete\">\u00a0<\/div><\/div><\/div><div id=\"highlighter--hover-tools\" style=\"display: none;\"><div id=\"highlighter--hover-tools--container\"><div class=\"highlighter--icon highlighter--icon-copy\" title=\"Copy\">\u00a0<\/div><div class=\"highlighter--icon highlighter--icon-change-color\" title=\"Change Color\">\u00a0<\/div><div class=\"highlighter--icon highlighter--icon-delete\" title=\"Delete\">\u00a0<\/div><\/div><\/div><div id=\"highlighter--hover-tools\" style=\"display: none;\"><div id=\"highlighter--hover-tools--container\"><div class=\"highlighter--icon highlighter--icon-copy\" title=\"Copy\">\u00a0<\/div><div class=\"highlighter--icon highlighter--icon-change-color\" title=\"Change Color\">\u00a0<\/div><div class=\"highlighter--icon highlighter--icon-delete\" title=\"Delete\">\u00a0<\/div><\/div><\/div>\t\t\t\t\t\t\t\t<\/div>\n\t\t\t\t<\/div>\n\t\t\t\t\t<\/div>\n\t\t\t\t<\/div>\n\t\t\t\t<\/div>","protected":false},"excerpt":{"rendered":"<p><strong>Practical, hands-on training to develop the basic skills needed to coach your team at work!<\/strong><\/p>\n<p><strong>Objective<\/strong>: Le coaching en milieu professionnel est un processus essentiel qui vise \u00e0 d\u00e9velopper les comp\u00e9tences et la performance des individus. Il repose sur la compr\u00e9hension du concept m\u00eame du coaching, qui inclut l&#8217;importance d&#8217;am\u00e9liorer les comp\u00e9tences de communication indispensables pour un.e coach.<\/p>","protected":false},"featured_media":72697,"template":"","meta":{"_acf_changed":false,"content-type":"","site-sidebar-layout":"default","site-content-layout":"","ast-site-content-layout":"default","site-content-style":"default","site-sidebar-style":"default","ast-global-header-display":"","ast-banner-title-visibility":"","ast-main-header-display":"","ast-hfb-above-header-display":"","ast-hfb-below-header-display":"","ast-hfb-mobile-header-display":"","site-post-title":"","ast-breadcrumbs-content":"","ast-featured-img":"","footer-sml-layout":"","ast-disable-related-posts":"","theme-transparent-header-meta":"default","adv-header-id-meta":"","stick-header-meta":"","header-above-stick-meta":"","header-main-stick-meta":"","header-below-stick-meta":"","astra-migrate-meta-layouts":"set","ast-page-background-enabled":"default","ast-page-background-meta":{"desktop":{"background-color":"","background-image":"","background-repeat":"repeat","background-position":"center center","background-size":"auto","background-attachment":"scroll","background-type":"","background-media":"","overlay-type":"","overlay-color":"","overlay-opacity":"","overlay-gradient":""},"tablet":{"background-color":"","background-image":"","background-repeat":"repeat","background-position":"center center","background-size":"auto","background-attachment":"scroll","background-type":"","background-media":"","overlay-type":"","overlay-color":"","overlay-opacity":"","overlay-gradient":""},"mobile":{"background-color":"","background-image":"","background-repeat":"repeat","background-position":"center center","background-size":"auto","background-attachment":"scroll","background-type":"","background-media":"","overlay-type":"","overlay-color":"","overlay-opacity":"","overlay-gradient":""}},"ast-content-background-meta":{"desktop":{"background-color":"var(--ast-global-color-5)","background-image":"","background-repeat":"repeat","background-position":"center center","background-size":"auto","background-attachment":"scroll","background-type":"","background-media":"","overlay-type":"","overlay-color":"","overlay-opacity":"","overlay-gradient":""},"tablet":{"background-color":"var(--ast-global-color-5)","background-image":"","background-repeat":"repeat","background-position":"center center","background-size":"auto","background-attachment":"scroll","background-type":"","background-media":"","overlay-type":"","overlay-color":"","overlay-opacity":"","overlay-gradient":""},"mobile":{"background-color":"var(--ast-global-color-5)","background-image":"","background-repeat":"repeat","background-position":"center center","background-size":"auto","background-attachment":"scroll","background-type":"","background-media":"","overlay-type":"","overlay-color":"","overlay-opacity":"","overlay-gradient":""}}},"product_brand":[],"product_cat":[192],"product_tag":[228,213,72,74],"class_list":{"0":"post-72679","1":"product","2":"type-product","3":"status-publish","4":"has-post-thumbnail","6":"product_cat-leadership","7":"product_tag-coaching","8":"product_tag-competence","9":"product_tag-formation","10":"product_tag-leadership","11":"desktop-align-left","12":"tablet-align-left","13":"mobile-align-left","15":"first","16":"instock","17":"virtual","18":"taxable","19":"purchasable","20":"product-type-simple"},"acf":[],"_links":{"self":[{"href":"https:\/\/complx.ca\/en\/wp-json\/wp\/v2\/product\/72679","targetHints":{"allow":["GET"]}}],"collection":[{"href":"https:\/\/complx.ca\/en\/wp-json\/wp\/v2\/product"}],"about":[{"href":"https:\/\/complx.ca\/en\/wp-json\/wp\/v2\/types\/product"}],"version-history":[{"count":3,"href":"https:\/\/complx.ca\/en\/wp-json\/wp\/v2\/product\/72679\/revisions"}],"predecessor-version":[{"id":80409,"href":"https:\/\/complx.ca\/en\/wp-json\/wp\/v2\/product\/72679\/revisions\/80409"}],"wp:featuredmedia":[{"embeddable":true,"href":"https:\/\/complx.ca\/en\/wp-json\/wp\/v2\/media\/72697"}],"wp:attachment":[{"href":"https:\/\/complx.ca\/en\/wp-json\/wp\/v2\/media?parent=72679"}],"wp:term":[{"taxonomy":"product_brand","embeddable":true,"href":"https:\/\/complx.ca\/en\/wp-json\/wp\/v2\/product_brand?post=72679"},{"taxonomy":"product_cat","embeddable":true,"href":"https:\/\/complx.ca\/en\/wp-json\/wp\/v2\/product_cat?post=72679"},{"taxonomy":"product_tag","embeddable":true,"href":"https:\/\/complx.ca\/en\/wp-json\/wp\/v2\/product_tag?post=72679"}],"curies":[{"name":"wp","href":"https:\/\/api.w.org\/{rel}","templated":true}]}}