{"id":74239,"date":"2025-07-21T16:00:44","date_gmt":"2025-07-21T20:00:44","guid":{"rendered":"https:\/\/complx.ca\/?post_type=product&#038;p=74239"},"modified":"2025-07-28T13:32:05","modified_gmt":"2025-07-28T17:32:05","slug":"aut24-adopter-un-leadership-conscient","status":"publish","type":"product","link":"https:\/\/complx.ca\/en\/boutique\/aut24-adopter-un-leadership-conscient\/","title":{"rendered":"AUT24-Adopting conscious leadership"},"content":{"rendered":"<p><strong><span class=\"TextRun SCXW226462545 BCX8\" lang=\"FR-CA\" xml:lang=\"FR-CA\" data-contrast=\"auto\"><span class=\"NormalTextRun SCXW226462545 BCX8\">Adopting conscious leadership for maximum impact<\/span><\/span><span class=\"TextRun SCXW226462545 BCX8\" lang=\"FR-CA\" xml:lang=\"FR-CA\" data-contrast=\"auto\"><span class=\"NormalTextRun SCXW226462545 BCX8\">\u00a0<\/span><\/span><span class=\"EOP SCXW226462545 BCX8\" data-ccp-props=\"{&quot;201341983&quot;:0,&quot;335559740&quot;:276}\">\u00a0<\/span><\/strong><\/p>\n<p><span data-contrast=\"auto\">Cette formation permet de d\u00e9couvrir les fondements du leadership conscient, une approche qui allie lucidit\u00e9, intention et coh\u00e9rence dans l\u2019action. En comprenant les \u00e9l\u00e9ments cl\u00e9s de cette posture, vous apprendrez \u00e0 mobiliser votre leadership de mani\u00e8re plus authentique et align\u00e9e, dans le but d\u2019exercer une influence positive et durable sur votre environnement professionnel.\u00a0<\/span><span data-ccp-props=\"{&quot;201341983&quot;:0,&quot;335559740&quot;:276}\">\u00a0<\/span><\/p>\n<p><span data-contrast=\"auto\">Gr\u00e2ce \u00e0 la d\u00e9couverte de nouvelles connaissances, de pistes d\u2019action et d\u2019outils pratiques, vous d\u00e9velopperez votre capacit\u00e9 \u00e0 influencer avec une plus grande conscience de soi, des autres et du syst\u00e8me dans lequel vous \u00e9voluez. Cette approche vise \u00e0 maximiser l\u2019impact du leadership tout en renfor\u00e7ant la confiance, la clart\u00e9 et le sens partag\u00e9 au sein des \u00e9quipes.\u00a0<\/span><span data-ccp-props=\"{&quot;201341983&quot;:0,&quot;335559740&quot;:276}\">\u00a0<\/span><\/p>","protected":false},"excerpt":{"rendered":"<p><strong><span class=\"TextRun SCXW226462545 BCX8\" lang=\"FR-CA\" xml:lang=\"FR-CA\" data-contrast=\"auto\"><span class=\"NormalTextRun SCXW226462545 BCX8\">Adopting conscious leadership for maximum impact<\/span><\/span><span class=\"TextRun SCXW226462545 BCX8\" lang=\"FR-CA\" xml:lang=\"FR-CA\" data-contrast=\"auto\"><span class=\"NormalTextRun SCXW226462545 BCX8\">\u00a0<\/span><\/span><\/strong><\/p>\n<p>Cette formation explore les bases du leadership conscient, une approche qui repose sur la lucidit\u00e9, l\u2019intention et la coh\u00e9rence dans l\u2019action. Elle vous aide \u00e0 mobiliser un leadership authentique et align\u00e9 pour exercer une influence positive, en d\u00e9veloppant votre conscience de soi, des autres et du syst\u00e8me.<\/p>","protected":false},"featured_media":74378,"template":"","meta":{"_acf_changed":false,"content-type":"","site-sidebar-layout":"default","site-content-layout":"","ast-site-content-layout":"default","site-content-style":"default","site-sidebar-style":"default","ast-global-header-display":"","ast-banner-title-visibility":"","ast-main-header-display":"","ast-hfb-above-header-display":"","ast-hfb-below-header-display":"","ast-hfb-mobile-header-display":"","site-post-title":"","ast-breadcrumbs-content":"","ast-featured-img":"","footer-sml-layout":"","ast-disable-related-posts":"","theme-transparent-header-meta":"default","adv-header-id-meta":"","stick-header-meta":"","header-above-stick-meta":"","header-main-stick-meta":"","header-below-stick-meta":"","astra-migrate-meta-layouts":"set","ast-page-background-enabled":"default","ast-page-background-meta":{"desktop":{"background-color":"","background-image":"","background-repeat":"repeat","background-position":"center center","background-size":"auto","background-attachment":"scroll","background-type":"","background-media":"","overlay-type":"","overlay-color":"","overlay-opacity":"","overlay-gradient":""},"tablet":{"background-color":"","background-image":"","background-repeat":"repeat","background-position":"center center","background-size":"auto","background-attachment":"scroll","background-type":"","background-media":"","overlay-type":"","overlay-color":"","overlay-opacity":"","overlay-gradient":""},"mobile":{"background-color":"","background-image":"","background-repeat":"repeat","background-position":"center center","background-size":"auto","background-attachment":"scroll","background-type":"","background-media":"","overlay-type":"","overlay-color":"","overlay-opacity":"","overlay-gradient":""}},"ast-content-background-meta":{"desktop":{"background-color":"var(--ast-global-color-5)","background-image":"","background-repeat":"repeat","background-position":"center center","background-size":"auto","background-attachment":"scroll","background-type":"","background-media":"","overlay-type":"","overlay-color":"","overlay-opacity":"","overlay-gradient":""},"tablet":{"background-color":"var(--ast-global-color-5)","background-image":"","background-repeat":"repeat","background-position":"center center","background-size":"auto","background-attachment":"scroll","background-type":"","background-media":"","overlay-type":"","overlay-color":"","overlay-opacity":"","overlay-gradient":""},"mobile":{"background-color":"var(--ast-global-color-5)","background-image":"","background-repeat":"repeat","background-position":"center center","background-size":"auto","background-attachment":"scroll","background-type":"","background-media":"","overlay-type":"","overlay-color":"","overlay-opacity":"","overlay-gradient":""}}},"product_brand":[],"product_cat":[192],"product_tag":[280,72,74,281],"class_list":{"0":"post-74239","1":"product","2":"type-product","3":"status-publish","4":"has-post-thumbnail","6":"product_cat-leadership","7":"product_tag-conscience","8":"product_tag-formation","9":"product_tag-leadership","10":"product_tag-leadership-conscient","11":"desktop-align-left","12":"tablet-align-left","13":"mobile-align-left","15":"first","16":"instock","17":"virtual","18":"taxable","19":"purchasable","20":"product-type-simple"},"acf":[],"_links":{"self":[{"href":"https:\/\/complx.ca\/en\/wp-json\/wp\/v2\/product\/74239","targetHints":{"allow":["GET"]}}],"collection":[{"href":"https:\/\/complx.ca\/en\/wp-json\/wp\/v2\/product"}],"about":[{"href":"https:\/\/complx.ca\/en\/wp-json\/wp\/v2\/types\/product"}],"version-history":[{"count":3,"href":"https:\/\/complx.ca\/en\/wp-json\/wp\/v2\/product\/74239\/revisions"}],"predecessor-version":[{"id":74508,"href":"https:\/\/complx.ca\/en\/wp-json\/wp\/v2\/product\/74239\/revisions\/74508"}],"wp:featuredmedia":[{"embeddable":true,"href":"https:\/\/complx.ca\/en\/wp-json\/wp\/v2\/media\/74378"}],"wp:attachment":[{"href":"https:\/\/complx.ca\/en\/wp-json\/wp\/v2\/media?parent=74239"}],"wp:term":[{"taxonomy":"product_brand","embeddable":true,"href":"https:\/\/complx.ca\/en\/wp-json\/wp\/v2\/product_brand?post=74239"},{"taxonomy":"product_cat","embeddable":true,"href":"https:\/\/complx.ca\/en\/wp-json\/wp\/v2\/product_cat?post=74239"},{"taxonomy":"product_tag","embeddable":true,"href":"https:\/\/complx.ca\/en\/wp-json\/wp\/v2\/product_tag?post=74239"}],"curies":[{"name":"wp","href":"https:\/\/api.w.org\/{rel}","templated":true}]}}