{"id":74346,"date":"2025-07-22T09:52:51","date_gmt":"2025-07-22T13:52:51","guid":{"rendered":"https:\/\/complx.ca\/?post_type=product&#038;p=74346"},"modified":"2025-07-28T13:18:10","modified_gmt":"2025-07-28T17:18:10","slug":"aut24-communication-influente","status":"publish","type":"product","link":"https:\/\/complx.ca\/en\/boutique\/aut24-communication-influente\/","title":{"rendered":"AUT24-Influential communication"},"content":{"rendered":"<p><strong><em>Using influential communication<\/em><\/strong><\/p>\n<p>Cette formation en ligne propose une exploration des m\u00e9canismes qui influencent la mani\u00e8re dont nous communiquons et dont nos messages sont re\u00e7us. En comprenant comment la perception, l\u2019interpr\u00e9tation et nos filtres personnels, tels que la personnalit\u00e9, les valeurs, les croyances, les besoins et les motivations fa\u00e7onnent nos \u00e9changes, vous serez en mesure d\u2019ajuster votre posture pour communiquer de mani\u00e8re plus claire, intentionnelle et mobilisatrice et ainsi cr\u00e9er un plus grand impact.<\/p>\n<p>Cette formation vous permet de d\u00e9velopper une meilleure conscience de vos styles de communication, tout en int\u00e9grant des cl\u00e9s concr\u00e8tes pour renforcer votre capacit\u00e9 d\u2019influence dans divers contextes professionnels.<\/p>","protected":false},"excerpt":{"rendered":"<p><strong><em>Using influential communication<\/em><\/strong><\/p>\n<p>Cette formation en ligne explore comment la perception, la personnalit\u00e9, les valeurs et les motivations influencent la communication. Elle vise \u00e0 vous aider \u00e0 mieux comprendre vos styles de communication, \u00e0 ajuster votre posture pour \u00eatre plus clair et impactant, et \u00e0 renforcer votre capacit\u00e9 d&#8217;influence dans des contextes professionnels.<\/p>\n<p><span data-teams=\"true\">\u00a0<\/span><\/p>","protected":false},"featured_media":74374,"template":"","meta":{"_acf_changed":false,"content-type":"","site-sidebar-layout":"default","site-content-layout":"","ast-site-content-layout":"default","site-content-style":"default","site-sidebar-style":"default","ast-global-header-display":"","ast-banner-title-visibility":"","ast-main-header-display":"","ast-hfb-above-header-display":"","ast-hfb-below-header-display":"","ast-hfb-mobile-header-display":"","site-post-title":"","ast-breadcrumbs-content":"","ast-featured-img":"","footer-sml-layout":"","ast-disable-related-posts":"","theme-transparent-header-meta":"default","adv-header-id-meta":"","stick-header-meta":"","header-above-stick-meta":"","header-main-stick-meta":"","header-below-stick-meta":"","astra-migrate-meta-layouts":"set","ast-page-background-enabled":"default","ast-page-background-meta":{"desktop":{"background-color":"","background-image":"","background-repeat":"repeat","background-position":"center center","background-size":"auto","background-attachment":"scroll","background-type":"","background-media":"","overlay-type":"","overlay-color":"","overlay-opacity":"","overlay-gradient":""},"tablet":{"background-color":"","background-image":"","background-repeat":"repeat","background-position":"center center","background-size":"auto","background-attachment":"scroll","background-type":"","background-media":"","overlay-type":"","overlay-color":"","overlay-opacity":"","overlay-gradient":""},"mobile":{"background-color":"","background-image":"","background-repeat":"repeat","background-position":"center center","background-size":"auto","background-attachment":"scroll","background-type":"","background-media":"","overlay-type":"","overlay-color":"","overlay-opacity":"","overlay-gradient":""}},"ast-content-background-meta":{"desktop":{"background-color":"var(--ast-global-color-5)","background-image":"","background-repeat":"repeat","background-position":"center center","background-size":"auto","background-attachment":"scroll","background-type":"","background-media":"","overlay-type":"","overlay-color":"","overlay-opacity":"","overlay-gradient":""},"tablet":{"background-color":"var(--ast-global-color-5)","background-image":"","background-repeat":"repeat","background-position":"center center","background-size":"auto","background-attachment":"scroll","background-type":"","background-media":"","overlay-type":"","overlay-color":"","overlay-opacity":"","overlay-gradient":""},"mobile":{"background-color":"var(--ast-global-color-5)","background-image":"","background-repeat":"repeat","background-position":"center center","background-size":"auto","background-attachment":"scroll","background-type":"","background-media":"","overlay-type":"","overlay-color":"","overlay-opacity":"","overlay-gradient":""}}},"product_brand":[],"product_cat":[192],"product_tag":[75,285,72],"class_list":{"0":"post-74346","1":"product","2":"type-product","3":"status-publish","4":"has-post-thumbnail","6":"product_cat-leadership","7":"product_tag-communication","8":"product_tag-communication-influente","9":"product_tag-formation","10":"desktop-align-left","11":"tablet-align-left","12":"mobile-align-left","14":"first","15":"instock","16":"virtual","17":"taxable","18":"purchasable","19":"product-type-simple"},"acf":[],"_links":{"self":[{"href":"https:\/\/complx.ca\/en\/wp-json\/wp\/v2\/product\/74346","targetHints":{"allow":["GET"]}}],"collection":[{"href":"https:\/\/complx.ca\/en\/wp-json\/wp\/v2\/product"}],"about":[{"href":"https:\/\/complx.ca\/en\/wp-json\/wp\/v2\/types\/product"}],"version-history":[{"count":2,"href":"https:\/\/complx.ca\/en\/wp-json\/wp\/v2\/product\/74346\/revisions"}],"predecessor-version":[{"id":74501,"href":"https:\/\/complx.ca\/en\/wp-json\/wp\/v2\/product\/74346\/revisions\/74501"}],"wp:featuredmedia":[{"embeddable":true,"href":"https:\/\/complx.ca\/en\/wp-json\/wp\/v2\/media\/74374"}],"wp:attachment":[{"href":"https:\/\/complx.ca\/en\/wp-json\/wp\/v2\/media?parent=74346"}],"wp:term":[{"taxonomy":"product_brand","embeddable":true,"href":"https:\/\/complx.ca\/en\/wp-json\/wp\/v2\/product_brand?post=74346"},{"taxonomy":"product_cat","embeddable":true,"href":"https:\/\/complx.ca\/en\/wp-json\/wp\/v2\/product_cat?post=74346"},{"taxonomy":"product_tag","embeddable":true,"href":"https:\/\/complx.ca\/en\/wp-json\/wp\/v2\/product_tag?post=74346"}],"curies":[{"name":"wp","href":"https:\/\/api.w.org\/{rel}","templated":true}]}}