{"id":74390,"date":"2025-07-22T10:40:42","date_gmt":"2025-07-22T14:40:42","guid":{"rendered":"https:\/\/complx.ca\/?post_type=product&#038;p=74390"},"modified":"2025-07-22T14:22:08","modified_gmt":"2025-07-22T18:22:08","slug":"aut24-mieux-gerer-et-organiser-son-temps-et-ses-ressources","status":"publish","type":"product","link":"https:\/\/complx.ca\/en\/boutique\/aut24-mieux-gerer-et-organiser-son-temps-et-ses-ressources\/","title":{"rendered":"AUT24-Better management and organisation of time and resources"},"content":{"rendered":"<p><strong><em>Better manage and organise your time and resources to achieve greater efficiency<\/em><\/strong><\/p>\n<p>Cette formation en ligne propose une d\u00e9marche de prise de recul sur nos habitudes de gestion du temps et d\u2019organisation personnelle. En identifiant les comportements improductifs et les automatismes contre-productifs, l\u2019apprenant\u00b7e sera en mesure de passer d\u2019une logique d\u2019efficacit\u00e9 (faire plus) \u00e0 une logique d\u2019efficience (faire mieux, avec moins). Il ou elle pourra ainsi utiliser les outils et techniques de gestion du temps de fa\u00e7on plus cibl\u00e9e, consciente et adapt\u00e9e \u00e0 sa r\u00e9alit\u00e9.<\/p>\n<p>Ax\u00e9e sur la r\u00e9flexion individuelle et l\u2019appropriation de strat\u00e9gies concr\u00e8tes, cette formation permet de retrouver un meilleur \u00e9quilibre entre performance et \u00e9nergie, en maximisant l\u2019impact des efforts investis.<\/p>","protected":false},"excerpt":{"rendered":"<p><strong><em>Better manage and organise your time and resources to achieve greater efficiency<\/em><\/strong><\/p>\n<p><span data-teams=\"true\">Cette formation en ligne vous aide \u00e0 analyser vos habitudes de gestion du temps, \u00e0 \u00e9liminer les comportements improductifs et \u00e0 adopter une approche plus efficace et \u00e9quilibr\u00e9e, pour travailler mieux avec moins de ressources.<\/span><\/p>","protected":false},"featured_media":74481,"template":"","meta":{"_acf_changed":false,"content-type":"","site-sidebar-layout":"default","site-content-layout":"","ast-site-content-layout":"default","site-content-style":"default","site-sidebar-style":"default","ast-global-header-display":"","ast-banner-title-visibility":"","ast-main-header-display":"","ast-hfb-above-header-display":"","ast-hfb-below-header-display":"","ast-hfb-mobile-header-display":"","site-post-title":"","ast-breadcrumbs-content":"","ast-featured-img":"","footer-sml-layout":"","ast-disable-related-posts":"","theme-transparent-header-meta":"default","adv-header-id-meta":"","stick-header-meta":"","header-above-stick-meta":"","header-main-stick-meta":"","header-below-stick-meta":"","astra-migrate-meta-layouts":"set","ast-page-background-enabled":"default","ast-page-background-meta":{"desktop":{"background-color":"","background-image":"","background-repeat":"repeat","background-position":"center center","background-size":"auto","background-attachment":"scroll","background-type":"","background-media":"","overlay-type":"","overlay-color":"","overlay-opacity":"","overlay-gradient":""},"tablet":{"background-color":"","background-image":"","background-repeat":"repeat","background-position":"center center","background-size":"auto","background-attachment":"scroll","background-type":"","background-media":"","overlay-type":"","overlay-color":"","overlay-opacity":"","overlay-gradient":""},"mobile":{"background-color":"","background-image":"","background-repeat":"repeat","background-position":"center center","background-size":"auto","background-attachment":"scroll","background-type":"","background-media":"","overlay-type":"","overlay-color":"","overlay-opacity":"","overlay-gradient":""}},"ast-content-background-meta":{"desktop":{"background-color":"var(--ast-global-color-5)","background-image":"","background-repeat":"repeat","background-position":"center center","background-size":"auto","background-attachment":"scroll","background-type":"","background-media":"","overlay-type":"","overlay-color":"","overlay-opacity":"","overlay-gradient":""},"tablet":{"background-color":"var(--ast-global-color-5)","background-image":"","background-repeat":"repeat","background-position":"center center","background-size":"auto","background-attachment":"scroll","background-type":"","background-media":"","overlay-type":"","overlay-color":"","overlay-opacity":"","overlay-gradient":""},"mobile":{"background-color":"var(--ast-global-color-5)","background-image":"","background-repeat":"repeat","background-position":"center center","background-size":"auto","background-attachment":"scroll","background-type":"","background-media":"","overlay-type":"","overlay-color":"","overlay-opacity":"","overlay-gradient":""}}},"product_brand":[],"product_cat":[192],"product_tag":[297,72,211,225],"class_list":{"0":"post-74390","1":"product","2":"type-product","3":"status-publish","4":"has-post-thumbnail","6":"product_cat-leadership","7":"product_tag-efficience","8":"product_tag-formation","9":"product_tag-gestion","10":"product_tag-performance","11":"desktop-align-left","12":"tablet-align-left","13":"mobile-align-left","15":"first","16":"instock","17":"virtual","18":"taxable","19":"purchasable","20":"product-type-simple"},"acf":[],"_links":{"self":[{"href":"https:\/\/complx.ca\/en\/wp-json\/wp\/v2\/product\/74390","targetHints":{"allow":["GET"]}}],"collection":[{"href":"https:\/\/complx.ca\/en\/wp-json\/wp\/v2\/product"}],"about":[{"href":"https:\/\/complx.ca\/en\/wp-json\/wp\/v2\/types\/product"}],"version-history":[{"count":3,"href":"https:\/\/complx.ca\/en\/wp-json\/wp\/v2\/product\/74390\/revisions"}],"predecessor-version":[{"id":74405,"href":"https:\/\/complx.ca\/en\/wp-json\/wp\/v2\/product\/74390\/revisions\/74405"}],"wp:featuredmedia":[{"embeddable":true,"href":"https:\/\/complx.ca\/en\/wp-json\/wp\/v2\/media\/74481"}],"wp:attachment":[{"href":"https:\/\/complx.ca\/en\/wp-json\/wp\/v2\/media?parent=74390"}],"wp:term":[{"taxonomy":"product_brand","embeddable":true,"href":"https:\/\/complx.ca\/en\/wp-json\/wp\/v2\/product_brand?post=74390"},{"taxonomy":"product_cat","embeddable":true,"href":"https:\/\/complx.ca\/en\/wp-json\/wp\/v2\/product_cat?post=74390"},{"taxonomy":"product_tag","embeddable":true,"href":"https:\/\/complx.ca\/en\/wp-json\/wp\/v2\/product_tag?post=74390"}],"curies":[{"name":"wp","href":"https:\/\/api.w.org\/{rel}","templated":true}]}}