{"id":75313,"date":"2025-08-26T15:42:22","date_gmt":"2025-08-26T19:42:22","guid":{"rendered":"https:\/\/complx.ca\/?post_type=product&#038;p=75313"},"modified":"2026-01-22T14:10:20","modified_gmt":"2026-01-22T19:10:20","slug":"aut25-retroaction-efficace-grace-au-concept-du-disc","status":"publish","type":"product","link":"https:\/\/complx.ca\/en\/boutique\/aut25-retroaction-efficace-grace-au-concept-du-disc\/","title":{"rendered":"AUT25-Effective feedback thanks to the DISC concept"},"content":{"rendered":"<div id=\"e671b7d8-ef61-47d3-8a39-25631300d6f1\" class=\"\">\n<div class=\"___10eluol f22iagw f1vx9l62 flvyvdh f14z66ap f11ysow2 f1ewtqcl f4sjk8j f1d54kgm fk6fouc fkhj508 figsok6 f1i3iumi f19n0e5 fvhlfan f1n9xt1v f15orfay fqvmpri f11tbgq f1p0247a f9sufv2 f1dr1xf1 f1vyg3t2 fns3mgy f2h6sj1 f13alwr3 f19c6guv frkklwf f5zfpvi f8owa2 fe11041 fds34uz f1aye3w6 f17s497r fmjcstx f1ac2nhu f1flgfly fup14nn f1o8hy8 f1ehsc59 f1vprcok f1cb6ucz f11iioar f1xr0rxl f1jmjqmt f5omhkn fhjrts3\">\n<p><strong>R\u00e9troaction efficace gr\u00e2ce au concept du DISC<\/strong><\/p>\n<p>Dans cette formation d\u2019une heure, vous d\u00e9couvrirez comment la compr\u00e9hension des profils DISC peut transformer votre mani\u00e8re de communiquer et d\u2019influencer lors d\u2019une rencontre d\u2019\u00e9quipe. En adaptant votre style de communication et votre fa\u00e7on d\u2019intervenir aux diff\u00e9rents profils de vos collaborateurs.trices lors de vos rencontres d\u2019\u00e9quipe, vous devenez un.e leader capable de renforcer la coh\u00e9sion, de favoriser la collaboration et d\u2019optimiser la performance collective.<\/p>\n<p><strong>Developing key skills<\/strong>\u00a0:<\/p>\n<ul>\n<li>Communication<\/li>\n<li>\u00c9coute<\/li>\n<li>Influence<\/li>\n<li>Engagement<\/li>\n<\/ul>\n<p>Cette formation vous permettra de faire des r\u00e9troactions efficaces avec les membres de votre \u00e9quipe.<\/p>\n<\/div>\n<\/div>","protected":false},"excerpt":{"rendered":"<p><strong>La r\u00e9troaction efficace gr\u00e2ce au concept du DISC<\/strong><\/p>\n<p>The practical benefits of this training are many and varied. Here are just a few of them:<\/p>\n<div id=\"a1f74e19-ba73-4e8c-9865-99748f84d190\" class=\"\">\n<div class=\"___10eluol f22iagw f1vx9l62 flvyvdh f14z66ap f11ysow2 f1ewtqcl f4sjk8j f1d54kgm fk6fouc fkhj508 figsok6 f1i3iumi f19n0e5 fvhlfan f1n9xt1v f15orfay fqvmpri f11tbgq f1p0247a f9sufv2 f1dr1xf1 f1vyg3t2 fns3mgy f2h6sj1 f13alwr3 f19c6guv frkklwf f5zfpvi f8owa2 fe11041 fds34uz f1aye3w6 f17s497r fmjcstx f1ac2nhu f1flgfly fup14nn f1o8hy8 f1ehsc59 f1vprcok f1cb6ucz f11iioar f1xr0rxl f1jmjqmt f5omhkn fhjrts3\">\n<p><strong>Devenir un.e leader efficace: <\/strong>En adaptant votre style de communication aux diff\u00e9rents profils DISC de vos interlocuteur.trices, vous devenez un.e leader capable d\u2019offrir une r\u00e9troaction claire, constructive et mobilisatrice, tout en renfor\u00e7ant la relation de confiance.<\/p>\n<p><strong>Am\u00e9lioration des comp\u00e9tences en communication: <\/strong>La formation vous aide \u00e0 identifier les quatre profils DISC (Dominant, Influent, Stable, Consciencieux) et leurs r\u00e9actions typiques face \u00e0 la r\u00e9troaction, ce qui am\u00e9liore votre capacit\u00e9 \u00e0 communiquer efficacement.<\/p>\n<p><strong>Analyse rapide des profils: <\/strong>Vous apprendrez \u00e0 identifier rapidement le profil de votre interlocuteur.trice afin d\u2019ajuster votre fa\u00e7on de formuler vos messages pour une r\u00e9troaction mieux re\u00e7ue et plus efficace.<\/p>\n<p><strong>Adaptation strategies: <\/strong>La formation vous enseigne les meilleures approches pour donner une r\u00e9troaction efficace et motivante selon le profil DISC de chacun et le contexte de l\u2019\u00e9change.<\/p>\n<p><strong>Mise en pratique: <\/strong>Gr\u00e2ce \u00e0 des exemples concrets, des jeux de r\u00f4le et des techniques sp\u00e9cifiques, vous pourrez offrir une r\u00e9troaction cibl\u00e9e, bien re\u00e7ue et porteuse de changement.<\/p>\n<p><strong>Renforcement des relations de travail: <\/strong>En appliquant les meilleures pratiques de r\u00e9troaction constructive, vous cr\u00e9erez un climat de confiance propice \u00e0 la croissance et \u00e0 la collaboration.<\/p>\n<p>Ces b\u00e9n\u00e9fices vous permettront de devenir un.e pro de la r\u00e9troaction efficace, favorisant des \u00e9changes constructifs, d\u00e9veloppant l\u2019engagement et stimulant la croissance des individus, de l\u2019\u00e9quipe et de l\u2019ensemble de l\u2019organisation.<\/p>\n<\/div>\n<\/div>","protected":false},"featured_media":75314,"template":"","meta":{"_acf_changed":false,"content-type":"","site-sidebar-layout":"default","site-content-layout":"","ast-site-content-layout":"default","site-content-style":"default","site-sidebar-style":"default","ast-global-header-display":"","ast-banner-title-visibility":"","ast-main-header-display":"","ast-hfb-above-header-display":"","ast-hfb-below-header-display":"","ast-hfb-mobile-header-display":"","site-post-title":"","ast-breadcrumbs-content":"","ast-featured-img":"","footer-sml-layout":"","ast-disable-related-posts":"","theme-transparent-header-meta":"default","adv-header-id-meta":"","stick-header-meta":"","header-above-stick-meta":"","header-main-stick-meta":"","header-below-stick-meta":"","astra-migrate-meta-layouts":"set","ast-page-background-enabled":"default","ast-page-background-meta":{"desktop":{"background-color":"","background-image":"","background-repeat":"repeat","background-position":"center center","background-size":"auto","background-attachment":"scroll","background-type":"","background-media":"","overlay-type":"","overlay-color":"","overlay-opacity":"","overlay-gradient":""},"tablet":{"background-color":"","background-image":"","background-repeat":"repeat","background-position":"center center","background-size":"auto","background-attachment":"scroll","background-type":"","background-media":"","overlay-type":"","overlay-color":"","overlay-opacity":"","overlay-gradient":""},"mobile":{"background-color":"","background-image":"","background-repeat":"repeat","background-position":"center center","background-size":"auto","background-attachment":"scroll","background-type":"","background-media":"","overlay-type":"","overlay-color":"","overlay-opacity":"","overlay-gradient":""}},"ast-content-background-meta":{"desktop":{"background-color":"var(--ast-global-color-5)","background-image":"","background-repeat":"repeat","background-position":"center center","background-size":"auto","background-attachment":"scroll","background-type":"","background-media":"","overlay-type":"","overlay-color":"","overlay-opacity":"","overlay-gradient":""},"tablet":{"background-color":"var(--ast-global-color-5)","background-image":"","background-repeat":"repeat","background-position":"center center","background-size":"auto","background-attachment":"scroll","background-type":"","background-media":"","overlay-type":"","overlay-color":"","overlay-opacity":"","overlay-gradient":""},"mobile":{"background-color":"var(--ast-global-color-5)","background-image":"","background-repeat":"repeat","background-position":"center center","background-size":"auto","background-attachment":"scroll","background-type":"","background-media":"","overlay-type":"","overlay-color":"","overlay-opacity":"","overlay-gradient":""}}},"product_brand":[],"product_cat":[192,207],"product_tag":[317,316,72,332],"class_list":{"0":"post-75313","1":"product","2":"type-product","3":"status-publish","4":"has-post-thumbnail","6":"product_cat-leadership","7":"product_cat-nova","8":"product_tag-aptitude","9":"product_tag-developpement","10":"product_tag-formation","11":"product_tag-retroaction","12":"desktop-align-left","13":"tablet-align-left","14":"mobile-align-left","16":"first","17":"instock","18":"virtual","19":"taxable","20":"purchasable","21":"product-type-simple"},"acf":[],"_links":{"self":[{"href":"https:\/\/complx.ca\/en\/wp-json\/wp\/v2\/product\/75313","targetHints":{"allow":["GET"]}}],"collection":[{"href":"https:\/\/complx.ca\/en\/wp-json\/wp\/v2\/product"}],"about":[{"href":"https:\/\/complx.ca\/en\/wp-json\/wp\/v2\/types\/product"}],"version-history":[{"count":3,"href":"https:\/\/complx.ca\/en\/wp-json\/wp\/v2\/product\/75313\/revisions"}],"predecessor-version":[{"id":75316,"href":"https:\/\/complx.ca\/en\/wp-json\/wp\/v2\/product\/75313\/revisions\/75316"}],"wp:featuredmedia":[{"embeddable":true,"href":"https:\/\/complx.ca\/en\/wp-json\/wp\/v2\/media\/75314"}],"wp:attachment":[{"href":"https:\/\/complx.ca\/en\/wp-json\/wp\/v2\/media?parent=75313"}],"wp:term":[{"taxonomy":"product_brand","embeddable":true,"href":"https:\/\/complx.ca\/en\/wp-json\/wp\/v2\/product_brand?post=75313"},{"taxonomy":"product_cat","embeddable":true,"href":"https:\/\/complx.ca\/en\/wp-json\/wp\/v2\/product_cat?post=75313"},{"taxonomy":"product_tag","embeddable":true,"href":"https:\/\/complx.ca\/en\/wp-json\/wp\/v2\/product_tag?post=75313"}],"curies":[{"name":"wp","href":"https:\/\/api.w.org\/{rel}","templated":true}]}}