{"id":78039,"date":"2025-12-19T12:18:27","date_gmt":"2025-12-19T17:18:27","guid":{"rendered":"https:\/\/complx.ca\/?post_type=product&#038;p=78039"},"modified":"2025-12-19T12:26:46","modified_gmt":"2025-12-19T17:26:46","slug":"coa26-coaching-influencer-avec-impact-les-4-couleurs-disc-en-action","status":"publish","type":"product","link":"https:\/\/complx.ca\/en\/boutique\/coa26-coaching-influencer-avec-impact-les-4-couleurs-disc-en-action\/","title":{"rendered":"COA26 - Coaching: Influencing with impact - The 4 DISC colours in action"},"content":{"rendered":"<div id=\"e671b7d8-ef61-47d3-8a39-25631300d6f1\" class=\"\">\n<div class=\"___10eluol f22iagw f1vx9l62 flvyvdh f14z66ap f11ysow2 f1ewtqcl f4sjk8j f1d54kgm fk6fouc fkhj508 figsok6 f1i3iumi f19n0e5 fvhlfan f1n9xt1v f15orfay fqvmpri f11tbgq f1p0247a f9sufv2 f1dr1xf1 f1vyg3t2 fns3mgy f2h6sj1 f13alwr3 f19c6guv frkklwf f5zfpvi f8owa2 fe11041 fds34uz f1aye3w6 f17s497r fmjcstx f1ac2nhu f1flgfly fup14nn f1o8hy8 f1ehsc59 f1vprcok f1cb6ucz f11iioar f1xr0rxl f1jmjqmt f5omhkn fhjrts3\">\n<p><span class=\"TextRun SCXW51680206 BCX0\" lang=\"FR-CA\" xml:lang=\"FR-CA\" data-contrast=\"auto\"><span class=\"NormalTextRun SCXW51680206 BCX0\">Dans un monde o\u00f9 la collaboration est essentielle, conna\u00eetre les profils comportementaux de son \u00e9quipe est un atout strat\u00e9gique. Le mod\u00e8le DISC, bas\u00e9 sur quatre couleurs \u2013 Rouge, Jaune, Vert et Bleu \u2013 permet de mieux comprendre les styles de communication, les motivations et les besoins de chacun.\u00a0<\/span><\/span><span class=\"TextRun Highlight SCXW51680206 BCX0\" lang=\"FR-CA\" xml:lang=\"FR-CA\" data-contrast=\"auto\"><span class=\"NormalTextRun SCXW51680206 BCX0\">Cet accompagnement individualis\u00e9<\/span><\/span><span class=\"TextRun SCXW51680206 BCX0\" lang=\"FR-CA\" xml:lang=\"FR-CA\" data-contrast=\"auto\"><span class=\"NormalTextRun SCXW51680206 BCX0\">\u00a0vous donnera les cl\u00e9s pour adapter votre posture, renforcer la coh\u00e9sion et optimiser la performance collective. \u00c0 travers chaque coaching, vous apprendrez \u00e0 interagir efficacement avec chaque profil et \u00e0 d\u00e9velopper votre influence positive au sein de votre organisation.<\/span><\/span><\/p>\n<ul>\n<li><b><span data-contrast=\"auto\">4\u00a0rencontres de coaching\u00a0(1h00\u00a0chacune)<\/span><\/b><span data-contrast=\"auto\">\u00a0\u2013 en virtuel.<\/span><span data-ccp-props=\"{}\">\u00a0<\/span><\/li>\n<li><b><span data-contrast=\"auto\">Objectif global<\/span><\/b><span data-contrast=\"auto\">\u00a0: Comprendre chaque profil DISC et adopter la bonne posture pour interagir et influencer efficacement.<\/span><span data-ccp-props=\"{}\">\u00a0<\/span><\/li>\n<li><b><span data-contrast=\"auto\">Pour qui\u202f<\/span><\/b><span data-contrast=\"auto\">:\u00a0Leaders, gestionnaires, professionnels en relation client, RH.<\/span><span data-ccp-props=\"{}\">\u00a0<\/span><\/li>\n<\/ul>\n<p><b><span data-contrast=\"auto\">Plan des\u00a0<\/span><\/b><b><span data-contrast=\"auto\">coachings<\/span><\/b><span data-ccp-props=\"{}\">\u00a0<\/span><\/p>\n<ul>\n<li><span data-contrast=\"auto\">Coaching\u00a01 : Le Rouge (Dominant)<\/span><span data-ccp-props=\"{}\">\u00a0<\/span><\/li>\n<li><span data-contrast=\"auto\">Coaching 2 : Le Jaune (Influent)<\/span><span data-ccp-props=\"{}\">\u00a0<\/span><\/li>\n<li><span data-contrast=\"auto\">Coaching 3 : Le Vert (Stable)<\/span><span data-ccp-props=\"{}\">\u00a0<\/span><\/li>\n<li><span data-contrast=\"auto\">Coaching 4 : Le Bleu (Consciencieux)<\/span><span data-ccp-props=\"{}\">\u00a0<\/span><\/li>\n<\/ul>\n<p><b><span data-contrast=\"auto\">Structure des rencontres pour chaque couleur<\/span><\/b><span data-ccp-props=\"{}\">\u00a0<\/span><\/p>\n<ul>\n<li><span data-contrast=\"auto\">Caract\u00e9ristiques cl\u00e9s\u00a0<\/span><span data-ccp-props=\"{&quot;335559739&quot;:0}\">\u00a0<\/span><\/li>\n<li><span data-contrast=\"auto\">Posture \u00e0 adopter\u00a0<\/span><span data-ccp-props=\"{&quot;335559739&quot;:0}\">\u00a0<\/span><\/li>\n<li><span data-contrast=\"auto\">Comment\u00a0communiquer<\/span><span data-ccp-props=\"{&quot;335559739&quot;:0}\">\u00a0<\/span><\/li>\n<li><span data-contrast=\"auto\">Comment\u00a0l\u2019influencer<\/span><span data-ccp-props=\"{&quot;335559739&quot;:0}\">\u00a0<\/span><\/li>\n<li><span data-contrast=\"auto\">Ses\u00a0d\u00e9clencheurs\u00a0de stress<\/span><span data-ccp-props=\"{&quot;335559739&quot;:0}\">\u00a0<\/span><\/li>\n<li><span data-contrast=\"auto\">Pi\u00e8ges\u00a0\u00e0\u00a0\u00e9viter<\/span><span data-ccp-props=\"{&quot;335559739&quot;:0}\">\u00a0<\/span><\/li>\n<li><span data-contrast=\"auto\">La dynamique de votre propre style avec chaque\u00a0couleur<\/span><span data-ccp-props=\"{&quot;335559739&quot;:0}\">\u00a0<\/span><\/li>\n<\/ul>\n<p><span data-ccp-props=\"{&quot;335559685&quot;:720,&quot;335559739&quot;:0}\">\u00a0<\/span><\/p>\n<\/div>\n<\/div>","protected":false},"excerpt":{"rendered":"<p>Dans un monde o\u00f9 la collaboration est essentielle, conna\u00eetre les profils comportementaux de son \u00e9quipe est un atout strat\u00e9gique. Le mod\u00e8le DISC, bas\u00e9 sur quatre couleurs \u2013 Rouge, Jaune, Vert et Bleu \u2013 permet de mieux comprendre les styles de communication, les motivations et les besoins de chacun.\u00a0Cet accompagnement individualis\u00e9\u00a0vous donnera les cl\u00e9s pour adapter [&hellip;]<\/p>","protected":false},"featured_media":78040,"template":"","meta":{"_acf_changed":false,"content-type":"","site-sidebar-layout":"default","site-content-layout":"","ast-site-content-layout":"default","site-content-style":"default","site-sidebar-style":"default","ast-global-header-display":"","ast-banner-title-visibility":"","ast-main-header-display":"","ast-hfb-above-header-display":"","ast-hfb-below-header-display":"","ast-hfb-mobile-header-display":"","site-post-title":"","ast-breadcrumbs-content":"","ast-featured-img":"","footer-sml-layout":"","ast-disable-related-posts":"","theme-transparent-header-meta":"default","adv-header-id-meta":"","stick-header-meta":"","header-above-stick-meta":"","header-main-stick-meta":"","header-below-stick-meta":"","astra-migrate-meta-layouts":"set","ast-page-background-enabled":"default","ast-page-background-meta":{"desktop":{"background-color":"","background-image":"","background-repeat":"repeat","background-position":"center center","background-size":"auto","background-attachment":"scroll","background-type":"","background-media":"","overlay-type":"","overlay-color":"","overlay-opacity":"","overlay-gradient":""},"tablet":{"background-color":"","background-image":"","background-repeat":"repeat","background-position":"center center","background-size":"auto","background-attachment":"scroll","background-type":"","background-media":"","overlay-type":"","overlay-color":"","overlay-opacity":"","overlay-gradient":""},"mobile":{"background-color":"","background-image":"","background-repeat":"repeat","background-position":"center center","background-size":"auto","background-attachment":"scroll","background-type":"","background-media":"","overlay-type":"","overlay-color":"","overlay-opacity":"","overlay-gradient":""}},"ast-content-background-meta":{"desktop":{"background-color":"var(--ast-global-color-5)","background-image":"","background-repeat":"repeat","background-position":"center center","background-size":"auto","background-attachment":"scroll","background-type":"","background-media":"","overlay-type":"","overlay-color":"","overlay-opacity":"","overlay-gradient":""},"tablet":{"background-color":"var(--ast-global-color-5)","background-image":"","background-repeat":"repeat","background-position":"center center","background-size":"auto","background-attachment":"scroll","background-type":"","background-media":"","overlay-type":"","overlay-color":"","overlay-opacity":"","overlay-gradient":""},"mobile":{"background-color":"var(--ast-global-color-5)","background-image":"","background-repeat":"repeat","background-position":"center center","background-size":"auto","background-attachment":"scroll","background-type":"","background-media":"","overlay-type":"","overlay-color":"","overlay-opacity":"","overlay-gradient":""}}},"product_brand":[],"product_cat":[207],"product_tag":[348,228,347,349,350],"class_list":{"0":"post-78039","1":"product","2":"type-product","3":"status-publish","4":"has-post-thumbnail","6":"product_cat-nova","7":"product_tag-adaptation","8":"product_tag-coaching","9":"product_tag-disc","10":"product_tag-flexibilite","11":"product_tag-influence","12":"desktop-align-left","13":"tablet-align-left","14":"mobile-align-left","16":"first","17":"instock","18":"virtual","19":"taxable","20":"purchasable","21":"product-type-simple"},"acf":[],"_links":{"self":[{"href":"https:\/\/complx.ca\/en\/wp-json\/wp\/v2\/product\/78039","targetHints":{"allow":["GET"]}}],"collection":[{"href":"https:\/\/complx.ca\/en\/wp-json\/wp\/v2\/product"}],"about":[{"href":"https:\/\/complx.ca\/en\/wp-json\/wp\/v2\/types\/product"}],"version-history":[{"count":1,"href":"https:\/\/complx.ca\/en\/wp-json\/wp\/v2\/product\/78039\/revisions"}],"predecessor-version":[{"id":78041,"href":"https:\/\/complx.ca\/en\/wp-json\/wp\/v2\/product\/78039\/revisions\/78041"}],"wp:featuredmedia":[{"embeddable":true,"href":"https:\/\/complx.ca\/en\/wp-json\/wp\/v2\/media\/78040"}],"wp:attachment":[{"href":"https:\/\/complx.ca\/en\/wp-json\/wp\/v2\/media?parent=78039"}],"wp:term":[{"taxonomy":"product_brand","embeddable":true,"href":"https:\/\/complx.ca\/en\/wp-json\/wp\/v2\/product_brand?post=78039"},{"taxonomy":"product_cat","embeddable":true,"href":"https:\/\/complx.ca\/en\/wp-json\/wp\/v2\/product_cat?post=78039"},{"taxonomy":"product_tag","embeddable":true,"href":"https:\/\/complx.ca\/en\/wp-json\/wp\/v2\/product_tag?post=78039"}],"curies":[{"name":"wp","href":"https:\/\/api.w.org\/{rel}","templated":true}]}}