{"id":78641,"date":"2026-01-22T09:58:30","date_gmt":"2026-01-22T14:58:30","guid":{"rendered":"https:\/\/complx.ca\/?post_type=product&#038;p=78641"},"modified":"2026-01-22T13:33:58","modified_gmt":"2026-01-22T18:33:58","slug":"abonnement-annuel-complexe-x-academie","status":"publish","type":"product","link":"https:\/\/complx.ca\/en\/boutique\/abonnement-annuel-complexe-x-academie\/","title":{"rendered":"Abonnement annuel &#8211; Complexe X Acad\u00e9mie"},"content":{"rendered":"<p><strong style=\"font-size: 16px;\">Votre plateforme de formation 100 % en ligne pour d\u00e9velopper les comp\u00e9tences de votre organisation<\/strong><\/p>\n<div>\n<p>L\u2019abonnement annuel \u00e0 <strong>Complex X Academy<\/strong> vous donne un acc\u00e8s complet, flexible et illimit\u00e9 \u00e0 un vaste catalogue de formations professionnelles con\u00e7ues pour soutenir la croissance, la conformit\u00e9 et le d\u00e9veloppement humain au sein de votre entreprise. Accessible sur <strong>toutes les plateformes<\/strong>, notre acad\u00e9mie propose un environnement d\u2019apprentissage moderne, interactif et totalement autonome, o\u00f9 vos employ\u00e9\u00b7e\u00b7s peuvent se former \u00e0 leur rythme, o\u00f9 qu\u2019ils soient.<\/p>\n<p><strong style=\"font-size: 1.7em;\">Ce que comprend votre abonnement annuel<\/strong><\/p>\n<div>\n<p>Pour <strong>695 $ par ann\u00e9e<\/strong> (taxes en sus), vous b\u00e9n\u00e9ficiez de\u202f:<\/p>\n<h3>\u2714\ufe0f <strong>Acc\u00e8s complet \u00e0 toutes les formations<\/strong><\/h3>\n<ul>\n<li>Masterclass gratuites et disponibles d\u00e8s l\u2019inscription<\/li>\n<li>Programme complet en comp\u00e9tences de gestion<\/li>\n<li>Formations en sant\u00e9 et bien-\u00eatre \u2013 incluant les exigences de la Loi 27<\/li>\n<li>D\u00e9veloppement personnel \u2013 Collection Phoenix<\/li>\n<\/ul>\n<p>Contenu structur\u00e9 pour r\u00e9pondre aux normes des lois 1 % et 27 en formation continue<\/p>\n<p>Nouvelles formations chaque mois<\/p>\n<p><strong style=\"font-size: 1.7em;\">Une plateforme 100 % accessible<\/strong><\/p>\n<div>\n<ul>\n<li>Disponible sur toutes les plateformes, incluant mobile, tablette et ordinateur<\/li>\n<li>Interface simple, moderne et intuitive<\/li>\n<li>Inscription rapide et paiements s\u00e9curis\u00e9s par carte de cr\u00e9dit<\/li>\n<\/ul>\n<\/div>\n<\/div>\n<\/div>","protected":false},"excerpt":{"rendered":"<p>Chaque formation inclut une <strong>attestation personnalis\u00e9e<\/strong>, id\u00e9ale pour le suivi des heures et le partage sur LinkedIn.<\/p>\n<p><strong style=\"font-size: 1.7em;\">Dur\u00e9e de l&#8217;acc\u00e8s<\/strong><\/p>\n<div>\n<p>Votre abonnement donne acc\u00e8s \u00e0 <strong>tout le contenu pendant 12 mois<\/strong>, \u00e0 partir de la date de souscription.<\/p>\n<p><strong style=\"font-size: 1.7em;\">Forfait volume disponible<\/strong><\/p>\n<p>Contactez-nous pour prendre rendez-vous et obtenir un code promotionnel selon le nombre d&#8217;employ\u00e9(e)s \u00e0 inscrire.<\/p>\n<p><a href=\"https:\/\/complx.ca\/wp-content\/uploads\/2026\/01\/C-Presentation-boutique-en-ligne-Complexe-X.pdf\">https:\/\/complx.ca\/wp-content\/uploads\/2026\/01\/C-Presentation-boutique-en-ligne-Complexe-X.pdf<\/a><\/p>\n<\/div>","protected":false},"featured_media":78651,"template":"","meta":{"_acf_changed":false,"content-type":"","site-sidebar-layout":"default","site-content-layout":"","ast-site-content-layout":"default","site-content-style":"default","site-sidebar-style":"default","ast-global-header-display":"","ast-banner-title-visibility":"","ast-main-header-display":"","ast-hfb-above-header-display":"","ast-hfb-below-header-display":"","ast-hfb-mobile-header-display":"","site-post-title":"","ast-breadcrumbs-content":"","ast-featured-img":"","footer-sml-layout":"","ast-disable-related-posts":"","theme-transparent-header-meta":"default","adv-header-id-meta":"","stick-header-meta":"","header-above-stick-meta":"","header-main-stick-meta":"","header-below-stick-meta":"","astra-migrate-meta-layouts":"set","ast-page-background-enabled":"default","ast-page-background-meta":{"desktop":{"background-color":"","background-image":"","background-repeat":"repeat","background-position":"center center","background-size":"auto","background-attachment":"scroll","background-type":"","background-media":"","overlay-type":"","overlay-color":"","overlay-opacity":"","overlay-gradient":""},"tablet":{"background-color":"","background-image":"","background-repeat":"repeat","background-position":"center center","background-size":"auto","background-attachment":"scroll","background-type":"","background-media":"","overlay-type":"","overlay-color":"","overlay-opacity":"","overlay-gradient":""},"mobile":{"background-color":"","background-image":"","background-repeat":"repeat","background-position":"center center","background-size":"auto","background-attachment":"scroll","background-type":"","background-media":"","overlay-type":"","overlay-color":"","overlay-opacity":"","overlay-gradient":""}},"ast-content-background-meta":{"desktop":{"background-color":"var(--ast-global-color-5)","background-image":"","background-repeat":"repeat","background-position":"center center","background-size":"auto","background-attachment":"scroll","background-type":"","background-media":"","overlay-type":"","overlay-color":"","overlay-opacity":"","overlay-gradient":""},"tablet":{"background-color":"var(--ast-global-color-5)","background-image":"","background-repeat":"repeat","background-position":"center center","background-size":"auto","background-attachment":"scroll","background-type":"","background-media":"","overlay-type":"","overlay-color":"","overlay-opacity":"","overlay-gradient":""},"mobile":{"background-color":"var(--ast-global-color-5)","background-image":"","background-repeat":"repeat","background-position":"center center","background-size":"auto","background-attachment":"scroll","background-type":"","background-media":"","overlay-type":"","overlay-color":"","overlay-opacity":"","overlay-gradient":""}}},"product_brand":[],"product_cat":[192],"product_tag":[359,72,358],"class_list":{"0":"post-78641","1":"product","2":"type-product","3":"status-publish","4":"has-post-thumbnail","6":"product_cat-leadership","7":"product_tag-abonnement","8":"product_tag-formation","9":"product_tag-formation-en-ligne","10":"desktop-align-left","11":"tablet-align-left","12":"mobile-align-left","14":"first","15":"instock","16":"virtual","17":"taxable","18":"purchasable","19":"product-type-simple"},"acf":[],"_links":{"self":[{"href":"https:\/\/complx.ca\/en\/wp-json\/wp\/v2\/product\/78641","targetHints":{"allow":["GET"]}}],"collection":[{"href":"https:\/\/complx.ca\/en\/wp-json\/wp\/v2\/product"}],"about":[{"href":"https:\/\/complx.ca\/en\/wp-json\/wp\/v2\/types\/product"}],"version-history":[{"count":3,"href":"https:\/\/complx.ca\/en\/wp-json\/wp\/v2\/product\/78641\/revisions"}],"predecessor-version":[{"id":78643,"href":"https:\/\/complx.ca\/en\/wp-json\/wp\/v2\/product\/78641\/revisions\/78643"}],"wp:featuredmedia":[{"embeddable":true,"href":"https:\/\/complx.ca\/en\/wp-json\/wp\/v2\/media\/78651"}],"wp:attachment":[{"href":"https:\/\/complx.ca\/en\/wp-json\/wp\/v2\/media?parent=78641"}],"wp:term":[{"taxonomy":"product_brand","embeddable":true,"href":"https:\/\/complx.ca\/en\/wp-json\/wp\/v2\/product_brand?post=78641"},{"taxonomy":"product_cat","embeddable":true,"href":"https:\/\/complx.ca\/en\/wp-json\/wp\/v2\/product_cat?post=78641"},{"taxonomy":"product_tag","embeddable":true,"href":"https:\/\/complx.ca\/en\/wp-json\/wp\/v2\/product_tag?post=78641"}],"curies":[{"name":"wp","href":"https:\/\/api.w.org\/{rel}","templated":true}]}}