{"id":79085,"date":"2026-02-12T14:47:39","date_gmt":"2026-02-12T19:47:39","guid":{"rendered":"https:\/\/complx.ca\/?post_type=product&#038;p=79085"},"modified":"2026-02-25T15:56:36","modified_gmt":"2026-02-25T20:56:36","slug":"mcg26-masterclass-loi-27-et-leadership-preventif","status":"publish","type":"product","link":"https:\/\/complx.ca\/en\/boutique\/mcg26-masterclass-loi-27-et-leadership-preventif\/","title":{"rendered":"MCG26 &#8211; Masterclass loi 27 et leadership pr\u00e9ventif"},"content":{"rendered":"<p>Cette masterclass de 2 heures vise \u00e0 renforcer la compr\u00e9hension des risques psychosociaux (RPS) au travail et \u00e0 d\u00e9velopper un leadership pr\u00e9ventif, conform\u00e9ment \u00e0 la Loi 27 et aux exigences de la CNESST.<\/p>\n<p><strong>Pr\u00e9sentation des 10 dimensions des RPS :<\/strong><br \/>\n1. Charge de travail &amp; intensit\u00e9<br \/>\n2. Autonomie &amp; contr\u00f4le<br \/>\n3. Soutien social (pairs\/sup\u00e9rieur)<br \/>\n4. Reconnaissance &amp; justice organisationnelle<br \/>\n5. Clart\u00e9 de r\u00f4le &amp; communication<br \/>\n6. Changements &amp; pr\u00e9visibilit\u00e9<br \/>\n7. Exigences \u00e9motionnelles &amp; incivilit\u00e9s<br \/>\n8. Violence &amp; harc\u00e8lement<br \/>\n9. \u00c9quilibre vie-travail &amp; d\u00e9connexion<br \/>\n10. Participation SST &amp; gouvernance<\/p>\n<h3><strong>Leadership et pratiques de gestion<\/strong><\/h3>\n<p><strong>Impact du leadership sur la sant\u00e9 psychologique :<\/strong><br \/>\n\u2022 Les piliers de l\u2019intelligence \u00e9motionnelle appliqu\u00e9s \u00e0 la gestion.<br \/>\n\u2022 Strat\u00e9gies de communication claire et reconnaissance.<br \/>\n\u2022 Pr\u00e9vention des incivilit\u00e9s et harc\u00e8lement par des pratiques manag\u00e9riales adapt\u00e9es.<\/p>","protected":false},"excerpt":{"rendered":"<p>Cette masterclass de 2 heures vise \u00e0 renforcer la compr\u00e9hension des risques psychosociaux (RPS) au travail et \u00e0 d\u00e9velopper un leadership pr\u00e9ventif, conform\u00e9ment \u00e0 la Loi 27 et aux exigences de la CNESST. Pr\u00e9sentation des 10 dimensions des RPS : 1. Charge de travail &amp; intensit\u00e9 2. Autonomie &amp; contr\u00f4le 3. Soutien social (pairs\/sup\u00e9rieur) 4. [&hellip;]<\/p>","protected":false},"featured_media":79088,"template":"","meta":{"_acf_changed":false,"content-type":"","site-sidebar-layout":"default","site-content-layout":"","ast-site-content-layout":"default","site-content-style":"default","site-sidebar-style":"default","ast-global-header-display":"","ast-banner-title-visibility":"","ast-main-header-display":"","ast-hfb-above-header-display":"","ast-hfb-below-header-display":"","ast-hfb-mobile-header-display":"","site-post-title":"","ast-breadcrumbs-content":"","ast-featured-img":"","footer-sml-layout":"","ast-disable-related-posts":"","theme-transparent-header-meta":"default","adv-header-id-meta":"","stick-header-meta":"","header-above-stick-meta":"","header-main-stick-meta":"","header-below-stick-meta":"","astra-migrate-meta-layouts":"set","ast-page-background-enabled":"default","ast-page-background-meta":{"desktop":{"background-color":"","background-image":"","background-repeat":"repeat","background-position":"center center","background-size":"auto","background-attachment":"scroll","background-type":"","background-media":"","overlay-type":"","overlay-color":"","overlay-opacity":"","overlay-gradient":""},"tablet":{"background-color":"","background-image":"","background-repeat":"repeat","background-position":"center center","background-size":"auto","background-attachment":"scroll","background-type":"","background-media":"","overlay-type":"","overlay-color":"","overlay-opacity":"","overlay-gradient":""},"mobile":{"background-color":"","background-image":"","background-repeat":"repeat","background-position":"center center","background-size":"auto","background-attachment":"scroll","background-type":"","background-media":"","overlay-type":"","overlay-color":"","overlay-opacity":"","overlay-gradient":""}},"ast-content-background-meta":{"desktop":{"background-color":"var(--ast-global-color-5)","background-image":"","background-repeat":"repeat","background-position":"center center","background-size":"auto","background-attachment":"scroll","background-type":"","background-media":"","overlay-type":"","overlay-color":"","overlay-opacity":"","overlay-gradient":""},"tablet":{"background-color":"var(--ast-global-color-5)","background-image":"","background-repeat":"repeat","background-position":"center center","background-size":"auto","background-attachment":"scroll","background-type":"","background-media":"","overlay-type":"","overlay-color":"","overlay-opacity":"","overlay-gradient":""},"mobile":{"background-color":"var(--ast-global-color-5)","background-image":"","background-repeat":"repeat","background-position":"center center","background-size":"auto","background-attachment":"scroll","background-type":"","background-media":"","overlay-type":"","overlay-color":"","overlay-opacity":"","overlay-gradient":""}}},"product_brand":[],"product_cat":[208],"product_tag":[],"class_list":{"0":"post-79085","1":"product","2":"type-product","3":"status-publish","4":"has-post-thumbnail","6":"product_cat-masterclass","7":"desktop-align-left","8":"tablet-align-left","9":"mobile-align-left","11":"first","12":"instock","13":"taxable","14":"shipping-taxable","15":"purchasable","16":"product-type-simple"},"acf":[],"_links":{"self":[{"href":"https:\/\/complx.ca\/en\/wp-json\/wp\/v2\/product\/79085","targetHints":{"allow":["GET"]}}],"collection":[{"href":"https:\/\/complx.ca\/en\/wp-json\/wp\/v2\/product"}],"about":[{"href":"https:\/\/complx.ca\/en\/wp-json\/wp\/v2\/types\/product"}],"version-history":[{"count":3,"href":"https:\/\/complx.ca\/en\/wp-json\/wp\/v2\/product\/79085\/revisions"}],"predecessor-version":[{"id":79089,"href":"https:\/\/complx.ca\/en\/wp-json\/wp\/v2\/product\/79085\/revisions\/79089"}],"wp:featuredmedia":[{"embeddable":true,"href":"https:\/\/complx.ca\/en\/wp-json\/wp\/v2\/media\/79088"}],"wp:attachment":[{"href":"https:\/\/complx.ca\/en\/wp-json\/wp\/v2\/media?parent=79085"}],"wp:term":[{"taxonomy":"product_brand","embeddable":true,"href":"https:\/\/complx.ca\/en\/wp-json\/wp\/v2\/product_brand?post=79085"},{"taxonomy":"product_cat","embeddable":true,"href":"https:\/\/complx.ca\/en\/wp-json\/wp\/v2\/product_cat?post=79085"},{"taxonomy":"product_tag","embeddable":true,"href":"https:\/\/complx.ca\/en\/wp-json\/wp\/v2\/product_tag?post=79085"}],"curies":[{"name":"wp","href":"https:\/\/api.w.org\/{rel}","templated":true}]}}