{"id":80482,"date":"2026-04-30T14:29:40","date_gmt":"2026-04-30T18:29:40","guid":{"rendered":"https:\/\/complx.ca\/?post_type=product&#038;p=80482"},"modified":"2026-05-06T01:33:08","modified_gmt":"2026-05-06T05:33:08","slug":"coa26-accompagnement-momentum","status":"publish","type":"product","link":"https:\/\/complx.ca\/en\/boutique\/coa26-accompagnement-momentum\/","title":{"rendered":"COA26 &#8211; Accompagnement momentum"},"content":{"rendered":"<div id=\"e671b7d8-ef61-47d3-8a39-25631300d6f1\" class=\"\">\n<div class=\"___10eluol f22iagw f1vx9l62 flvyvdh f14z66ap f11ysow2 f1ewtqcl f4sjk8j f1d54kgm fk6fouc fkhj508 figsok6 f1i3iumi f19n0e5 fvhlfan f1n9xt1v f15orfay fqvmpri f11tbgq f1p0247a f9sufv2 f1dr1xf1 f1vyg3t2 fns3mgy f2h6sj1 f13alwr3 f19c6guv frkklwf f5zfpvi f8owa2 fe11041 fds34uz f1aye3w6 f17s497r fmjcstx f1ac2nhu f1flgfly fup14nn f1o8hy8 f1ehsc59 f1vprcok f1cb6ucz f11iioar f1xr0rxl f1jmjqmt f5omhkn fhjrts3\">\n<p><strong>MOMENTUM<\/strong> est une rencontre strat\u00e9gique de 90 minutes con\u00e7ue pour les leaders qui veulent <strong>passer d\u2019une intention \u00e0 une action claire et efficace<\/strong>, rapidement.<\/p>\n<p>Cet accompagnement combine <strong>psychom\u00e9trie NOVA D\u00e9couverte<\/strong>, <strong>neurosciences appliqu\u00e9es \u00e0 la performance<\/strong> et <strong>coaching d\u2019action<\/strong> afin de cr\u00e9er un v\u00e9ritable point de bascule\u202f:<br \/>\n&#8211; un objectif clair, un plan d\u2019action r\u00e9aliste et une mobilisation align\u00e9e avec le fonctionnement naturel du cerveau.<\/p>\n<p>Ce n\u2019est pas une rencontre introspective. C\u2019est un <strong>d\u00e9clencheur de mouvement<\/strong>.<\/p>\n<p><strong>\u00c0 qui s\u2019adresse MOMENTUM?<\/strong><\/p>\n<ul>\n<li>Toutes les femmes qui d\u00e9sirent atteindre un objectif.<\/li>\n<li>Leaders qui se sentent :\n<ul>\n<li>dispers\u00e9es ou surcharg\u00e9es<\/li>\n<li>frein\u00e9es malgr\u00e9 de bonnes intentions<\/li>\n<li>\u00e0 un carrefour strat\u00e9gique<\/li>\n<\/ul>\n<\/li>\n<li>Personnes qui veulent <strong>avancer concr\u00e8tement<\/strong>, sans tourner en rond<\/li>\n<\/ul>\n<p><strong>Objectifs de la rencontre<\/strong><\/p>\n<p>\u00c0 l\u2019issue de l\u2019accompagnement MOMENTUM, la cliente repart avec\u202f:<\/p>\n<ul>\n<li>Un objectif prioritaire clair, mobilisateur et atteignable<\/li>\n<li>Une compr\u00e9hension concr\u00e8te de son mode naturel de performance (profil NOVA)<\/li>\n<li>L\u2019identification de ses zones de vigilance qui risquent de freiner ou saboter l\u2019\u00e9lan<\/li>\n<li>Un plan d\u2019action personnalis\u00e9, align\u00e9 sur :\n<ul>\n<li>Son profil psychom\u00e9trique<\/li>\n<li>Les 4 piliers d\u2019un cerveau performant<\/li>\n<li>Son contexte r\u00e9el (temps, \u00e9nergie, enjeux)<\/li>\n<\/ul>\n<\/li>\n<\/ul>\n<p><strong>Contenu de la rencontre (90 minutes)<\/strong><\/p>\n<p><strong>Lecture strat\u00e9gique du profil NOVA<\/strong><\/p>\n<ul>\n<li>D\u00e9codage du mode de fonctionnement naturel<\/li>\n<li>Leviers de performance sp\u00e9cifiques<\/li>\n<li>Angles morts et risques de sabotage dans l\u2019atteinte d\u2019objectifs<\/li>\n<\/ul>\n<p><strong>Les 4 piliers d\u2019un cerveau performant<\/strong><\/p>\n<p>(application concr\u00e8te, non th\u00e9orique)<\/p>\n<ul>\n<li>Clart\u00e9 cognitive<\/li>\n<li>Gestion de l\u2019\u00e9nergie<\/li>\n<li>R\u00e9gulation du stress<\/li>\n<li>Focalisation et prise de d\u00e9cision<\/li>\n<\/ul>\n<p>Application directe \u00e0 la situation de chaque personne.<\/p>\n<p><strong>D\u00e9finition de l\u2019objectif cl\u00e9<\/strong><\/p>\n<ul>\n<li>Objectif unique, prioritaire, mesurable<\/li>\n<li>Align\u00e9 avec les capacit\u00e9s cognitives et motivationnelles r\u00e9elles<\/li>\n<li>Ancr\u00e9 dans le contexte professionnel<\/li>\n<\/ul>\n<p><strong>Construction du plan d\u2019action personnalis\u00e9<\/strong><\/p>\n<ul>\n<li>Actions concr\u00e8tes post\u2011rencontre<\/li>\n<li>Strat\u00e9gies adapt\u00e9es au profil<\/li>\n<li>Points de vigilance \u00e0 surveiller<\/li>\n<li>Indicateurs clairs de progression<\/li>\n<\/ul>\n<p><strong>Livrables inclus<\/strong><\/p>\n<ul>\n<li>D\u00e9brief NOVA orient\u00e9 performance<\/li>\n<li>Diagnostic des zones de vigilance<\/li>\n<li>Objectif strat\u00e9gique formalis\u00e9<\/li>\n<li>Plan d\u2019action personnalis\u00e9 post\u2011rencontre<\/li>\n<li>Outil de clart\u00e9 imm\u00e9diatement applicable<\/li>\n<\/ul>\n<p><em>(Le plan d\u2019action est structur\u00e9 pour \u00eatre utilis\u00e9 d\u00e8s la semaine suivante.)<\/em><\/p>\n<p><strong>R\u00e9sultats attendus<\/strong><\/p>\n<ul>\n<li>Plus de clart\u00e9, moins de dispersion<\/li>\n<li>Un regain d\u2019\u00e9nergie et de motivation<\/li>\n<li>Des d\u00e9cisions align\u00e9es, plus faciles \u00e0 maintenir<\/li>\n<li>Un premier pas concret vers un changement durable<\/li>\n<\/ul>\n<\/div>\n<\/div>","protected":false},"excerpt":{"rendered":"<p>MOMENTUM est une rencontre strat\u00e9gique de 90 minutes con\u00e7ue pour les leaders qui veulent passer d\u2019une intention \u00e0 une action claire et efficace, rapidement. Cet accompagnement combine psychom\u00e9trie NOVA D\u00e9couverte, neurosciences appliqu\u00e9es \u00e0 la performance et coaching d\u2019action afin de cr\u00e9er un v\u00e9ritable point de bascule\u202f: &#8211; un objectif clair, un plan d\u2019action r\u00e9aliste et [&hellip;]<\/p>","protected":false},"featured_media":80490,"template":"","meta":{"_acf_changed":false,"content-type":"","site-sidebar-layout":"default","site-content-layout":"","ast-site-content-layout":"default","site-content-style":"default","site-sidebar-style":"default","ast-global-header-display":"","ast-banner-title-visibility":"","ast-main-header-display":"","ast-hfb-above-header-display":"","ast-hfb-below-header-display":"","ast-hfb-mobile-header-display":"","site-post-title":"","ast-breadcrumbs-content":"","ast-featured-img":"","footer-sml-layout":"","ast-disable-related-posts":"","theme-transparent-header-meta":"default","adv-header-id-meta":"","stick-header-meta":"","header-above-stick-meta":"","header-main-stick-meta":"","header-below-stick-meta":"","astra-migrate-meta-layouts":"set","ast-page-background-enabled":"default","ast-page-background-meta":{"desktop":{"background-color":"","background-image":"","background-repeat":"repeat","background-position":"center center","background-size":"auto","background-attachment":"scroll","background-type":"","background-media":"","overlay-type":"","overlay-color":"","overlay-opacity":"","overlay-gradient":""},"tablet":{"background-color":"","background-image":"","background-repeat":"repeat","background-position":"center center","background-size":"auto","background-attachment":"scroll","background-type":"","background-media":"","overlay-type":"","overlay-color":"","overlay-opacity":"","overlay-gradient":""},"mobile":{"background-color":"","background-image":"","background-repeat":"repeat","background-position":"center center","background-size":"auto","background-attachment":"scroll","background-type":"","background-media":"","overlay-type":"","overlay-color":"","overlay-opacity":"","overlay-gradient":""}},"ast-content-background-meta":{"desktop":{"background-color":"var(--ast-global-color-5)","background-image":"","background-repeat":"repeat","background-position":"center center","background-size":"auto","background-attachment":"scroll","background-type":"","background-media":"","overlay-type":"","overlay-color":"","overlay-opacity":"","overlay-gradient":""},"tablet":{"background-color":"var(--ast-global-color-5)","background-image":"","background-repeat":"repeat","background-position":"center center","background-size":"auto","background-attachment":"scroll","background-type":"","background-media":"","overlay-type":"","overlay-color":"","overlay-opacity":"","overlay-gradient":""},"mobile":{"background-color":"var(--ast-global-color-5)","background-image":"","background-repeat":"repeat","background-position":"center center","background-size":"auto","background-attachment":"scroll","background-type":"","background-media":"","overlay-type":"","overlay-color":"","overlay-opacity":"","overlay-gradient":""}}},"product_brand":[],"product_cat":[207],"product_tag":[348,228,347,349,350],"class_list":{"0":"post-80482","1":"product","2":"type-product","3":"status-publish","4":"has-post-thumbnail","6":"product_cat-nova","7":"product_tag-adaptation","8":"product_tag-coaching","9":"product_tag-disc","10":"product_tag-flexibilite","11":"product_tag-influence","12":"desktop-align-left","13":"tablet-align-left","14":"mobile-align-left","16":"first","17":"instock","18":"sale","19":"virtual","20":"taxable","21":"purchasable","22":"product-type-simple"},"acf":[],"_links":{"self":[{"href":"https:\/\/complx.ca\/en\/wp-json\/wp\/v2\/product\/80482","targetHints":{"allow":["GET"]}}],"collection":[{"href":"https:\/\/complx.ca\/en\/wp-json\/wp\/v2\/product"}],"about":[{"href":"https:\/\/complx.ca\/en\/wp-json\/wp\/v2\/types\/product"}],"version-history":[{"count":2,"href":"https:\/\/complx.ca\/en\/wp-json\/wp\/v2\/product\/80482\/revisions"}],"predecessor-version":[{"id":80484,"href":"https:\/\/complx.ca\/en\/wp-json\/wp\/v2\/product\/80482\/revisions\/80484"}],"wp:featuredmedia":[{"embeddable":true,"href":"https:\/\/complx.ca\/en\/wp-json\/wp\/v2\/media\/80490"}],"wp:attachment":[{"href":"https:\/\/complx.ca\/en\/wp-json\/wp\/v2\/media?parent=80482"}],"wp:term":[{"taxonomy":"product_brand","embeddable":true,"href":"https:\/\/complx.ca\/en\/wp-json\/wp\/v2\/product_brand?post=80482"},{"taxonomy":"product_cat","embeddable":true,"href":"https:\/\/complx.ca\/en\/wp-json\/wp\/v2\/product_cat?post=80482"},{"taxonomy":"product_tag","embeddable":true,"href":"https:\/\/complx.ca\/en\/wp-json\/wp\/v2\/product_tag?post=80482"}],"curies":[{"name":"wp","href":"https:\/\/api.w.org\/{rel}","templated":true}]}}