{"id":80651,"date":"2026-05-05T12:54:54","date_gmt":"2026-05-05T16:54:54","guid":{"rendered":"https:\/\/complx.ca\/?post_type=product&#038;p=80651"},"modified":"2026-05-05T13:44:28","modified_gmt":"2026-05-05T17:44:28","slug":"tcf26-document-de-preparation-expression-ecrite","status":"publish","type":"product","link":"https:\/\/complx.ca\/en\/boutique\/tcf26-document-de-preparation-expression-ecrite\/","title":{"rendered":"TCF26- Document de pr\u00e9paration expression \u00e9crite"},"content":{"rendered":"<p>R\u00e9ussir l\u2019expression \u00e9crite du TCF Canada,<\/p>\n<div>\n<p><strong>\u00c7a s\u2019apprend. \u00c7a se structure.<\/strong><\/p>\n<p>L\u2019\u00e9preuve d\u2019expression \u00e9crite du\u00a0<strong>TCF Canada<\/strong>\u00a0ne s\u2019improvise pas.<br \/>\nEn\u00a0<strong>60 minutes<\/strong>, vous devez d\u00e9montrer que vous savez\u00a0<strong>communiquer clairement<\/strong>,\u00a0<strong>respecter une consigne pr\u00e9cise<\/strong>\u00a0et\u00a0<strong>structurer vos id\u00e9es sans erreurs majeures<\/strong>.<\/p>\n<p>Bonne nouvelle :\u00a0<strong>\u00e7a se pr\u00e9pare<\/strong>.<\/p>\n<p>Ce guide de pr\u00e9paration \u00e0 l\u2019expression \u00e9crite a \u00e9t\u00e9 con\u00e7u\u00a0<strong>sp\u00e9cifiquement pour le format du TCF<\/strong>, avec une approche\u00a0<strong>simple, claire et efficace.<\/strong><\/p>\n<p><strong>\u00a0<\/strong>Contenu du guide \u2013 Pr\u00e9paration \u00e0 l\u2019expression \u00e9crite<\/p>\n<div>\n<ul>\n<li>Pr\u00e9sentation compl\u00e8te de l\u2019\u00e9preuve d\u2019expression \u00e9crite du TCF;<\/li>\n<li>Explication d\u00e9taill\u00e9e des\u00a0<strong>3 t\u00e2ches;<\/strong><\/li>\n<li>Structures attendues pour chaque type de texte;<\/li>\n<li>Exemples corrig\u00e9s et\u00a0<strong>d\u00e9compos\u00e9s \u00e9tape par \u00e9tape;<\/strong><\/li>\n<li>\u00a0Vocabulaire utile et connecteurs logiques;<\/li>\n<li>Conseils pratiques pour g\u00e9rer le temps et \u00e9viter les p\u00e9nalit\u00e9s;<\/li>\n<li>Strat\u00e9gies pour rester clair(e), coh\u00e9rent(e) et pertinent(e).<\/li>\n<\/ul>\n<\/div>\n<\/div>","protected":false},"excerpt":{"rendered":"<p>R\u00e9ussir l\u2019expression \u00e9crite du TCF Canada, \u00c7a s\u2019apprend. \u00c7a se structure. L\u2019\u00e9preuve d\u2019expression \u00e9crite du\u00a0TCF Canada\u00a0ne s\u2019improvise pas. En\u00a060 minutes, vous devez d\u00e9montrer que vous savez\u00a0communiquer clairement,\u00a0respecter une consigne pr\u00e9cise\u00a0et\u00a0structurer vos id\u00e9es sans erreurs majeures. Bonne nouvelle :\u00a0\u00e7a se pr\u00e9pare. Ce guide de pr\u00e9paration \u00e0 l\u2019expression \u00e9crite a \u00e9t\u00e9 con\u00e7u\u00a0sp\u00e9cifiquement pour le format du TCF, [&hellip;]<\/p>","protected":false},"featured_media":80660,"template":"","meta":{"_acf_changed":false,"content-type":"","site-sidebar-layout":"default","site-content-layout":"","ast-site-content-layout":"default","site-content-style":"default","site-sidebar-style":"default","ast-global-header-display":"","ast-banner-title-visibility":"","ast-main-header-display":"","ast-hfb-above-header-display":"","ast-hfb-below-header-display":"","ast-hfb-mobile-header-display":"","site-post-title":"","ast-breadcrumbs-content":"","ast-featured-img":"","footer-sml-layout":"","ast-disable-related-posts":"","theme-transparent-header-meta":"default","adv-header-id-meta":"","stick-header-meta":"","header-above-stick-meta":"","header-main-stick-meta":"","header-below-stick-meta":"","astra-migrate-meta-layouts":"set","ast-page-background-enabled":"default","ast-page-background-meta":{"desktop":{"background-color":"","background-image":"","background-repeat":"repeat","background-position":"center center","background-size":"auto","background-attachment":"scroll","background-type":"","background-media":"","overlay-type":"","overlay-color":"","overlay-opacity":"","overlay-gradient":""},"tablet":{"background-color":"","background-image":"","background-repeat":"repeat","background-position":"center center","background-size":"auto","background-attachment":"scroll","background-type":"","background-media":"","overlay-type":"","overlay-color":"","overlay-opacity":"","overlay-gradient":""},"mobile":{"background-color":"","background-image":"","background-repeat":"repeat","background-position":"center center","background-size":"auto","background-attachment":"scroll","background-type":"","background-media":"","overlay-type":"","overlay-color":"","overlay-opacity":"","overlay-gradient":""}},"ast-content-background-meta":{"desktop":{"background-color":"var(--ast-global-color-5)","background-image":"","background-repeat":"repeat","background-position":"center center","background-size":"auto","background-attachment":"scroll","background-type":"","background-media":"","overlay-type":"","overlay-color":"","overlay-opacity":"","overlay-gradient":""},"tablet":{"background-color":"var(--ast-global-color-5)","background-image":"","background-repeat":"repeat","background-position":"center center","background-size":"auto","background-attachment":"scroll","background-type":"","background-media":"","overlay-type":"","overlay-color":"","overlay-opacity":"","overlay-gradient":""},"mobile":{"background-color":"var(--ast-global-color-5)","background-image":"","background-repeat":"repeat","background-position":"center center","background-size":"auto","background-attachment":"scroll","background-type":"","background-media":"","overlay-type":"","overlay-color":"","overlay-opacity":"","overlay-gradient":""}}},"product_brand":[],"product_cat":[237],"product_tag":[272],"class_list":{"0":"post-80651","1":"product","2":"type-product","3":"status-publish","4":"has-post-thumbnail","6":"product_cat-tcf","7":"product_tag-tcf","8":"desktop-align-left","9":"tablet-align-left","10":"mobile-align-left","12":"first","13":"instock","14":"taxable","15":"shipping-taxable","16":"purchasable","17":"product-type-simple"},"acf":[],"_links":{"self":[{"href":"https:\/\/complx.ca\/en\/wp-json\/wp\/v2\/product\/80651","targetHints":{"allow":["GET"]}}],"collection":[{"href":"https:\/\/complx.ca\/en\/wp-json\/wp\/v2\/product"}],"about":[{"href":"https:\/\/complx.ca\/en\/wp-json\/wp\/v2\/types\/product"}],"version-history":[{"count":3,"href":"https:\/\/complx.ca\/en\/wp-json\/wp\/v2\/product\/80651\/revisions"}],"predecessor-version":[{"id":80654,"href":"https:\/\/complx.ca\/en\/wp-json\/wp\/v2\/product\/80651\/revisions\/80654"}],"wp:featuredmedia":[{"embeddable":true,"href":"https:\/\/complx.ca\/en\/wp-json\/wp\/v2\/media\/80660"}],"wp:attachment":[{"href":"https:\/\/complx.ca\/en\/wp-json\/wp\/v2\/media?parent=80651"}],"wp:term":[{"taxonomy":"product_brand","embeddable":true,"href":"https:\/\/complx.ca\/en\/wp-json\/wp\/v2\/product_brand?post=80651"},{"taxonomy":"product_cat","embeddable":true,"href":"https:\/\/complx.ca\/en\/wp-json\/wp\/v2\/product_cat?post=80651"},{"taxonomy":"product_tag","embeddable":true,"href":"https:\/\/complx.ca\/en\/wp-json\/wp\/v2\/product_tag?post=80651"}],"curies":[{"name":"wp","href":"https:\/\/api.w.org\/{rel}","templated":true}]}}